{"id":39260,"date":"2026-04-19T02:23:03","date_gmt":"2026-04-19T02:23:03","guid":{"rendered":"https:\/\/singuli.wpress.me\/index.php\/proizvod\/wellaflex-sensitive-jacina-3-5-pjena-za-kosu-250-ml\/"},"modified":"2026-04-20T12:33:27","modified_gmt":"2026-04-20T12:33:27","slug":"wellaflex-sensitive-jacina-3-5-pjena-za-kosu-250-ml","status":"publish","type":"product","link":"https:\/\/singuli.wpress.me\/index.php\/proizvod\/wellaflex-sensitive-jacina-3-5-pjena-za-kosu-250-ml\/","title":{"rendered":"WELLAFLEX Sensitive, ja\u010dina 3\/5, pjena za kosu, 250\u00a0ml"},"content":{"rendered":"<p><span style=\"font-weight: bold\">Wellaflex Sensitive<\/span> je linija za osjetljivo vlasi\u0161te, koja istodobno osigurava sna\u017enu fiksaciju va\u0161e frizure. Proizvodi ne ote\u017eavaju va\u0161u kosu, ali je dr\u017ee hidratiziranom, dok primjena formule bez mirisa sprje\u010dava iritaciju..<\/p>\n<p><span style=\"font-weight: bold\">Svojstva:<\/span><br \/>\n&#8211; Za\u0161tita vlasi\u0161ta i postojanost<br \/>\n&#8211; Ne isu\u0161uje kosu<br \/>\n&#8211; Za postojanost do 24 sata<\/p>\n<p>Iskoristite svaki trenutak s punim povjerenjem i pobrinite se da va\u0161 izgled uvijek bude na mjestu, zahvaljuju\u0107i \u0161irokoj ponudi Wellaflex proizvoda za oblikovanje. Stvoren kako bi istaknuo va\u0161u prirodnu ljepotu i podigao va\u0161 individualni stil, <span style=\"font-weight: bold\">Wellaflex Sensitive mousse<\/span> je lak za kosu bez parfema, uvijek nje\u017ean prema va\u0161oj kosi i tjemenu. Osim toga, ova pjena za sna\u017eno u\u010dvr\u0161\u0107ivanje formulirana je s <span style=\"font-weight: bold\">FlexActive tehnologijom<\/span> kako bi vam pru\u017eila 3 najtra\u017eenija znaka prirodne, fleksibilne frizure. Zaljubite se u nje\u017ean, mekan dodir kose i postignite pouzdano u\u010dvr\u0161\u0107ivanje koje \u0107e va\u0161u frizuru odr\u017eati netaknutom do 24 sata, bez gubitka fleksibilnosti dopu\u0161taju\u0107i kosi da se slobodno kre\u0107e. Sve zahvaljuju\u0107i delikatnoj formuli, prikladnoj za osjetljivo vlasi\u0161te i odobrenoj od strane dermatologa. Prakti\u010dan za nano\u0161enje i jednostavan za ra\u0161\u010de\u0161ljavanje, Wellaflex Sensitive je savr\u0161eno rje\u0161enje za brzo popravljanje. Tako\u0111er poma\u017ee u pru\u017eanju UV za\u0161tite, tako da \u0107e va\u0161a kosa izgledati lijepo, prirodno i zdravo svaki dan.<\/p>\n","protected":false},"excerpt":{"rendered":"<p>Lak za kosu bez parfema<br \/>\nDugotrajna fleksibilnost koja va\u0161oj kosi omogu\u0107uje slobodno kretanje<br \/>\nja\u010dina dr\u017eanja: 3\/5<\/p>\n","protected":false},"featured_media":39261,"template":"","meta":{"_seopress_robots_primary_cat":"","_seopress_titles_title":"","_seopress_titles_desc":"","_seopress_robots_index":"","iawp_total_views":0},"product_brand":[841],"product_cat":[268,300],"product_tag":[],"class_list":{"0":"post-39260","1":"product","2":"type-product","3":"status-publish","4":"has-post-thumbnail","6":"product_brand-wellaflex","7":"product_cat-kozmetika-2","8":"product_cat-njega-kose-268","10":"first","11":"outofstock","12":"shipping-taxable","13":"purchasable","14":"product-type-simple"},"_links":{"self":[{"href":"https:\/\/singuli.wpress.me\/index.php\/wp-json\/wp\/v2\/product\/39260","targetHints":{"allow":["GET"]}}],"collection":[{"href":"https:\/\/singuli.wpress.me\/index.php\/wp-json\/wp\/v2\/product"}],"about":[{"href":"https:\/\/singuli.wpress.me\/index.php\/wp-json\/wp\/v2\/types\/product"}],"version-history":[{"count":0,"href":"https:\/\/singuli.wpress.me\/index.php\/wp-json\/wp\/v2\/product\/39260\/revisions"}],"wp:featuredmedia":[{"embeddable":true,"href":"https:\/\/singuli.wpress.me\/index.php\/wp-json\/wp\/v2\/media\/39261"}],"wp:attachment":[{"href":"https:\/\/singuli.wpress.me\/index.php\/wp-json\/wp\/v2\/media?parent=39260"}],"wp:term":[{"taxonomy":"product_brand","embeddable":true,"href":"https:\/\/singuli.wpress.me\/index.php\/wp-json\/wp\/v2\/product_brand?post=39260"},{"taxonomy":"product_cat","embeddable":true,"href":"https:\/\/singuli.wpress.me\/index.php\/wp-json\/wp\/v2\/product_cat?post=39260"},{"taxonomy":"product_tag","embeddable":true,"href":"https:\/\/singuli.wpress.me\/index.php\/wp-json\/wp\/v2\/product_tag?post=39260"}],"curies":[{"name":"wp","href":"https:\/\/api.w.org\/{rel}","templated":true}]}}