{"id":39268,"date":"2026-04-19T02:23:05","date_gmt":"2026-04-19T02:23:05","guid":{"rendered":"https:\/\/singuli.wpress.me\/index.php\/proizvod\/braun-bs-1000-mini-trimer-za-tijelo\/"},"modified":"2026-04-20T12:33:28","modified_gmt":"2026-04-20T12:33:28","slug":"braun-bs-1000-mini-trimer-za-tijelo","status":"publish","type":"product","link":"https:\/\/singuli.wpress.me\/index.php\/proizvod\/braun-bs-1000-mini-trimer-za-tijelo\/","title":{"rendered":"BRAUN BS 1000, mini trimer za tijelo"},"content":{"rendered":"<p>Mini trimer za tijelo Braun BS1000, prakti\u010dni elektri\u010dni trimer za mu\u0161karce i \u017eene<\/p>\n<p>Istaknute zna\u010dajke:<br \/>\n\u2022 BRZO I JEDNOSTAVNO: malen i prijenosan, za u\u010dinkovito uklanjanje dla\u010dica s tijela<br \/>\n\u2022 NJE\u017dAN I KOMPAKTAN: osmi\u0161ljen za u\u010dinkovito i nje\u017eno podrezivanje dla\u010dica kod oba spola<br \/>\n\u2022 MOKRA I SUHA UPOTREBA: 100% vodootporan, pa ga mo\u017eete koristiti kako \u017eelite<br \/>\n\u2022 PRECIZAN: njema\u010dka tehnologija za u\u010dinkovito podrezivanje i oblikovanje dla\u010dica na tijelu<br \/>\n\u2022 MULTIFUNKCIONALAN: za podrezivanje i oblikovanje dla\u010dica na razli\u010ditim dijelovima tijela<\/p>\n<p>Opis proizvoda:<br \/>\nPosebno osmi\u0161ljen mini elektri\u010dni trimer za tijelo, za mu\u0161karce i \u017eene: brzo, jednostavno i nje\u017eno pru\u017ea vrhunske rezultate \u010dak i na osjetljivim podru\u010djima. Precizno podrezuje dla\u010dice, daju\u0107i vam preciznu kontrolu nad duljinom dla\u010dica. Brzo i nje\u017eno podrezivanje dla\u010dica na tijelu: bilo kada i bilo gdje.<\/p>\n<p>Sadr\u017eaj pakiranja:<br \/>\n1x mini trimer <br \/>\n1x \u010de\u0161lji\u0107 za podrezivanje<br \/>\n1x \u010detkica za \u010di\u0161\u0107enje<br \/>\n1x AA baterija<\/p>\n<p>Brzo i jednostavno uklanjanje dla\u010dica na tijelu<br \/>\nBraunov mini trimer za tijelo posebno je osmi\u0161ljen za jednostavnu upotrebu bez ikakvih komplikacija \u2013 omogu\u0107uje nje\u017eno i lako uklanjanje dla\u010dica i kod ku\u0107e i kad ste u pokretu.<\/p>\n<p>Kompaktan dizajn<br \/>\nKombinacija kompaktnog oblika i pametnog dizajna ovog mini trimera za tijelo omogu\u0107uje prakti\u010dnu upotrebu kad god vam zatreba brzinsko dotjerivanje.<\/p>\n<p>Kori\u0161tenje na cijelom tijelu<br \/>\nOvaj mini trimer dizajniran je tako da bude svestran: njegov kompaktan oblik prikladan je za razli\u010dite dijelove tijela. Na taj na\u010din osigurava uklanjanje i podrezivanje dla\u010dica uz pouzdanu kontrolu i preciznost, bilo kada i bilo gdje.<\/p>\n<p>Precizno podrezivanje<br \/>\nUredite dla\u010dice na tijelu uz pomo\u0107 prakti\u010dnog \u010de\u0161lji\u0107a za podrezivanje. Njema\u010dka tehnologija podrezivanja u\u010dinkovita je i na izazovnim podru\u010djima poput bikini-zone.<\/p>\n<p>Mokra i suha upotreba<br \/>\n100% vodootporan. Koristite ovaj trimer za podrezivanje dla\u010dica \u201ena suho\u201c ili pod vodom \u2013 kako god vam se vi\u0161e svi\u0111a.<\/p>\n<p>Nje\u017ean prema ko\u017ei<br \/>\nPouzdano i brzo podrezivanje dla\u010dica, zahvaljuju\u0107i ergonomskom dizajnu koji osigurava nje\u017eno klizanje i ve\u0107u ugodnost za ko\u017eu.<\/p>\n<p>Nevjerojatno malen, nevjerojatno koristan<br \/>\nMinijaturna veli\u010dina za maksimalnu prakti\u010dnost. Samo ga ubacite u ruksak ili neseser i bit \u0107e vam pri ruci kad god ga zatrebate.  <\/p>\n<p>Dizajniran u Njema\u010dkoj<br \/>\nS vi\u0161e od 50 godina njema\u010dke stru\u010dnosti u uklanjanju dla\u010dica, ovaj je trimer dizajniran za u\u010dinkovito i nje\u017eno uklanjanje dla\u010dica na tijelu.<\/p>\n","protected":false},"excerpt":{"rendered":"<p>Mini trimer za tijelo posebno je osmi\u0161ljen za jednostavnu upotrebu bez ikakvih komplikacija<br \/>\nKombinacija kompaktnog oblika i pametnog dizajna omogu\u0107uje prakti\u010dnu upotrebu kad god vam zatreba brzinsko dotjerivanje<br \/>\n100% vodootporan, suha i mokra upotreba<\/p>\n","protected":false},"featured_media":39269,"template":"","meta":{"_seopress_robots_primary_cat":"","_seopress_titles_title":"","_seopress_titles_desc":"","_seopress_robots_index":"","iawp_total_views":0},"product_brand":[144],"product_cat":[280,192,279],"product_tag":[],"class_list":{"0":"post-39268","1":"product","2":"type-product","3":"status-publish","4":"has-post-thumbnail","6":"product_brand-braun","7":"product_cat-aparati-za-muskarce-279","8":"product_cat-aparati-za-osobnu-njegu","9":"product_cat-brijanje-i-sisanje-192","11":"first","12":"instock","13":"shipping-taxable","14":"purchasable","15":"product-type-simple"},"_links":{"self":[{"href":"https:\/\/singuli.wpress.me\/index.php\/wp-json\/wp\/v2\/product\/39268","targetHints":{"allow":["GET"]}}],"collection":[{"href":"https:\/\/singuli.wpress.me\/index.php\/wp-json\/wp\/v2\/product"}],"about":[{"href":"https:\/\/singuli.wpress.me\/index.php\/wp-json\/wp\/v2\/types\/product"}],"version-history":[{"count":0,"href":"https:\/\/singuli.wpress.me\/index.php\/wp-json\/wp\/v2\/product\/39268\/revisions"}],"wp:featuredmedia":[{"embeddable":true,"href":"https:\/\/singuli.wpress.me\/index.php\/wp-json\/wp\/v2\/media\/39269"}],"wp:attachment":[{"href":"https:\/\/singuli.wpress.me\/index.php\/wp-json\/wp\/v2\/media?parent=39268"}],"wp:term":[{"taxonomy":"product_brand","embeddable":true,"href":"https:\/\/singuli.wpress.me\/index.php\/wp-json\/wp\/v2\/product_brand?post=39268"},{"taxonomy":"product_cat","embeddable":true,"href":"https:\/\/singuli.wpress.me\/index.php\/wp-json\/wp\/v2\/product_cat?post=39268"},{"taxonomy":"product_tag","embeddable":true,"href":"https:\/\/singuli.wpress.me\/index.php\/wp-json\/wp\/v2\/product_tag?post=39268"}],"curies":[{"name":"wp","href":"https:\/\/api.w.org\/{rel}","templated":true}]}}