{"id":39284,"date":"2026-04-19T02:23:13","date_gmt":"2026-04-19T02:23:13","guid":{"rendered":"https:\/\/singuli.wpress.me\/index.php\/proizvod\/bison-silikonsko-brtvilo-za-kamin-530-g\/"},"modified":"2026-04-21T00:26:59","modified_gmt":"2026-04-21T00:26:59","slug":"bison-silikonsko-brtvilo-za-kamin-530-g","status":"publish","type":"product","link":"https:\/\/singuli.wpress.me\/index.php\/proizvod\/bison-silikonsko-brtvilo-za-kamin-530-g\/","title":{"rendered":"BISON, silikonsko brtvilo, za kamin, 530\u00a0g"},"content":{"rendered":"<p>Brtvilo otporno na toplinu.<\/p>\n<p>Prikladno za popravljanje i brtvljenje pukotina, rupa i spojeva na kaminima, plamenicima, \u0161tednjacima, dimnjacima te za montiranje i brtvljenje betonskih kamina i ro\u0161tilja. Prikladno i za privremeno brtvljenje ispu\u0161nih sustava na automobilima i motociklima. Ve\u017ee se za metal, kamen i beton.<\/p>\n<p>Nije prikladno za sustave centralnog grijanja i plinske cijevi.<\/p>\n","protected":false},"excerpt":{"rendered":"<p>Otporno na toplinu do 1250 \u00b0C<br \/>\nOblikuje otporan spoj<br \/>\nBrtvilo otporno na vatru<\/p>\n","protected":false},"featured_media":39285,"template":"","meta":{"_seopress_robots_primary_cat":"","_seopress_titles_title":"","_seopress_titles_desc":"","_seopress_robots_index":"","iawp_total_views":0},"product_brand":[494],"product_cat":[264,238],"product_tag":[],"class_list":{"0":"post-39284","1":"product","2":"type-product","3":"status-publish","4":"has-post-thumbnail","6":"product_brand-bison","7":"product_cat-ljepila-i-brtvila-238","8":"product_cat-sve-za-dom","10":"first","11":"instock","12":"shipping-taxable","13":"purchasable","14":"product-type-simple"},"_links":{"self":[{"href":"https:\/\/singuli.wpress.me\/index.php\/wp-json\/wp\/v2\/product\/39284","targetHints":{"allow":["GET"]}}],"collection":[{"href":"https:\/\/singuli.wpress.me\/index.php\/wp-json\/wp\/v2\/product"}],"about":[{"href":"https:\/\/singuli.wpress.me\/index.php\/wp-json\/wp\/v2\/types\/product"}],"version-history":[{"count":0,"href":"https:\/\/singuli.wpress.me\/index.php\/wp-json\/wp\/v2\/product\/39284\/revisions"}],"wp:featuredmedia":[{"embeddable":true,"href":"https:\/\/singuli.wpress.me\/index.php\/wp-json\/wp\/v2\/media\/39285"}],"wp:attachment":[{"href":"https:\/\/singuli.wpress.me\/index.php\/wp-json\/wp\/v2\/media?parent=39284"}],"wp:term":[{"taxonomy":"product_brand","embeddable":true,"href":"https:\/\/singuli.wpress.me\/index.php\/wp-json\/wp\/v2\/product_brand?post=39284"},{"taxonomy":"product_cat","embeddable":true,"href":"https:\/\/singuli.wpress.me\/index.php\/wp-json\/wp\/v2\/product_cat?post=39284"},{"taxonomy":"product_tag","embeddable":true,"href":"https:\/\/singuli.wpress.me\/index.php\/wp-json\/wp\/v2\/product_tag?post=39284"}],"curies":[{"name":"wp","href":"https:\/\/api.w.org\/{rel}","templated":true}]}}