{"id":39290,"date":"2026-04-19T02:23:15","date_gmt":"2026-04-19T02:23:15","guid":{"rendered":"https:\/\/singuli.wpress.me\/index.php\/proizvod\/tikves-cabernet-sauvignon-2019-crno-vino-0-75-l\/"},"modified":"2026-04-20T12:33:28","modified_gmt":"2026-04-20T12:33:28","slug":"tikves-cabernet-sauvignon-2019-crno-vino-0-75-l","status":"publish","type":"product","link":"https:\/\/singuli.wpress.me\/index.php\/proizvod\/tikves-cabernet-sauvignon-2019-crno-vino-0-75-l\/","title":{"rendered":"TIKVE\u0160 Cabernet Sauvignon 2019, crno vino, 0.75\u00a0l"},"content":{"rendered":"<p>Suho crveno vino duboke ljubi\u010dasto-crvene boje, diskretne arome crvenog vo\u0107a vi\u0161nje, maline s prizvukom slatkih za\u010dina. Ovo vino punog tijela ima ugla\u0111ene tanine i izrazito elegantnu zavr\u0161nicu.<\/p>\n","protected":false},"excerpt":{"rendered":"<p>Stoljetna tradicija vinarije<br \/>\nSuho crveno vino<br \/>\nAroma crvenog vo\u0107a vi\u0161nje, malline s prizvukom slatkih za\u010dina<\/p>\n","protected":false},"featured_media":0,"template":"","meta":{"_seopress_robots_primary_cat":"","_seopress_titles_title":"","_seopress_titles_desc":"","_seopress_robots_index":"","iawp_total_views":0},"product_brand":[470],"product_cat":[298,261],"product_tag":[],"class_list":{"0":"post-39290","1":"product","2":"type-product","3":"status-publish","5":"product_brand-tikves","6":"product_cat-alkoholna-pica-261","7":"product_cat-hrana-i-pice","9":"first","10":"outofstock","11":"shipping-taxable","12":"purchasable","13":"product-type-simple"},"_links":{"self":[{"href":"https:\/\/singuli.wpress.me\/index.php\/wp-json\/wp\/v2\/product\/39290","targetHints":{"allow":["GET"]}}],"collection":[{"href":"https:\/\/singuli.wpress.me\/index.php\/wp-json\/wp\/v2\/product"}],"about":[{"href":"https:\/\/singuli.wpress.me\/index.php\/wp-json\/wp\/v2\/types\/product"}],"version-history":[{"count":0,"href":"https:\/\/singuli.wpress.me\/index.php\/wp-json\/wp\/v2\/product\/39290\/revisions"}],"wp:attachment":[{"href":"https:\/\/singuli.wpress.me\/index.php\/wp-json\/wp\/v2\/media?parent=39290"}],"wp:term":[{"taxonomy":"product_brand","embeddable":true,"href":"https:\/\/singuli.wpress.me\/index.php\/wp-json\/wp\/v2\/product_brand?post=39290"},{"taxonomy":"product_cat","embeddable":true,"href":"https:\/\/singuli.wpress.me\/index.php\/wp-json\/wp\/v2\/product_cat?post=39290"},{"taxonomy":"product_tag","embeddable":true,"href":"https:\/\/singuli.wpress.me\/index.php\/wp-json\/wp\/v2\/product_tag?post=39290"}],"curies":[{"name":"wp","href":"https:\/\/api.w.org\/{rel}","templated":true}]}}