{"id":39293,"date":"2026-04-19T02:23:16","date_gmt":"2026-04-19T02:23:16","guid":{"rendered":"https:\/\/singuli.wpress.me\/index.php\/proizvod\/braun-fg1106-mini-trimer-za-obrve\/"},"modified":"2026-04-20T12:33:28","modified_gmt":"2026-04-20T12:33:28","slug":"braun-fg1106-mini-trimer-za-obrve","status":"publish","type":"product","link":"https:\/\/singuli.wpress.me\/index.php\/proizvod\/braun-fg1106-mini-trimer-za-obrve\/","title":{"rendered":"BRAUN FG1106, mini trimer za obrve"},"content":{"rendered":"<p>Braun FG1106 mini trimer za podrezivanje, oblikovanje i ure\u0111ivanje obrva kod \u017eena, ure\u0111aj za konturiranje i uklanjanje dla\u010dica sa \u017eenskog lica, putni trimer za obrve<\/p>\n<p>Istaknute zna\u010dajke:<br \/>\n&#8211; Izuzetna preciznost: podrezujte, oblikujte i ure\u0111ujte svoje obrve s precizno\u0161\u0107u na koju se mo\u017eete osloniti. Kompaktna veli\u010dina osigurava da ovaj ure\u0111aj mo\u017eete lako ponijeti sa sobom, kamo god se zaputite, pa lako mo\u017eete urediti neposlu\u0161ne dla\u010dice i kad ste u pokretu.<br \/>\n&#8211; Kontrola podrezivanja: mini precizni trimer za \u017eene dolazi s dvije glave i jednim 5-mm \u010de\u0161lji\u0107em za podrezivanje. Idealno za podrezivanje obrva na ujedna\u010denu du\u017einu.<br \/>\n&#8211; Detaljno oblikovanje: izuzetno precizna glava omogu\u0107uje suptilne, fine poteze u dotjerivanju obrva.<br \/>\n&#8211; Oblikovanje obrva: uska glava za oblikovanje obrva dizajnirana je za brijanje preciznih linija, oblika i kontura.<br \/>\nSvestranost: vi\u0161enamjenska glava ovog trimera mo\u017ee se koristiti i za uklanjanje drugih ne\u017eeljenih dla\u010dica s lica, a dolazi i sa za\u0161titnim poklopcem.<\/p>\n<p>Mini precizni trimer<br \/>\nZa lako podrezivanje, oblikovanje i ure\u0111ivanje obrva<\/p>\n<p>Za uredne obrve<br \/>\nBraunov mini precizni trimer osmi\u0161ljen je za brzo i u\u010dinkovito dovo\u0111enje dla\u010dica u red. Podrezujte, ure\u0111ujte i oblikujte obrve s lako\u0107om.<\/p>\n<p>Podrezivanje dla\u010dica na jednaku duljinu<br \/>\nNastavak s \u010de\u0161lji\u0107em omogu\u0107uje vam ravnomjerno podrezivanje obrva na duljinu od 5 mm.  <\/p>\n<p>Lako oblikovanje<br \/>\nGlava za oblikovanje obrva olak\u0161ava izradu preciznih linija, oblika i kontura.<\/p>\n<p>Precizno ure\u0111ivanje detalja<br \/>\nBrzo i precizno uredite i najsitnije detalje uz pomo\u0107 precizne glave.<\/p>\n<p>Brzo i precizno<br \/>\nIntuitivno dizajniran tako da ga se koristi kao olovku, za preciznost i brzinu.<\/p>\n<p>Stvoren za \u017eene u pokretu<br \/>\nSa za\u0161titnim poklopcem za sigurno spremanje i upotrebu izvan doma.<\/p>\n<p>Uvijek spreman za akciju<br \/>\nNapaja ga lako zamjenjiva AAA baterija. To zna\u010di da sa sobom ne morate nositi punja\u010d.<\/p>\n<p>Opis proizvoda:<br \/>\nBraunov mini precizni trimer je ultra precizan trimer za obrve za \u017eene. Podrezujte, oblikujte i ure\u0111ujte svoje obrve bilo kada i bilo gdje. Male je i kompaktne veli\u010dine za laku prenosivost i kori\u0161tenje u pokretu. Idealan je za zavr\u0161no oblikovanje i dodatno ure\u0111ivanje kada primijetite neku dla\u010dicu koja vam se ne svi\u0111a. Ovaj multifunkcionalni ure\u0111aj mo\u017ee se koristiti i za uklanjanje drugih ne\u017eeljenih dla\u010dica s lica, bilo gdje na licu.<\/p>\n<p>Sadr\u017eaj pakiranja:<br \/>\n1\u00d7 mini precizni trimer<br \/>\n1\u00d7 \u010de\u0161lji\u0107 za podrezivanje (5 mm)<br \/>\n2\u00d7 glave trimera<br \/>\n1\u00d7 za\u0161titni poklopac<\/p>\n","protected":false},"excerpt":{"rendered":"<p>Mini precizni trimer za lako podrezivanje, oblikovanje i ure\u0111ivanje obrva<br \/>\nGlava za oblikovanje obrva olak\u0161ava izradu preciznih linija, oblika i kontura<br \/>\nMultifunkcionalni ure\u0111aj mo\u017ee se koristiti i za uklanjanje drugih ne\u017eeljenih dla\u010dica s lica, bilo gdje na licu<\/p>\n","protected":false},"featured_media":39294,"template":"","meta":{"_seopress_robots_primary_cat":"","_seopress_titles_title":"","_seopress_titles_desc":"","_seopress_robots_index":"","iawp_total_views":0},"product_brand":[144],"product_cat":[280,192,279],"product_tag":[],"class_list":{"0":"post-39293","1":"product","2":"type-product","3":"status-publish","4":"has-post-thumbnail","6":"product_brand-braun","7":"product_cat-aparati-za-muskarce-279","8":"product_cat-aparati-za-osobnu-njegu","9":"product_cat-brijanje-i-sisanje-192","11":"first","12":"instock","13":"shipping-taxable","14":"purchasable","15":"product-type-simple"},"_links":{"self":[{"href":"https:\/\/singuli.wpress.me\/index.php\/wp-json\/wp\/v2\/product\/39293","targetHints":{"allow":["GET"]}}],"collection":[{"href":"https:\/\/singuli.wpress.me\/index.php\/wp-json\/wp\/v2\/product"}],"about":[{"href":"https:\/\/singuli.wpress.me\/index.php\/wp-json\/wp\/v2\/types\/product"}],"version-history":[{"count":0,"href":"https:\/\/singuli.wpress.me\/index.php\/wp-json\/wp\/v2\/product\/39293\/revisions"}],"wp:featuredmedia":[{"embeddable":true,"href":"https:\/\/singuli.wpress.me\/index.php\/wp-json\/wp\/v2\/media\/39294"}],"wp:attachment":[{"href":"https:\/\/singuli.wpress.me\/index.php\/wp-json\/wp\/v2\/media?parent=39293"}],"wp:term":[{"taxonomy":"product_brand","embeddable":true,"href":"https:\/\/singuli.wpress.me\/index.php\/wp-json\/wp\/v2\/product_brand?post=39293"},{"taxonomy":"product_cat","embeddable":true,"href":"https:\/\/singuli.wpress.me\/index.php\/wp-json\/wp\/v2\/product_cat?post=39293"},{"taxonomy":"product_tag","embeddable":true,"href":"https:\/\/singuli.wpress.me\/index.php\/wp-json\/wp\/v2\/product_tag?post=39293"}],"curies":[{"name":"wp","href":"https:\/\/api.w.org\/{rel}","templated":true}]}}