{"id":39299,"date":"2026-04-19T02:23:17","date_gmt":"2026-04-19T02:23:17","guid":{"rendered":"https:\/\/singuli.wpress.me\/index.php\/proizvod\/roglic-chardonnay-2022-bijelo-vino-0-75-l-2\/"},"modified":"2026-04-20T12:33:28","modified_gmt":"2026-04-20T12:33:28","slug":"roglic-chardonnay-2022-bijelo-vino-0-75-l-2","status":"publish","type":"product","link":"https:\/\/singuli.wpress.me\/index.php\/proizvod\/roglic-chardonnay-2022-bijelo-vino-0-75-l-2\/","title":{"rendered":"ROGLI\u0106 Chardonnay 2022, bijelo vino, 0.75\u00a0l"},"content":{"rendered":"<p>Suho, djelomi\u010dno toplo vino, ugodno svje\u017ee, lako se pije. Odli\u010dno se sljubljuje s pikantnim okusima i nadopunjuje fine sireve i delicije, jakobove kapice na \u017earu ili jakobove kapice prelivene maslinovim uljem, \u010de\u0161njakom i kru\u0161nim mrvicama. Najbolje ga je poslu\u017eiti ohla\u0111eno, na temperaturi od 8-10 \u00b0C.<\/p>\n","protected":false},"excerpt":{"rendered":"<p>Suho, djelomi\u010dno toplo vino<br \/>\nUgodno svje\u017ee, pitko<br \/>\nNajbolje ga je poslu\u017eiti ohla\u0111eno, na temperaturi od 8-10 \u00b0C<\/p>\n","protected":false},"featured_media":39300,"template":"","meta":{"_seopress_robots_primary_cat":"","_seopress_titles_title":"","_seopress_titles_desc":"","_seopress_robots_index":"","iawp_total_views":0},"product_brand":[502],"product_cat":[298,261],"product_tag":[],"class_list":{"0":"post-39299","1":"product","2":"type-product","3":"status-publish","4":"has-post-thumbnail","6":"product_brand-roglic","7":"product_cat-alkoholna-pica-261","8":"product_cat-hrana-i-pice","10":"first","11":"outofstock","12":"shipping-taxable","13":"purchasable","14":"product-type-simple"},"_links":{"self":[{"href":"https:\/\/singuli.wpress.me\/index.php\/wp-json\/wp\/v2\/product\/39299","targetHints":{"allow":["GET"]}}],"collection":[{"href":"https:\/\/singuli.wpress.me\/index.php\/wp-json\/wp\/v2\/product"}],"about":[{"href":"https:\/\/singuli.wpress.me\/index.php\/wp-json\/wp\/v2\/types\/product"}],"version-history":[{"count":0,"href":"https:\/\/singuli.wpress.me\/index.php\/wp-json\/wp\/v2\/product\/39299\/revisions"}],"wp:featuredmedia":[{"embeddable":true,"href":"https:\/\/singuli.wpress.me\/index.php\/wp-json\/wp\/v2\/media\/39300"}],"wp:attachment":[{"href":"https:\/\/singuli.wpress.me\/index.php\/wp-json\/wp\/v2\/media?parent=39299"}],"wp:term":[{"taxonomy":"product_brand","embeddable":true,"href":"https:\/\/singuli.wpress.me\/index.php\/wp-json\/wp\/v2\/product_brand?post=39299"},{"taxonomy":"product_cat","embeddable":true,"href":"https:\/\/singuli.wpress.me\/index.php\/wp-json\/wp\/v2\/product_cat?post=39299"},{"taxonomy":"product_tag","embeddable":true,"href":"https:\/\/singuli.wpress.me\/index.php\/wp-json\/wp\/v2\/product_tag?post=39299"}],"curies":[{"name":"wp","href":"https:\/\/api.w.org\/{rel}","templated":true}]}}