{"id":39302,"date":"2026-04-19T02:23:20","date_gmt":"2026-04-19T02:23:20","guid":{"rendered":"https:\/\/singuli.wpress.me\/index.php\/proizvod\/rimula-r6-m-10w40-motorno-ulje-za-gospodarska-vozila-209-l\/"},"modified":"2026-04-20T12:33:28","modified_gmt":"2026-04-20T12:33:28","slug":"rimula-r6-m-10w40-motorno-ulje-za-gospodarska-vozila-209-l","status":"publish","type":"product","link":"https:\/\/singuli.wpress.me\/index.php\/proizvod\/rimula-r6-m-10w40-motorno-ulje-za-gospodarska-vozila-209-l\/","title":{"rendered":"RIMULA R6 M 10W40, motorno ulje za gospodarska vozila, 209\u00a0l"},"content":{"rendered":"<p>Shell Rimula R6 M 10W40 je potpuno sinteti\u010dko motorno ulje za gospodarska vozila koje osigurava visoku za\u0161titu, produljeni interval izmjene, za\u0161titu od \u010da\u0111e, tro\u0161enja, stvaranja naslaga i u\u0161tedu u potro\u0161nji goriva. <\/p>\n<p>Ulje je prikladno za Euro 4 i 5 motore bez filtera krutih \u010destica (DPF). Glavne primjene su za gospodarska vozila.<\/p>\n<p>Specifikacija: ACEA E4, E7, API CI-4, Caterpillar ECF-2, Cummins CES 20078, Deutz DQC IV-10, IVECO T3 E4 (udovoljava), MAN 3277, MAN 3377, MB 228.5, Volvo VDS-3, MTU kategorija 3, Renault kamioni RLD-2, Jaso DH-1, Voith oil Class B.<\/p>\n","protected":false},"excerpt":{"rendered":"<p>Potpuno sinteti\u010dko ulje<br \/>\nSinteti\u010dko motorno ulje<br \/>\nProduljeni interval zamjene<\/p>\n","protected":false},"featured_media":39303,"template":"","meta":{"_seopress_robots_primary_cat":"","_seopress_titles_title":"","_seopress_titles_desc":"","_seopress_robots_index":"","iawp_total_views":0},"product_brand":[469],"product_cat":[243,276,272],"product_tag":[],"class_list":{"0":"post-39302","1":"product","2":"type-product","3":"status-publish","4":"has-post-thumbnail","6":"product_brand-rimula","7":"product_cat-automobili-i-motori","8":"product_cat-industrijska-i-specijalna-ulja-243","9":"product_cat-motorna-ulja-243","11":"first","12":"outofstock","13":"shipping-taxable","14":"purchasable","15":"product-type-simple"},"_links":{"self":[{"href":"https:\/\/singuli.wpress.me\/index.php\/wp-json\/wp\/v2\/product\/39302","targetHints":{"allow":["GET"]}}],"collection":[{"href":"https:\/\/singuli.wpress.me\/index.php\/wp-json\/wp\/v2\/product"}],"about":[{"href":"https:\/\/singuli.wpress.me\/index.php\/wp-json\/wp\/v2\/types\/product"}],"version-history":[{"count":0,"href":"https:\/\/singuli.wpress.me\/index.php\/wp-json\/wp\/v2\/product\/39302\/revisions"}],"wp:featuredmedia":[{"embeddable":true,"href":"https:\/\/singuli.wpress.me\/index.php\/wp-json\/wp\/v2\/media\/39303"}],"wp:attachment":[{"href":"https:\/\/singuli.wpress.me\/index.php\/wp-json\/wp\/v2\/media?parent=39302"}],"wp:term":[{"taxonomy":"product_brand","embeddable":true,"href":"https:\/\/singuli.wpress.me\/index.php\/wp-json\/wp\/v2\/product_brand?post=39302"},{"taxonomy":"product_cat","embeddable":true,"href":"https:\/\/singuli.wpress.me\/index.php\/wp-json\/wp\/v2\/product_cat?post=39302"},{"taxonomy":"product_tag","embeddable":true,"href":"https:\/\/singuli.wpress.me\/index.php\/wp-json\/wp\/v2\/product_tag?post=39302"}],"curies":[{"name":"wp","href":"https:\/\/api.w.org\/{rel}","templated":true}]}}