{"id":39316,"date":"2026-04-19T02:23:24","date_gmt":"2026-04-19T02:23:24","guid":{"rendered":"https:\/\/singuli.wpress.me\/index.php\/proizvod\/boon-putni-podlozak-za-susenje\/"},"modified":"2026-04-20T12:33:28","modified_gmt":"2026-04-20T12:33:28","slug":"boon-putni-podlozak-za-susenje","status":"publish","type":"product","link":"https:\/\/singuli.wpress.me\/index.php\/proizvod\/boon-putni-podlozak-za-susenje\/","title":{"rendered":"BOON, putni podlo\u017eak za su\u0161enje"},"content":{"rendered":"<p>Putni podlo\u017eak za su\u0161enje sa \u010detkama za \u010di\u0161\u0107enje (omogu\u0107uju \u010di\u0161\u0107enje bo\u010dica, dudica i dijelova pumpe za izdajanje).<\/p>\n<p>Prati ru\u010dno.<\/p>\n","protected":false},"excerpt":{"rendered":"<p>Putni podlo\u017eak za su\u0161enje<br \/>\nPodlo\u017eak ima \u010detke za \u010di\u0161\u0107enje<br \/>\nPreporuka ru\u010dnog pranja<\/p>\n","protected":false},"featured_media":39317,"template":"","meta":{"_seopress_robots_primary_cat":"","_seopress_titles_title":"","_seopress_titles_desc":"","_seopress_robots_index":"","iawp_total_views":0},"product_brand":[842],"product_cat":[221,291],"product_tag":[],"class_list":{"0":"post-39316","1":"product","2":"type-product","3":"status-publish","4":"has-post-thumbnail","6":"product_brand-boon","7":"product_cat-igracke","8":"product_cat-igracke-za-djecu-221","10":"first","11":"instock","12":"shipping-taxable","13":"purchasable","14":"product-type-simple"},"_links":{"self":[{"href":"https:\/\/singuli.wpress.me\/index.php\/wp-json\/wp\/v2\/product\/39316","targetHints":{"allow":["GET"]}}],"collection":[{"href":"https:\/\/singuli.wpress.me\/index.php\/wp-json\/wp\/v2\/product"}],"about":[{"href":"https:\/\/singuli.wpress.me\/index.php\/wp-json\/wp\/v2\/types\/product"}],"version-history":[{"count":0,"href":"https:\/\/singuli.wpress.me\/index.php\/wp-json\/wp\/v2\/product\/39316\/revisions"}],"wp:featuredmedia":[{"embeddable":true,"href":"https:\/\/singuli.wpress.me\/index.php\/wp-json\/wp\/v2\/media\/39317"}],"wp:attachment":[{"href":"https:\/\/singuli.wpress.me\/index.php\/wp-json\/wp\/v2\/media?parent=39316"}],"wp:term":[{"taxonomy":"product_brand","embeddable":true,"href":"https:\/\/singuli.wpress.me\/index.php\/wp-json\/wp\/v2\/product_brand?post=39316"},{"taxonomy":"product_cat","embeddable":true,"href":"https:\/\/singuli.wpress.me\/index.php\/wp-json\/wp\/v2\/product_cat?post=39316"},{"taxonomy":"product_tag","embeddable":true,"href":"https:\/\/singuli.wpress.me\/index.php\/wp-json\/wp\/v2\/product_tag?post=39316"}],"curies":[{"name":"wp","href":"https:\/\/api.w.org\/{rel}","templated":true}]}}