{"id":39322,"date":"2026-04-19T02:23:27","date_gmt":"2026-04-19T02:23:27","guid":{"rendered":"https:\/\/singuli.wpress.me\/index.php\/proizvod\/wahl-lithium-ion-stainless-steel-trimer-za-tijelo-i-bradu\/"},"modified":"2026-04-20T12:33:28","modified_gmt":"2026-04-20T12:33:28","slug":"wahl-lithium-ion-stainless-steel-trimer-za-tijelo-i-bradu","status":"publish","type":"product","link":"https:\/\/singuli.wpress.me\/index.php\/proizvod\/wahl-lithium-ion-stainless-steel-trimer-za-tijelo-i-bradu\/","title":{"rendered":"WAHL Lithium Ion Stainless Steel, trimer za tijelo i bradu"},"content":{"rendered":"<p>Be\u017ei\u010dni litij-ionski trimer za cijelo tijelo nudi iznimnu udobnost i u\u010dinak.<\/p>\n<p>Punjenje od 1 sata osigurava 6 sati rada, dok brzo punjenje od 1 minute osigurava trenutnu upotrebu. <\/p>\n<p>O\u0161trice se mogu ukloniti i prati radi lak\u0161eg \u010di\u0161\u0107enja.<\/p>\n<p>Inteligentni LED indikator vas upozorava kada je baterija prazna, \u0161to je posebno zgodno kada putujete.<\/p>\n","protected":false},"excerpt":{"rendered":"<p>6 sati rada uz 1 sat punjenja.<br \/>\nUklju\u010duje 3 nastavka: o\u0161tricu za podrezivanje (30 mm), glavu za brijanje i rotiraju\u0107u glavu za nos i uho.<br \/>\nInteligentni LED indikator prazne baterije.<\/p>\n","protected":false},"featured_media":39323,"template":"","meta":{"_seopress_robots_primary_cat":"","_seopress_titles_title":"","_seopress_titles_desc":"","_seopress_robots_index":"","iawp_total_views":0},"product_brand":[159],"product_cat":[280,192,279],"product_tag":[],"class_list":{"0":"post-39322","1":"product","2":"type-product","3":"status-publish","4":"has-post-thumbnail","6":"product_brand-wahl","7":"product_cat-aparati-za-muskarce-279","8":"product_cat-aparati-za-osobnu-njegu","9":"product_cat-brijanje-i-sisanje-192","11":"first","12":"outofstock","13":"shipping-taxable","14":"purchasable","15":"product-type-simple"},"_links":{"self":[{"href":"https:\/\/singuli.wpress.me\/index.php\/wp-json\/wp\/v2\/product\/39322","targetHints":{"allow":["GET"]}}],"collection":[{"href":"https:\/\/singuli.wpress.me\/index.php\/wp-json\/wp\/v2\/product"}],"about":[{"href":"https:\/\/singuli.wpress.me\/index.php\/wp-json\/wp\/v2\/types\/product"}],"version-history":[{"count":0,"href":"https:\/\/singuli.wpress.me\/index.php\/wp-json\/wp\/v2\/product\/39322\/revisions"}],"wp:featuredmedia":[{"embeddable":true,"href":"https:\/\/singuli.wpress.me\/index.php\/wp-json\/wp\/v2\/media\/39323"}],"wp:attachment":[{"href":"https:\/\/singuli.wpress.me\/index.php\/wp-json\/wp\/v2\/media?parent=39322"}],"wp:term":[{"taxonomy":"product_brand","embeddable":true,"href":"https:\/\/singuli.wpress.me\/index.php\/wp-json\/wp\/v2\/product_brand?post=39322"},{"taxonomy":"product_cat","embeddable":true,"href":"https:\/\/singuli.wpress.me\/index.php\/wp-json\/wp\/v2\/product_cat?post=39322"},{"taxonomy":"product_tag","embeddable":true,"href":"https:\/\/singuli.wpress.me\/index.php\/wp-json\/wp\/v2\/product_tag?post=39322"}],"curies":[{"name":"wp","href":"https:\/\/api.w.org\/{rel}","templated":true}]}}