{"id":39330,"date":"2026-04-19T02:23:30","date_gmt":"2026-04-19T02:23:30","guid":{"rendered":"https:\/\/singuli.wpress.me\/index.php\/proizvod\/pantene-liftnvolume-regenerator-za-kosu-200-ml\/"},"modified":"2026-04-20T12:33:28","modified_gmt":"2026-04-20T12:33:28","slug":"pantene-liftnvolume-regenerator-za-kosu-200-ml","status":"publish","type":"product","link":"https:\/\/singuli.wpress.me\/index.php\/proizvod\/pantene-liftnvolume-regenerator-za-kosu-200-ml\/","title":{"rendered":"PANTENE Lift&#8217;n&#8217;Volume, regenerator za kosu, 200\u00a0ml"},"content":{"rendered":"<p>Kolekcija Lift&#8217;n&#8217;Volume spaja snagu nutrijenata Pro-V s biotinom i ru\u017einom vodicom. <\/p>\n<p>Na\u0161 \u0161ampon i balzam bez silikona poma\u017eu u\u010diniti kosu otpornijom na o\u0161te\u0107enja uzrokovana oblikovanjem tako \u0161to je njeguju nutrijentima kako biste vi dobili vidljivo gustu i dugu kosu kakvu oduvijek \u017eelite.<\/p>\n","protected":false},"excerpt":{"rendered":"<p>S biotinom i ru\u017einom vodom<br \/>\nJa\u010da kosu nakon o\u0161te\u0107enja oblikovanjem<br \/>\nOpskrbljuje ju hranjivim tvarima<\/p>\n","protected":false},"featured_media":39331,"template":"","meta":{"_seopress_robots_primary_cat":"","_seopress_titles_title":"","_seopress_titles_desc":"","_seopress_robots_index":"","iawp_total_views":0},"product_brand":[411],"product_cat":[268,300],"product_tag":[],"class_list":{"0":"post-39330","1":"product","2":"type-product","3":"status-publish","4":"has-post-thumbnail","6":"product_brand-pantene","7":"product_cat-kozmetika-2","8":"product_cat-njega-kose-268","10":"first","11":"outofstock","12":"shipping-taxable","13":"purchasable","14":"product-type-simple"},"_links":{"self":[{"href":"https:\/\/singuli.wpress.me\/index.php\/wp-json\/wp\/v2\/product\/39330","targetHints":{"allow":["GET"]}}],"collection":[{"href":"https:\/\/singuli.wpress.me\/index.php\/wp-json\/wp\/v2\/product"}],"about":[{"href":"https:\/\/singuli.wpress.me\/index.php\/wp-json\/wp\/v2\/types\/product"}],"version-history":[{"count":0,"href":"https:\/\/singuli.wpress.me\/index.php\/wp-json\/wp\/v2\/product\/39330\/revisions"}],"wp:featuredmedia":[{"embeddable":true,"href":"https:\/\/singuli.wpress.me\/index.php\/wp-json\/wp\/v2\/media\/39331"}],"wp:attachment":[{"href":"https:\/\/singuli.wpress.me\/index.php\/wp-json\/wp\/v2\/media?parent=39330"}],"wp:term":[{"taxonomy":"product_brand","embeddable":true,"href":"https:\/\/singuli.wpress.me\/index.php\/wp-json\/wp\/v2\/product_brand?post=39330"},{"taxonomy":"product_cat","embeddable":true,"href":"https:\/\/singuli.wpress.me\/index.php\/wp-json\/wp\/v2\/product_cat?post=39330"},{"taxonomy":"product_tag","embeddable":true,"href":"https:\/\/singuli.wpress.me\/index.php\/wp-json\/wp\/v2\/product_tag?post=39330"}],"curies":[{"name":"wp","href":"https:\/\/api.w.org\/{rel}","templated":true}]}}