{"id":39332,"date":"2026-04-19T02:23:30","date_gmt":"2026-04-19T02:23:30","guid":{"rendered":"https:\/\/singuli.wpress.me\/index.php\/proizvod\/braun-silk-expert-pro-3-pl3233-ipl-uredaj\/"},"modified":"2026-04-20T12:33:28","modified_gmt":"2026-04-20T12:33:28","slug":"braun-silk-expert-pro-3-pl3233-ipl-uredaj","status":"publish","type":"product","link":"https:\/\/singuli.wpress.me\/index.php\/proizvod\/braun-silk-expert-pro-3-pl3233-ipl-uredaj\/","title":{"rendered":"BRAUN Silk &#8211; expert Pro 3 PL3233, IPL ure\u0111aj"},"content":{"rendered":"<p>Braun Silk\u00b7expert Pro 3 PL3233 IPL ure\u0111aj za dugotrajno vidljivo uklanjanje dla\u010dica kod ku\u0107e<\/p>\n<p>Istaknute zna\u010dajke:<br \/>\n\u2022 Vidljivo smanjenje broja dla\u010dica u samo 3 mjeseca (pod uvjetom da se pridr\u017eavate rasporeda tretmana; rezultati se mogu razlikovati od osobe do osobe). Brzo, precizno i nje\u017eno.<br \/>\n\u2022 Optimalna snaga za svaki dio tijela zahvaljuju\u0107i senzoru Skin pro (SensoAdapt\u2122) s tehnologijom za neprekidno automatsko prilago\u0111avanje nijansi va\u0161e ko\u017ee, poput one koja se koristi u salonima.<br \/>\n\u2022 Bljeska do 100 puta u minuti za jednostavan tretman i manje propu\u0161tenih dla\u010dica.<br \/>\n\u2022 Nje\u017ean na\u010din rada smanjuje intenzitet svjetlosti za nje\u017eniji tretman osjetljivijih podru\u010dja poput lica, pazuha ili bikini-zone.<br \/>\n\u2022 Razli\u010dite glave za tretman od glave do pete. Standardna glava za pazuhe i potkoljenice, \u0161iroka glava za bedra, prsa i le\u0111a, te precizna glava za lice i bikini-zonu.  <\/p>\n<p>Dugotrajno vidljivo glatka ko\u017ea zahvaljuju\u0107i tehnologiji Skin pro (SensoAdapt\u2122)\u00b2<br \/>\nNitko od nas nema istu, ujedna\u010denu nijansu ko\u017ee na cijelom tijelu, pa senzor Skin pro (SensoAdapt\u2122) (s UV za\u0161titom) neprekidno o\u010ditava nijansu ko\u017ee i automatski prilago\u0111ava intenzitet svakog bljeska razli\u010ditim dijelovima tijela.<br \/>\n\u00b2Istu tehnologiju koriste i ure\u0111aji marke Cyden.<\/p>\n<p>Marka br. 1 elektri\u010dnih ure\u0111aja za uklanjanje dla\u010dica kod \u017eena u cijelom svijetu.<\/p>\n<p>Mo\u0107no i nje\u017eno<br \/>\nSenzor Skin pro (SensoAdapt\u2122) neprekidno o\u010ditava nijansu va\u0161e ko\u017ee 80x u sekundi i automatski prilago\u0111ava razinu intenziteta bljeskanja kako bi osigurao savr\u0161enu ravnote\u017eu brzih rezultata i nje\u017enosti prema ko\u017ei.  <\/p>\n<p>Va\u0161a je ko\u017ea u dobrim rukama<br \/>\nZahvaljuju\u0107i tehnologiji Skin pro (SensoAdapt\u2122) i ugra\u0111enom UV filteru, mo\u017eete u\u017eivati u ugodnim i gotovo bezbolnim IPL tretmanima u udobnosti svog doma. <\/p>\n<p>Vidljivo glatka ko\u017ea od glave do pete<br \/>\nPrecizan i temeljit na svakom dijelu tijela, Silk\u00b7expert Pro 3 dolazi s preciznom glavom koja poma\u017ee u tretmanu manjih i kompliciranijih podru\u010dja te s \u0161irokom glavom za bedra, prsa i le\u0111a.<\/p>\n<p>Glatka ko\u017ea i na osjetljivim podru\u010djima<br \/>\nJednim pritiskom na gumb, nje\u017ean na\u010din rada prilago\u0111ava intenzitet svjetlosti za dugotrajno glatku ko\u017eu na osjetljivim podru\u010djima. Ta je opcija idealna i za osobe koje tek po\u010dinju koristiti IPL ure\u0111aj.<\/p>\n<p>Manje propu\u0161tenih podru\u010dja<br \/>\nSilk\u00b7expert Pro 3 jedan je od najbr\u017eih IPL ure\u0111aja na tr\u017ei\u0161tu\u00b3 \u2014 s opcijom bljeskanja do svakih 0,6 sekundi. Kontinuirano, brzo bljeskanje osigurava da bude \u0161to manje propu\u0161tenih mjesta dok klizite ure\u0111ajem po ko\u017ei.<br \/>\n\u00b3Istu tehnologiju koriste i ure\u0111aji marke Cyden.<\/p>\n<p>3 razine intenziteta<br \/>\n3 razine intenziteta pobrinut \u0107e se da intenzitet svjetlosti bude prikladan za va\u0161u nijansu ko\u017ee.<\/p>\n<p>Stvoren da traje<br \/>\nSilk\u00b7expert Pro 3 dolazi s 300.000 bljesaka \u0161to omogu\u0107uje do oko 16 godina tretmana cijelog tijela4.<br \/>\n4Ovo nije jamstvo radnog vijeka ure\u0111aja.<\/p>\n<p>Doznajte je li IPL tehnologija prikladna za vas<br \/>\nIPL tehnologija naju\u010dinkovitija na svijetlim do srednje tamnim nijansama ko\u017ee s dla\u010dicama u rasponu od prirodno svijetlih do tamnosme\u0111ih ili crnih. Me\u0111utim, nije u\u010dinkovita na izuzetno svijetlim, crvenim, sivim ili bijelim dla\u010dicama \u010dija manja koli\u010dina melanina ne upija svjetlosnu energiju.<\/p>\n","protected":false},"excerpt":{"rendered":"<p>Ure\u0111aj za dugotrajno vidljivo uklanjanje dla\u010dica kod ku\u0107e<br \/>\nMarka br. 1 elektri\u010dnih ure\u0111aja za uklanjanje dla\u010dica kod \u017eena u cijelom svijetu<br \/>\nSenzor Skin pro 2.0 (SensoAdapt\u2122) (s UV za\u0161titom) neprekidno o\u010ditava nijansu ko\u017ee i automatski prilago\u0111ava intenzitet svakog bljeska razli\u010ditim dijelovima tijela<\/p>\n","protected":false},"featured_media":39333,"template":"","meta":{"_seopress_robots_primary_cat":"","_seopress_titles_title":"","_seopress_titles_desc":"","_seopress_robots_index":"","iawp_total_views":0},"product_brand":[144],"product_cat":[192,282,281],"product_tag":[],"class_list":{"0":"post-39332","1":"product","2":"type-product","3":"status-publish","4":"has-post-thumbnail","6":"product_brand-braun","7":"product_cat-aparati-za-osobnu-njegu","8":"product_cat-aparati-za-zene-281","9":"product_cat-epilatori-i-ipl-192","11":"first","12":"outofstock","13":"shipping-taxable","14":"purchasable","15":"product-type-simple"},"_links":{"self":[{"href":"https:\/\/singuli.wpress.me\/index.php\/wp-json\/wp\/v2\/product\/39332","targetHints":{"allow":["GET"]}}],"collection":[{"href":"https:\/\/singuli.wpress.me\/index.php\/wp-json\/wp\/v2\/product"}],"about":[{"href":"https:\/\/singuli.wpress.me\/index.php\/wp-json\/wp\/v2\/types\/product"}],"version-history":[{"count":0,"href":"https:\/\/singuli.wpress.me\/index.php\/wp-json\/wp\/v2\/product\/39332\/revisions"}],"wp:featuredmedia":[{"embeddable":true,"href":"https:\/\/singuli.wpress.me\/index.php\/wp-json\/wp\/v2\/media\/39333"}],"wp:attachment":[{"href":"https:\/\/singuli.wpress.me\/index.php\/wp-json\/wp\/v2\/media?parent=39332"}],"wp:term":[{"taxonomy":"product_brand","embeddable":true,"href":"https:\/\/singuli.wpress.me\/index.php\/wp-json\/wp\/v2\/product_brand?post=39332"},{"taxonomy":"product_cat","embeddable":true,"href":"https:\/\/singuli.wpress.me\/index.php\/wp-json\/wp\/v2\/product_cat?post=39332"},{"taxonomy":"product_tag","embeddable":true,"href":"https:\/\/singuli.wpress.me\/index.php\/wp-json\/wp\/v2\/product_tag?post=39332"}],"curies":[{"name":"wp","href":"https:\/\/api.w.org\/{rel}","templated":true}]}}