{"id":39347,"date":"2026-04-19T02:23:33","date_gmt":"2026-04-19T02:23:33","guid":{"rendered":"https:\/\/singuli.wpress.me\/index.php\/proizvod\/domo-do496wk-trenta-kuhalo-za-vodu\/"},"modified":"2026-04-20T12:33:28","modified_gmt":"2026-04-20T12:33:28","slug":"domo-do496wk-trenta-kuhalo-za-vodu","status":"publish","type":"product","link":"https:\/\/singuli.wpress.me\/index.php\/proizvod\/domo-do496wk-trenta-kuhalo-za-vodu\/","title":{"rendered":"DOMO DO496WK Trenta, kuhalo za vodu"},"content":{"rendered":"<p>Zahvaljuju\u0107i sna\u017enom Domo Trenta DO496WK kuhalu vodu kuhamo u najkra\u0107em vremenu.<\/p>\n<p>Kuhalo za vodu od nehr\u0111aju\u0107eg \u010delika ima zapreminu 1,7 litara. Zahvaljuju\u0107i snazi \u200b\u200bod 2200 W, trenutno prokuha vodu. Kada voda proklju\u010da, grija\u010d se automatski isklju\u010duje. Skriveni grija\u010d i za\u0161tita od pregrijavanja pru\u017eaju dodatnu sigurnost.<\/p>\n<p>Kuhalo se mo\u017ee okretati za 360\u00b0 na bazi. Odvojivi filtar uklanja kamenac iz vode. Jednostavno \u010di\u0161\u0107enje i skladi\u0161tenje kabela.<\/p>\n","protected":false},"excerpt":{"rendered":"<p>Izra\u0111ena od nehr\u0111aju\u0107eg \u010delika kapaciteta 1,7 l<br \/>\nSkriveni grija\u0107i element i za\u0161tita od pregrijavanja<br \/>\nJednostavno \u010di\u0161\u0107enje i skladi\u0161tenje kabela<\/p>\n","protected":false},"featured_media":39348,"template":"","meta":{"_seopress_robots_primary_cat":"","_seopress_titles_title":"","_seopress_titles_desc":"","_seopress_robots_index":"","iawp_total_views":0},"product_brand":[255],"product_cat":[192,267],"product_tag":[],"class_list":{"0":"post-39347","1":"product","2":"type-product","3":"status-publish","4":"has-post-thumbnail","6":"product_brand-domo","7":"product_cat-aparati-za-osobnu-njegu","8":"product_cat-zdravstveni-uredaji-192","10":"first","11":"instock","12":"shipping-taxable","13":"purchasable","14":"product-type-simple"},"_links":{"self":[{"href":"https:\/\/singuli.wpress.me\/index.php\/wp-json\/wp\/v2\/product\/39347","targetHints":{"allow":["GET"]}}],"collection":[{"href":"https:\/\/singuli.wpress.me\/index.php\/wp-json\/wp\/v2\/product"}],"about":[{"href":"https:\/\/singuli.wpress.me\/index.php\/wp-json\/wp\/v2\/types\/product"}],"version-history":[{"count":0,"href":"https:\/\/singuli.wpress.me\/index.php\/wp-json\/wp\/v2\/product\/39347\/revisions"}],"wp:featuredmedia":[{"embeddable":true,"href":"https:\/\/singuli.wpress.me\/index.php\/wp-json\/wp\/v2\/media\/39348"}],"wp:attachment":[{"href":"https:\/\/singuli.wpress.me\/index.php\/wp-json\/wp\/v2\/media?parent=39347"}],"wp:term":[{"taxonomy":"product_brand","embeddable":true,"href":"https:\/\/singuli.wpress.me\/index.php\/wp-json\/wp\/v2\/product_brand?post=39347"},{"taxonomy":"product_cat","embeddable":true,"href":"https:\/\/singuli.wpress.me\/index.php\/wp-json\/wp\/v2\/product_cat?post=39347"},{"taxonomy":"product_tag","embeddable":true,"href":"https:\/\/singuli.wpress.me\/index.php\/wp-json\/wp\/v2\/product_tag?post=39347"}],"curies":[{"name":"wp","href":"https:\/\/api.w.org\/{rel}","templated":true}]}}