{"id":39353,"date":"2026-04-19T02:23:35","date_gmt":"2026-04-19T02:23:35","guid":{"rendered":"https:\/\/singuli.wpress.me\/index.php\/proizvod\/twistshake-jednokratni-podbradak-10x\/"},"modified":"2026-04-20T12:33:28","modified_gmt":"2026-04-20T12:33:28","slug":"twistshake-jednokratni-podbradak-10x","status":"publish","type":"product","link":"https:\/\/singuli.wpress.me\/index.php\/proizvod\/twistshake-jednokratni-podbradak-10x\/","title":{"rendered":"TWISTSHAKE, jednokratni podbradak, 10x"},"content":{"rendered":"<p>Twistshake jednokratni podbradak \u0161tititi \u0107e va\u0161e dijete prilikom hranjenjenja. Izvrstan prilikom hranjenja kod ku\u0107e, u restoranima, dnevnim izletima, bilo gdje ne \u017eelite koristiti klasi\u010dan podbradak.<\/p>\n<p>Stabilan i udoban podbradak s velikim otvorenim d\u017eepom za hvatanje otpadaka hrane izra\u0111en od vodootpornog materijala.<\/p>\n<p>U paketu dolazi 10 jednokratnih podbradaka sa razli\u010ditim \u0161arenim motivima.<\/p>\n<p>Namijenjeno za djecu od 4. mjeseca nadalje.<\/p>\n<p>Twistshake jednokratni podbradak \u0161tititi \u0107e va\u0161e dijete prilikom hranjenjenja. Izvrstan prilikom hranjenja kod ku\u0107e, u restoranima, dnevnim izletima, bilo gdje ne \u017eelite koristiti klasi\u010dan podbradak. Stabilan i udoban podbradak s velikim otvorenim d\u017eepom za hvatanje otpadaka hrane izra\u0111en od vodootpornog materijala. U paketu dolazi 10 jednokratnih podbradaka sa razli\u010ditim \u0161arenim motivima. <\/p>\n","protected":false},"excerpt":{"rendered":"<p>Pakiranje od 10 komada<br \/>\n\u0160titi prilikom hranjenja<br \/>\nRazli\u010diti \u0161areni uzorci<\/p>\n","protected":false},"featured_media":39354,"template":"","meta":{"_seopress_robots_primary_cat":"","_seopress_titles_title":"","_seopress_titles_desc":"","_seopress_robots_index":"","iawp_total_views":0},"product_brand":[433],"product_cat":[274,238],"product_tag":[],"class_list":{"0":"post-39353","1":"product","2":"type-product","3":"status-publish","4":"has-post-thumbnail","6":"product_brand-twistshake","7":"product_cat-kucanski-pribor-238","8":"product_cat-sve-za-dom","10":"first","11":"instock","12":"shipping-taxable","13":"purchasable","14":"product-type-simple"},"_links":{"self":[{"href":"https:\/\/singuli.wpress.me\/index.php\/wp-json\/wp\/v2\/product\/39353","targetHints":{"allow":["GET"]}}],"collection":[{"href":"https:\/\/singuli.wpress.me\/index.php\/wp-json\/wp\/v2\/product"}],"about":[{"href":"https:\/\/singuli.wpress.me\/index.php\/wp-json\/wp\/v2\/types\/product"}],"version-history":[{"count":0,"href":"https:\/\/singuli.wpress.me\/index.php\/wp-json\/wp\/v2\/product\/39353\/revisions"}],"wp:featuredmedia":[{"embeddable":true,"href":"https:\/\/singuli.wpress.me\/index.php\/wp-json\/wp\/v2\/media\/39354"}],"wp:attachment":[{"href":"https:\/\/singuli.wpress.me\/index.php\/wp-json\/wp\/v2\/media?parent=39353"}],"wp:term":[{"taxonomy":"product_brand","embeddable":true,"href":"https:\/\/singuli.wpress.me\/index.php\/wp-json\/wp\/v2\/product_brand?post=39353"},{"taxonomy":"product_cat","embeddable":true,"href":"https:\/\/singuli.wpress.me\/index.php\/wp-json\/wp\/v2\/product_cat?post=39353"},{"taxonomy":"product_tag","embeddable":true,"href":"https:\/\/singuli.wpress.me\/index.php\/wp-json\/wp\/v2\/product_tag?post=39353"}],"curies":[{"name":"wp","href":"https:\/\/api.w.org\/{rel}","templated":true}]}}