{"id":39363,"date":"2026-04-19T02:23:38","date_gmt":"2026-04-19T02:23:38","guid":{"rendered":"https:\/\/singuli.wpress.me\/index.php\/proizvod\/jar-extra-forest-fruits-tekuci-deterdzent-za-pranje-suda-650-ml\/"},"modified":"2026-04-20T12:33:28","modified_gmt":"2026-04-20T12:33:28","slug":"jar-extra-forest-fruits-tekuci-deterdzent-za-pranje-suda-650-ml","status":"publish","type":"product","link":"https:\/\/singuli.wpress.me\/index.php\/proizvod\/jar-extra-forest-fruits-tekuci-deterdzent-za-pranje-suda-650-ml\/","title":{"rendered":"JAR Extra+ Forest Fruits, teku\u0107i deterd\u017eent za pranje su\u0111a, 650\u00a0ml"},"content":{"rendered":"<p>Teku\u0107i deterd\u017eent za pranje posu\u0111a Jar Extra+ mo\u0107no uklanja tvrdokornu masno\u0107u i tako omogu\u0107uje brzo i lako pranje posu\u0111a dok mirisna varijanta Forest Fruits istovremeno uga\u0111a va\u0161im osjetilima.<\/p>\n","protected":false},"excerpt":{"rendered":"<p>U\u010dinkovito pranje koje uklanja masne ostatke hrane<br \/>\nEkstra dugotrajna pjena iz svake kapi<br \/>\nBogata formula za blistavo \u010disto posu\u0111e, sna\u017eno odma\u0161\u0107ivanje<\/p>\n","protected":false},"featured_media":39364,"template":"","meta":{"_seopress_robots_primary_cat":"","_seopress_titles_title":"","_seopress_titles_desc":"","_seopress_robots_index":"","iawp_total_views":0},"product_brand":[454],"product_cat":[314,238],"product_tag":[],"class_list":{"0":"post-39363","1":"product","2":"type-product","3":"status-publish","4":"has-post-thumbnail","6":"product_brand-jar","7":"product_cat-pranje-posuda-238","8":"product_cat-sve-za-dom","10":"first","11":"instock","12":"shipping-taxable","13":"purchasable","14":"product-type-simple"},"_links":{"self":[{"href":"https:\/\/singuli.wpress.me\/index.php\/wp-json\/wp\/v2\/product\/39363","targetHints":{"allow":["GET"]}}],"collection":[{"href":"https:\/\/singuli.wpress.me\/index.php\/wp-json\/wp\/v2\/product"}],"about":[{"href":"https:\/\/singuli.wpress.me\/index.php\/wp-json\/wp\/v2\/types\/product"}],"version-history":[{"count":0,"href":"https:\/\/singuli.wpress.me\/index.php\/wp-json\/wp\/v2\/product\/39363\/revisions"}],"wp:featuredmedia":[{"embeddable":true,"href":"https:\/\/singuli.wpress.me\/index.php\/wp-json\/wp\/v2\/media\/39364"}],"wp:attachment":[{"href":"https:\/\/singuli.wpress.me\/index.php\/wp-json\/wp\/v2\/media?parent=39363"}],"wp:term":[{"taxonomy":"product_brand","embeddable":true,"href":"https:\/\/singuli.wpress.me\/index.php\/wp-json\/wp\/v2\/product_brand?post=39363"},{"taxonomy":"product_cat","embeddable":true,"href":"https:\/\/singuli.wpress.me\/index.php\/wp-json\/wp\/v2\/product_cat?post=39363"},{"taxonomy":"product_tag","embeddable":true,"href":"https:\/\/singuli.wpress.me\/index.php\/wp-json\/wp\/v2\/product_tag?post=39363"}],"curies":[{"name":"wp","href":"https:\/\/api.w.org\/{rel}","templated":true}]}}