{"id":39383,"date":"2026-04-19T02:23:57","date_gmt":"2026-04-19T02:23:57","guid":{"rendered":"https:\/\/singuli.wpress.me\/index.php\/proizvod\/revlon-one-step-volumiser-plus-salon-cetka-za-kosu-2u1\/"},"modified":"2026-04-20T12:33:28","modified_gmt":"2026-04-20T12:33:28","slug":"revlon-one-step-volumiser-plus-salon-cetka-za-kosu-2u1","status":"publish","type":"product","link":"https:\/\/singuli.wpress.me\/index.php\/proizvod\/revlon-one-step-volumiser-plus-salon-cetka-za-kosu-2u1\/","title":{"rendered":"REVLON One-Step Volumiser Plus, salon \u010detka za kosu 2u1"},"content":{"rendered":"<p>Istaknute zna\u010dajke proizvoda:<\/p>\n<p>U\u017eivajte u su\u0161enju kose kao u salonu i 75% ve\u0107em sjaju u upola manje vremena uz 50% manje izlaganja visokim temperaturama<\/p>\n<p>30% manja ovalna glava \u010detke -Nova ovalna \u010detka s valjkom promjera 6,4 cm omogu\u0107uje oblikovanje kose bli\u017ee korijenima. Odli\u010dna je za sve duljine kose, nudi vi\u0161e mogu\u0107nosti pri oblikovanju te pru\u017ea ve\u0107i volumen.<\/p>\n<p>Kerami\u010dki premaz oboga\u0107en titanijem i turmalinom &#8211; Ravnomjernom raspodjelom topline poma\u017ee smanjiti o\u0161te\u0107enja od pretjeranog oblikovanja. Bolja toplina za manje o\u0161te\u0107enja.<\/p>\n<p>Odvojiva glava &#8211; Gumb za otpu\u0161tanje odvaja glavu \u010detke od dr\u0161ke za lak\u0161e spremanje, \u0161to ovaj ure\u0111aj \u010dini prakti\u010dnim i za putovanja.<\/p>\n<p>Kombinacija vlakana &#8211; Kombinacija vlakana i kuglice s aktivnim ugljenom na njihovu vrhu poma\u017ee dobro dr\u017eati kosu za br\u017ee su\u0161enje i glatke, voluminozne rezultate.<\/p>\n<p>U\u017ea dr\u0161ka -Pru\u017ea vi\u0161e kontrole pri oblikovanju.<\/p>\n<p>Dodatne postavke sa srednjom razinom topline &#8211; Dostupne su 4 postavke topline za prilago\u0111avanje temperature.<\/p>\n<p>Ionska tehnologija &#8211; Negativni ioni zasi\u0107uju protok zraka kako bi smanjili veli\u010dinu kapljica vode za br\u017ee su\u0161enje. To poma\u017ee njegovati i zagladiti kosu te je u\u010diniti sjajnijom, istodobno krote\u0107i neposlu\u0161ne vlasi.<\/p>\n<p>Ostale zna\u010dajke &#8211; Ergonomska dr\u0161ka, hladni vrh i lagan dizajn<\/p>\n<p>NOVO<br \/>\n&#8211; Dugovje\u010dniji motor<br \/>\n&#8211; 4 postavke topline<br \/>\n&#8211; Kabel koji se okre\u0107e oko svoje osi i ne zapli\u0107e se<\/p>\n","protected":false},"excerpt":{"rendered":"<p>Dizajn \u010detke omogu\u0107uje brzu i ravnomjernu raspodjelu zraka kroz kosu<br \/>\nNajlonske \u010dekinje sa sfernim vrhovima osiguravaju nje\u017eno ra\u0161\u010de\u0161ljavanje kose<br \/>\nS kerami\u010dkim premazom koji osigurava ravnomjernu raspodjelu topline i manje o\u0161te\u0107enja<\/p>\n","protected":false},"featured_media":39384,"template":"","meta":{"_seopress_robots_primary_cat":"","_seopress_titles_title":"","_seopress_titles_desc":"","_seopress_robots_index":"","iawp_total_views":0},"product_brand":[155],"product_cat":[322,268,321],"product_tag":[],"class_list":{"0":"post-39383","1":"product","2":"type-product","3":"status-publish","4":"has-post-thumbnail","6":"product_brand-revlon","7":"product_cat-cetke-za-kosu-321","8":"product_cat-kozmetika-2","9":"product_cat-njega-za-zene-268","11":"first","12":"instock","13":"shipping-taxable","14":"purchasable","15":"product-type-simple"},"_links":{"self":[{"href":"https:\/\/singuli.wpress.me\/index.php\/wp-json\/wp\/v2\/product\/39383","targetHints":{"allow":["GET"]}}],"collection":[{"href":"https:\/\/singuli.wpress.me\/index.php\/wp-json\/wp\/v2\/product"}],"about":[{"href":"https:\/\/singuli.wpress.me\/index.php\/wp-json\/wp\/v2\/types\/product"}],"version-history":[{"count":0,"href":"https:\/\/singuli.wpress.me\/index.php\/wp-json\/wp\/v2\/product\/39383\/revisions"}],"wp:featuredmedia":[{"embeddable":true,"href":"https:\/\/singuli.wpress.me\/index.php\/wp-json\/wp\/v2\/media\/39384"}],"wp:attachment":[{"href":"https:\/\/singuli.wpress.me\/index.php\/wp-json\/wp\/v2\/media?parent=39383"}],"wp:term":[{"taxonomy":"product_brand","embeddable":true,"href":"https:\/\/singuli.wpress.me\/index.php\/wp-json\/wp\/v2\/product_brand?post=39383"},{"taxonomy":"product_cat","embeddable":true,"href":"https:\/\/singuli.wpress.me\/index.php\/wp-json\/wp\/v2\/product_cat?post=39383"},{"taxonomy":"product_tag","embeddable":true,"href":"https:\/\/singuli.wpress.me\/index.php\/wp-json\/wp\/v2\/product_tag?post=39383"}],"curies":[{"name":"wp","href":"https:\/\/api.w.org\/{rel}","templated":true}]}}