{"id":39389,"date":"2026-04-19T02:23:59","date_gmt":"2026-04-19T02:23:59","guid":{"rendered":"https:\/\/singuli.wpress.me\/index.php\/proizvod\/always-aura-dnevni-ulosci-56-kom\/"},"modified":"2026-04-20T12:33:28","modified_gmt":"2026-04-20T12:33:28","slug":"always-aura-dnevni-ulosci-56-kom","status":"publish","type":"product","link":"https:\/\/singuli.wpress.me\/index.php\/proizvod\/always-aura-dnevni-ulosci-56-kom\/","title":{"rendered":"ALWAYS Aura, dnevni ulo\u0161ci, 56\u00a0kom"},"content":{"rendered":"<p>Bez obzira kakve vam zaplete dan pripremi, dnevni ulo\u0161ci Always Dailies Normal Classic Soft like cotton  pru\u017eaju vam fleksibilnost i meko\u0107u u koju se mo\u017eete pouzdati. Od joge do ureda ovi dnevni ulo\u0161ci poma\u017eu vam da se osje\u0107ate svje\u017ee i sigurno u svakoj situaciji u kojoj biste se mogli prona\u0107i tijekom dana. S posebno razvijenom mre\u017eastom strukturom za dodatnu fleksibilnost i prianjanje od ruba do ruba, ovi dnevni ulo\u0161ci zaista se prilago\u0111avaju svim pokretima tijela za cjelodnevnu svje\u017einu. Idealni za vaginalni iscjedak ili kao dodatna za\u0161tita za neredovite mjese\u010dnice.<\/p>\n","protected":false},"excerpt":{"rendered":"<p>Fleksibilnost i meko\u0107a<br \/>\nOsje\u0107aj svje\u017eine i sigurnosti<br \/>\nPrianjaju od ruba do ruba<\/p>\n","protected":false},"featured_media":39390,"template":"","meta":{"_seopress_robots_primary_cat":"","_seopress_titles_title":"","_seopress_titles_desc":"","_seopress_robots_index":"","iawp_total_views":0},"product_brand":[449],"product_cat":[211,288],"product_tag":[],"class_list":{"0":"post-39389","1":"product","2":"type-product","3":"status-publish","4":"has-post-thumbnail","6":"product_brand-always","7":"product_cat-njega-majke-i-djeteta","8":"product_cat-zenska-higijena-211","10":"first","11":"outofstock","12":"shipping-taxable","13":"purchasable","14":"product-type-simple"},"_links":{"self":[{"href":"https:\/\/singuli.wpress.me\/index.php\/wp-json\/wp\/v2\/product\/39389","targetHints":{"allow":["GET"]}}],"collection":[{"href":"https:\/\/singuli.wpress.me\/index.php\/wp-json\/wp\/v2\/product"}],"about":[{"href":"https:\/\/singuli.wpress.me\/index.php\/wp-json\/wp\/v2\/types\/product"}],"version-history":[{"count":0,"href":"https:\/\/singuli.wpress.me\/index.php\/wp-json\/wp\/v2\/product\/39389\/revisions"}],"wp:featuredmedia":[{"embeddable":true,"href":"https:\/\/singuli.wpress.me\/index.php\/wp-json\/wp\/v2\/media\/39390"}],"wp:attachment":[{"href":"https:\/\/singuli.wpress.me\/index.php\/wp-json\/wp\/v2\/media?parent=39389"}],"wp:term":[{"taxonomy":"product_brand","embeddable":true,"href":"https:\/\/singuli.wpress.me\/index.php\/wp-json\/wp\/v2\/product_brand?post=39389"},{"taxonomy":"product_cat","embeddable":true,"href":"https:\/\/singuli.wpress.me\/index.php\/wp-json\/wp\/v2\/product_cat?post=39389"},{"taxonomy":"product_tag","embeddable":true,"href":"https:\/\/singuli.wpress.me\/index.php\/wp-json\/wp\/v2\/product_tag?post=39389"}],"curies":[{"name":"wp","href":"https:\/\/api.w.org\/{rel}","templated":true}]}}