{"id":39391,"date":"2026-04-19T02:24:03","date_gmt":"2026-04-19T02:24:03","guid":{"rendered":"https:\/\/singuli.wpress.me\/index.php\/proizvod\/medex-sirup-zeljezo-c-vitamnin-folna-kiselina-150-ml\/"},"modified":"2026-04-21T00:26:59","modified_gmt":"2026-04-21T00:26:59","slug":"medex-sirup-zeljezo-c-vitamnin-folna-kiselina-150-ml","status":"publish","type":"product","link":"https:\/\/singuli.wpress.me\/index.php\/proizvod\/medex-sirup-zeljezo-c-vitamnin-folna-kiselina-150-ml\/","title":{"rendered":"MEDEX, sirup, \u017eeljezo + C vitamnin + folna kiselina, 150\u00a0ml"},"content":{"rendered":"<p>Medeni sirup sa dodanim \u017eeljezom, vitaminima, mati\u010dnom mlije\u010di i ciklom<br \/>\n\u017deljezo ima ulogu u nastajanju crvenih krvnih stanica i hemoglobina te u prijenosu kisika u tijelu. Pridonosi i normalnom kognitivnom razvoju djeteta.<br \/>\n&#8211; \u017deljezo, vitamini C i folat imaju ulogu u radu imunolo\u0161kog sustava i pridonose smanjenju umora i iscrpljenosti.<br \/>\n&#8211; Vitamin C pove\u0107ava apsorpciju \u017eeljeza.<br \/>\n&#8211; Folat poma\u017ee u stvaranju krvi<\/p>\n<p><span style=\"font-weight: bold\">Upute za upotrebu<\/span>: Proizvod je namijenjen  sporta\u0161ima, djeci tijekom razdoblja rasta, \u017eenama tijekom menstruacije, trudnicama i dojiljama, vegetarijancima i onima koji \u017eele izbje\u0107i umor. Preporu\u010dena dnevna koli\u010dina za odrasle jest 3 \u017eli\u0107ice 1 x dnevno, za trudnice 3 \u017eli\u0107ice 2 x dnevno, za majke koje doje 2 \u017eli\u0107ice 2 x dnevno. <\/p>\n<p>U preporu\u010denoj dnevnoj dozi za odrasle (3 \u017eli\u0107ice = 15 ml): Vitamin C 20 mg 25 % PU*, \u017deljezo 14 mg 100% PU*, Folna kiselina 200 \u03bcg 100% PU*, Mati\u010dna mlije\u010d 215 mg, Sok od cikle 3,5 g, Med 15,2 g.<br \/>\n&quot;<\/p>\n","protected":false},"excerpt":{"rendered":"<p>Medeni sirup sa dodanim \u017eeljezom, vitaminima, mati\u010dnom mlije\u010di i ciklom<br \/>\nPreporu\u010duje se svima koji \u017eele izbje\u0107i umor<br \/>\nVitamin A doprinosi odr\u017eavanju normalnih sluznica. Vitamin A i vitamin C doprinose normalnoj funkciji imunolo\u0161kog sustava.<\/p>\n","protected":false},"featured_media":39392,"template":"","meta":{"_seopress_robots_primary_cat":"","_seopress_titles_title":"","_seopress_titles_desc":"","_seopress_robots_index":"","iawp_total_views":0},"product_brand":[415],"product_cat":[268,269],"product_tag":[],"class_list":{"0":"post-39391","1":"product","2":"type-product","3":"status-publish","4":"has-post-thumbnail","6":"product_brand-medex","7":"product_cat-kozmetika-2","8":"product_cat-zastita-koze-268","10":"first","11":"instock","12":"shipping-taxable","13":"purchasable","14":"product-type-simple"},"_links":{"self":[{"href":"https:\/\/singuli.wpress.me\/index.php\/wp-json\/wp\/v2\/product\/39391","targetHints":{"allow":["GET"]}}],"collection":[{"href":"https:\/\/singuli.wpress.me\/index.php\/wp-json\/wp\/v2\/product"}],"about":[{"href":"https:\/\/singuli.wpress.me\/index.php\/wp-json\/wp\/v2\/types\/product"}],"version-history":[{"count":0,"href":"https:\/\/singuli.wpress.me\/index.php\/wp-json\/wp\/v2\/product\/39391\/revisions"}],"wp:featuredmedia":[{"embeddable":true,"href":"https:\/\/singuli.wpress.me\/index.php\/wp-json\/wp\/v2\/media\/39392"}],"wp:attachment":[{"href":"https:\/\/singuli.wpress.me\/index.php\/wp-json\/wp\/v2\/media?parent=39391"}],"wp:term":[{"taxonomy":"product_brand","embeddable":true,"href":"https:\/\/singuli.wpress.me\/index.php\/wp-json\/wp\/v2\/product_brand?post=39391"},{"taxonomy":"product_cat","embeddable":true,"href":"https:\/\/singuli.wpress.me\/index.php\/wp-json\/wp\/v2\/product_cat?post=39391"},{"taxonomy":"product_tag","embeddable":true,"href":"https:\/\/singuli.wpress.me\/index.php\/wp-json\/wp\/v2\/product_tag?post=39391"}],"curies":[{"name":"wp","href":"https:\/\/api.w.org\/{rel}","templated":true}]}}