{"id":39395,"date":"2026-04-19T02:24:03","date_gmt":"2026-04-19T02:24:03","guid":{"rendered":"https:\/\/singuli.wpress.me\/index.php\/proizvod\/fisher-price-seka-sveznalica-razine-znanja\/"},"modified":"2026-04-20T12:33:28","modified_gmt":"2026-04-20T12:33:28","slug":"fisher-price-seka-sveznalica-razine-znanja","status":"publish","type":"product","link":"https:\/\/singuli.wpress.me\/index.php\/proizvod\/fisher-price-seka-sveznalica-razine-znanja\/","title":{"rendered":"FISHER PRICE, seka Sveznalica, razine znanja"},"content":{"rendered":"<p>Mekani, umiljati prijatelj spreman je da zabavno u\u010denje nikad ne prestane.<\/p>\n<p>Sada s jo\u0161 vi\u0161e pjesmica, zvukova i fraza.<\/p>\n<p>Upoznaje va\u0161e dijete s vi\u0161e od 100 prvih rije\u010di &#8211; dijelovi tijela, boje, oblici i jo\u0161 puno toga!<\/p>\n<p>Psi\u0107evo srce treperi u ritmu s pjesmicama i u puno boja.<\/p>\n<p>Kako se svako dijete razvija svojim vlastitim ritmom, i ovaj Psi\u0107 ima tehnologiju Razine znanja koja omogu\u0107ava odabir pjesmica, zvukova i fraza koje najbolje odgovaraju razvojnoj fazi va\u0161eg djeteta.<\/p>\n<p>\nRazina 1<\/p>\n<p>\u2013 Istra\u017eivanje<\/p>\n<p>Beba mo\u017ee pritisnuti psi\u0107eve ruke, \u0161apicu, srce ili uho kako bi \u010dula vi\u0161e od 100 prvih rije\u010di; boje, slova, dijelove tijela i puno vi\u0161e toga!<\/p>\n<p>Razina 2<\/p>\n<p>&#8211; Poticanje<\/p>\n<p>Maleni se nagra\u0111uju zabavnim frazama kako bi se potaknuli da nastave brojati, pronalaziti boje i prepoznavati dijelove tijela.<\/p>\n<p>Razina 3<\/p>\n<p>\u2013 Pretvaranje<\/p>\n<p>Psi\u0107 je spreman za igru pretvaranja uz pjesmice i fraze kojima se dijete uklju\u010duje u zabavnu i ma\u0161tovitu igru i pritom \u0161iri svoj rje\u010dnik.<\/p>\n<p>75+ pjesmica, zvukova i fraza<\/p>\n<p>Podu\u010dava vi\u0161e od 100 prvih rije\u010di \u2013 dijelovi tijela, oblici, brojanje, slova i puno vi\u0161e!<\/p>\n<p>Tri Razine znanja \u2013 raste zajedno s va\u0161im djetetom<\/p>\n<p>Pritisnite i dr\u017eite Psi\u0107evo srce kako biste \u010duli sve pjesme!<\/p>\n","protected":false},"excerpt":{"rendered":"<p>75+ pjesmica, zvukova i fraza<br \/>\nVi\u0161e od 100 prvih rije\u010di<br \/>\n3 razine znanja<\/p>\n","protected":false},"featured_media":39396,"template":"","meta":{"_seopress_robots_primary_cat":"","_seopress_titles_title":"","_seopress_titles_desc":"","_seopress_robots_index":"","iawp_total_views":0},"product_brand":[458],"product_cat":[221,291],"product_tag":[],"class_list":{"0":"post-39395","1":"product","2":"type-product","3":"status-publish","4":"has-post-thumbnail","6":"product_brand-fisher-price","7":"product_cat-igracke","8":"product_cat-igracke-za-djecu-221","10":"first","11":"instock","12":"shipping-taxable","13":"purchasable","14":"product-type-simple"},"_links":{"self":[{"href":"https:\/\/singuli.wpress.me\/index.php\/wp-json\/wp\/v2\/product\/39395","targetHints":{"allow":["GET"]}}],"collection":[{"href":"https:\/\/singuli.wpress.me\/index.php\/wp-json\/wp\/v2\/product"}],"about":[{"href":"https:\/\/singuli.wpress.me\/index.php\/wp-json\/wp\/v2\/types\/product"}],"version-history":[{"count":0,"href":"https:\/\/singuli.wpress.me\/index.php\/wp-json\/wp\/v2\/product\/39395\/revisions"}],"wp:featuredmedia":[{"embeddable":true,"href":"https:\/\/singuli.wpress.me\/index.php\/wp-json\/wp\/v2\/media\/39396"}],"wp:attachment":[{"href":"https:\/\/singuli.wpress.me\/index.php\/wp-json\/wp\/v2\/media?parent=39395"}],"wp:term":[{"taxonomy":"product_brand","embeddable":true,"href":"https:\/\/singuli.wpress.me\/index.php\/wp-json\/wp\/v2\/product_brand?post=39395"},{"taxonomy":"product_cat","embeddable":true,"href":"https:\/\/singuli.wpress.me\/index.php\/wp-json\/wp\/v2\/product_cat?post=39395"},{"taxonomy":"product_tag","embeddable":true,"href":"https:\/\/singuli.wpress.me\/index.php\/wp-json\/wp\/v2\/product_tag?post=39395"}],"curies":[{"name":"wp","href":"https:\/\/api.w.org\/{rel}","templated":true}]}}