{"id":39401,"date":"2026-04-19T02:24:06","date_gmt":"2026-04-19T02:24:06","guid":{"rendered":"https:\/\/singuli.wpress.me\/index.php\/proizvod\/make-it-real-set-dnevnik-nebeska-bajka\/"},"modified":"2026-04-20T12:33:28","modified_gmt":"2026-04-20T12:33:28","slug":"make-it-real-set-dnevnik-nebeska-bajka","status":"publish","type":"product","link":"https:\/\/singuli.wpress.me\/index.php\/proizvod\/make-it-real-set-dnevnik-nebeska-bajka\/","title":{"rendered":"MAKE IT REAL, set, dnevnik &#8211; nebeska bajka"},"content":{"rendered":"<p>Ako jo\u0161 nije zapisano u zvijezdama \u2013 zapi\u0161i ovdje!<\/p>\n<p>200 stranica dnevnika \u010deka da ga ispuni\u0161 svojim mislima, snovima i pri\u010dama \u2013 pomo\u0107u predivne ukra\u0161ene olovke.<\/p>\n<p>Set sadr\u017ei i predivnu ogrlicu sa privjeskom da podsjeti onu koja je nosi \u2013 kako uvijek treba dosezati zvijezde!<\/p>\n<p>Sadr\u017eaj: 1 dnevnik, 1 olovka, 1 ogrlica s privjeskom<\/p>\n<p>Dob: 6+ godina<\/p>\n","protected":false},"excerpt":{"rendered":"<p>200 stranica dnevnika<br \/>\nSadr\u017ei vi\u0161e komponenti<br \/>\nDob: 6+god<\/p>\n","protected":false},"featured_media":39402,"template":"","meta":{"_seopress_robots_primary_cat":"","_seopress_titles_title":"","_seopress_titles_desc":"","_seopress_robots_index":"","iawp_total_views":0},"product_brand":[441],"product_cat":[221,291],"product_tag":[],"class_list":{"0":"post-39401","1":"product","2":"type-product","3":"status-publish","4":"has-post-thumbnail","6":"product_brand-make-it-real","7":"product_cat-igracke","8":"product_cat-igracke-za-djecu-221","10":"first","11":"outofstock","12":"shipping-taxable","13":"purchasable","14":"product-type-simple"},"_links":{"self":[{"href":"https:\/\/singuli.wpress.me\/index.php\/wp-json\/wp\/v2\/product\/39401","targetHints":{"allow":["GET"]}}],"collection":[{"href":"https:\/\/singuli.wpress.me\/index.php\/wp-json\/wp\/v2\/product"}],"about":[{"href":"https:\/\/singuli.wpress.me\/index.php\/wp-json\/wp\/v2\/types\/product"}],"version-history":[{"count":0,"href":"https:\/\/singuli.wpress.me\/index.php\/wp-json\/wp\/v2\/product\/39401\/revisions"}],"wp:featuredmedia":[{"embeddable":true,"href":"https:\/\/singuli.wpress.me\/index.php\/wp-json\/wp\/v2\/media\/39402"}],"wp:attachment":[{"href":"https:\/\/singuli.wpress.me\/index.php\/wp-json\/wp\/v2\/media?parent=39401"}],"wp:term":[{"taxonomy":"product_brand","embeddable":true,"href":"https:\/\/singuli.wpress.me\/index.php\/wp-json\/wp\/v2\/product_brand?post=39401"},{"taxonomy":"product_cat","embeddable":true,"href":"https:\/\/singuli.wpress.me\/index.php\/wp-json\/wp\/v2\/product_cat?post=39401"},{"taxonomy":"product_tag","embeddable":true,"href":"https:\/\/singuli.wpress.me\/index.php\/wp-json\/wp\/v2\/product_tag?post=39401"}],"curies":[{"name":"wp","href":"https:\/\/api.w.org\/{rel}","templated":true}]}}