{"id":39417,"date":"2026-04-19T02:24:13","date_gmt":"2026-04-19T02:24:13","guid":{"rendered":"https:\/\/singuli.wpress.me\/index.php\/proizvod\/jar-tekuci-deterdzent-za-pranje-suda-s-aktivnom-pjenom-i-pumpicom-350-ml\/"},"modified":"2026-04-20T12:33:28","modified_gmt":"2026-04-20T12:33:28","slug":"jar-tekuci-deterdzent-za-pranje-suda-s-aktivnom-pjenom-i-pumpicom-350-ml","status":"publish","type":"product","link":"https:\/\/singuli.wpress.me\/index.php\/proizvod\/jar-tekuci-deterdzent-za-pranje-suda-s-aktivnom-pjenom-i-pumpicom-350-ml\/","title":{"rendered":"JAR, teku\u0107i deterd\u017eent za pranje su\u0111a, s aktivnom pjenom i pumpicom, 350\u00a0ml"},"content":{"rendered":"<p>Revolucionarna Jar instant pjena mo\u0107no uklanja masno\u0107e pa \u0107e va\u0161e svakodnevno pranje posu\u0111a biti brzo i jednostavno. Vi\u0161e ne morate mo\u010diti i stiskati spu\u017evu biste dobili sapunicu: gotova pjena mo\u017ee se nanijeti izravno na spu\u017evu i spremna je za pru\u017eanje sjajnih rezultata.<\/p>\n","protected":false},"excerpt":{"rendered":"<p>Pjena gotova za upotrebu<br \/>\nNevjerojatna mo\u0107 \u010di\u0161\u0107enja masti<br \/>\nInstant pjena za deterd\u017eent s pumpicom<\/p>\n","protected":false},"featured_media":39418,"template":"","meta":{"_seopress_robots_primary_cat":"","_seopress_titles_title":"","_seopress_titles_desc":"","_seopress_robots_index":"","iawp_total_views":0},"product_brand":[454],"product_cat":[314,238],"product_tag":[],"class_list":{"0":"post-39417","1":"product","2":"type-product","3":"status-publish","4":"has-post-thumbnail","6":"product_brand-jar","7":"product_cat-pranje-posuda-238","8":"product_cat-sve-za-dom","10":"first","11":"outofstock","12":"shipping-taxable","13":"purchasable","14":"product-type-simple"},"_links":{"self":[{"href":"https:\/\/singuli.wpress.me\/index.php\/wp-json\/wp\/v2\/product\/39417","targetHints":{"allow":["GET"]}}],"collection":[{"href":"https:\/\/singuli.wpress.me\/index.php\/wp-json\/wp\/v2\/product"}],"about":[{"href":"https:\/\/singuli.wpress.me\/index.php\/wp-json\/wp\/v2\/types\/product"}],"version-history":[{"count":0,"href":"https:\/\/singuli.wpress.me\/index.php\/wp-json\/wp\/v2\/product\/39417\/revisions"}],"wp:featuredmedia":[{"embeddable":true,"href":"https:\/\/singuli.wpress.me\/index.php\/wp-json\/wp\/v2\/media\/39418"}],"wp:attachment":[{"href":"https:\/\/singuli.wpress.me\/index.php\/wp-json\/wp\/v2\/media?parent=39417"}],"wp:term":[{"taxonomy":"product_brand","embeddable":true,"href":"https:\/\/singuli.wpress.me\/index.php\/wp-json\/wp\/v2\/product_brand?post=39417"},{"taxonomy":"product_cat","embeddable":true,"href":"https:\/\/singuli.wpress.me\/index.php\/wp-json\/wp\/v2\/product_cat?post=39417"},{"taxonomy":"product_tag","embeddable":true,"href":"https:\/\/singuli.wpress.me\/index.php\/wp-json\/wp\/v2\/product_tag?post=39417"}],"curies":[{"name":"wp","href":"https:\/\/api.w.org\/{rel}","templated":true}]}}