{"id":39423,"date":"2026-04-19T02:24:14","date_gmt":"2026-04-19T02:24:14","guid":{"rendered":"https:\/\/singuli.wpress.me\/index.php\/proizvod\/lenor-sensitive-cotton-fresh-omeksivac-2-4-l\/"},"modified":"2026-04-20T12:33:28","modified_gmt":"2026-04-20T12:33:28","slug":"lenor-sensitive-cotton-fresh-omeksivac-2-4-l","status":"publish","type":"product","link":"https:\/\/singuli.wpress.me\/index.php\/proizvod\/lenor-sensitive-cotton-fresh-omeksivac-2-4-l\/","title":{"rendered":"LENOR Sensitive Cotton Fresh, omek\u0161iva\u010d, 2.4\u00a0l"},"content":{"rendered":"<p>Uz omek\u0161iva\u010d rublja Lenor Cotton Freshness omek\u0161iva\u010d za rublje s biljnim sastojcima za meko\u0107u osje\u0107at \u0107ete se dobro u svakoj tkanini, uz najbolju Lenorovu svje\u017einu do sada. <\/p>\n<p>Lenor Cotton Freshness omek\u0161iva\u010d pru\u017ea dugotrajnu svje\u017einu do tjedan dana, bo\u017eanstvenu meko\u0107u i omogu\u0107uje lako gla\u010danje. <\/p>\n<p>Boca se mo\u017ee ponovno reciklirati.<\/p>\n","protected":false},"excerpt":{"rendered":"<p>Biljni sastojci pru\u017eaju meko\u0107u rublju<br \/>\nDermatolo\u0161ki testirano<br \/>\nOmek\u0161iva\u010d tkanine s 0 % bojila<\/p>\n","protected":false},"featured_media":39424,"template":"","meta":{"_seopress_robots_primary_cat":"","_seopress_titles_title":"","_seopress_titles_desc":"","_seopress_robots_index":"","iawp_total_views":0},"product_brand":[446],"product_cat":[283,238],"product_tag":[],"class_list":{"0":"post-39423","1":"product","2":"type-product","3":"status-publish","4":"has-post-thumbnail","6":"product_brand-lenor","7":"product_cat-pranje-rublja-238","8":"product_cat-sve-za-dom","10":"first","11":"outofstock","12":"shipping-taxable","13":"purchasable","14":"product-type-simple"},"_links":{"self":[{"href":"https:\/\/singuli.wpress.me\/index.php\/wp-json\/wp\/v2\/product\/39423","targetHints":{"allow":["GET"]}}],"collection":[{"href":"https:\/\/singuli.wpress.me\/index.php\/wp-json\/wp\/v2\/product"}],"about":[{"href":"https:\/\/singuli.wpress.me\/index.php\/wp-json\/wp\/v2\/types\/product"}],"version-history":[{"count":0,"href":"https:\/\/singuli.wpress.me\/index.php\/wp-json\/wp\/v2\/product\/39423\/revisions"}],"wp:featuredmedia":[{"embeddable":true,"href":"https:\/\/singuli.wpress.me\/index.php\/wp-json\/wp\/v2\/media\/39424"}],"wp:attachment":[{"href":"https:\/\/singuli.wpress.me\/index.php\/wp-json\/wp\/v2\/media?parent=39423"}],"wp:term":[{"taxonomy":"product_brand","embeddable":true,"href":"https:\/\/singuli.wpress.me\/index.php\/wp-json\/wp\/v2\/product_brand?post=39423"},{"taxonomy":"product_cat","embeddable":true,"href":"https:\/\/singuli.wpress.me\/index.php\/wp-json\/wp\/v2\/product_cat?post=39423"},{"taxonomy":"product_tag","embeddable":true,"href":"https:\/\/singuli.wpress.me\/index.php\/wp-json\/wp\/v2\/product_tag?post=39423"}],"curies":[{"name":"wp","href":"https:\/\/api.w.org\/{rel}","templated":true}]}}