{"id":39427,"date":"2026-04-19T02:24:16","date_gmt":"2026-04-19T02:24:16","guid":{"rendered":"https:\/\/singuli.wpress.me\/index.php\/proizvod\/dana-prirodni-sok-100-jagoda-jabuka-1-l\/"},"modified":"2026-04-20T12:33:28","modified_gmt":"2026-04-20T12:33:28","slug":"dana-prirodni-sok-100-jagoda-jabuka-1-l","status":"publish","type":"product","link":"https:\/\/singuli.wpress.me\/index.php\/proizvod\/dana-prirodni-sok-100-jagoda-jabuka-1-l\/","title":{"rendered":"DANA, prirodni sok, 100% jagoda, jabuka, 1\u00a0l"},"content":{"rendered":"<p>Vo\u0107ni nektar jagode i jabuke od ka\u0161e jagode i jabuke te koncentriranog soka jabuke. Udio vo\u0107a najmanje 45 %.<\/p>\n<p>Otvoreni sok dr\u017eati u hladnjaku i potro\u0161iti u roku od 3 dana.<\/p>\n","protected":false},"excerpt":{"rendered":"<p>Koncentrirani sok<br \/>\nUdio vo\u0107a: 100%<br \/>\nPasterizirano<\/p>\n","protected":false},"featured_media":39428,"template":"","meta":{"_seopress_robots_primary_cat":"","_seopress_titles_title":"","_seopress_titles_desc":"","_seopress_robots_index":"","iawp_total_views":0},"product_brand":[485],"product_cat":[261,262],"product_tag":[],"class_list":{"0":"post-39427","1":"product","2":"type-product","3":"status-publish","4":"has-post-thumbnail","6":"product_brand-dana","7":"product_cat-hrana-i-pice","8":"product_cat-sokovi-i-napitci-261","10":"first","11":"outofstock","12":"shipping-taxable","13":"purchasable","14":"product-type-simple"},"_links":{"self":[{"href":"https:\/\/singuli.wpress.me\/index.php\/wp-json\/wp\/v2\/product\/39427","targetHints":{"allow":["GET"]}}],"collection":[{"href":"https:\/\/singuli.wpress.me\/index.php\/wp-json\/wp\/v2\/product"}],"about":[{"href":"https:\/\/singuli.wpress.me\/index.php\/wp-json\/wp\/v2\/types\/product"}],"version-history":[{"count":0,"href":"https:\/\/singuli.wpress.me\/index.php\/wp-json\/wp\/v2\/product\/39427\/revisions"}],"wp:featuredmedia":[{"embeddable":true,"href":"https:\/\/singuli.wpress.me\/index.php\/wp-json\/wp\/v2\/media\/39428"}],"wp:attachment":[{"href":"https:\/\/singuli.wpress.me\/index.php\/wp-json\/wp\/v2\/media?parent=39427"}],"wp:term":[{"taxonomy":"product_brand","embeddable":true,"href":"https:\/\/singuli.wpress.me\/index.php\/wp-json\/wp\/v2\/product_brand?post=39427"},{"taxonomy":"product_cat","embeddable":true,"href":"https:\/\/singuli.wpress.me\/index.php\/wp-json\/wp\/v2\/product_cat?post=39427"},{"taxonomy":"product_tag","embeddable":true,"href":"https:\/\/singuli.wpress.me\/index.php\/wp-json\/wp\/v2\/product_tag?post=39427"}],"curies":[{"name":"wp","href":"https:\/\/api.w.org\/{rel}","templated":true}]}}