{"id":39431,"date":"2026-04-19T02:24:18","date_gmt":"2026-04-19T02:24:18","guid":{"rendered":"https:\/\/singuli.wpress.me\/index.php\/proizvod\/braun-bg-nastavci-za-brijac\/"},"modified":"2026-04-21T00:27:00","modified_gmt":"2026-04-21T00:27:00","slug":"braun-bg-nastavci-za-brijac","status":"publish","type":"product","link":"https:\/\/singuli.wpress.me\/index.php\/proizvod\/braun-bg-nastavci-za-brijac\/","title":{"rendered":"BRAUN BG, nastavci za brija\u010d"},"content":{"rendered":"<p><span style=\"font-weight: bold;color: #4472C4\">EasyClick nastavak za podrezivanje tijela za Braun serije 5, 6 i 7 elektri\u010dnih brija\u010da (nove generacije)<\/span><span style=\"color: #4472C4\"><\/p>\n<p>&#8211; Nadogradite svoj aparat za brijanje EasyClick nastavkom za njegu tijela.<br \/>\n&#8211; Podre\u017eite dlake na tijelu namjenskim trimerom i tri postavke duljine (glatko, nje\u017eno i 3 mm).<br \/>\n&#8211; Pogodno za podrezivanje i brijanje dla\u010dica na pazusima, prsima i preponama.<br \/>\n&#8211; Kompatibilan s novom generacijom elektri\u010dnih brija\u010da Braun Series 5, 6 i 7.<br \/>\n&#8211; Glava i dodaci su potpuno prikladni za \u010di\u0161\u0107enje pod teku\u0107om vodom.<\/span><\/p>\n","protected":false},"excerpt":{"rendered":"<p>Braun glava trimera za tijelo + 2 nastavka.<br \/>\nTo\u010dnost koja traje cijeli \u017eivotni vijek ure\u0111aja.<br \/>\nGlava i dodaci mogu se lako o\u010distiti pod teku\u0107om vodom.<\/p>\n","protected":false},"featured_media":39432,"template":"","meta":{"_seopress_robots_primary_cat":"","_seopress_titles_title":"","_seopress_titles_desc":"","_seopress_robots_index":"","iawp_total_views":0},"product_brand":[144],"product_cat":[280,192,279],"product_tag":[],"class_list":{"0":"post-39431","1":"product","2":"type-product","3":"status-publish","4":"has-post-thumbnail","6":"product_brand-braun","7":"product_cat-aparati-za-muskarce-279","8":"product_cat-aparati-za-osobnu-njegu","9":"product_cat-brijanje-i-sisanje-192","11":"first","12":"outofstock","13":"shipping-taxable","14":"purchasable","15":"product-type-simple"},"_links":{"self":[{"href":"https:\/\/singuli.wpress.me\/index.php\/wp-json\/wp\/v2\/product\/39431","targetHints":{"allow":["GET"]}}],"collection":[{"href":"https:\/\/singuli.wpress.me\/index.php\/wp-json\/wp\/v2\/product"}],"about":[{"href":"https:\/\/singuli.wpress.me\/index.php\/wp-json\/wp\/v2\/types\/product"}],"version-history":[{"count":0,"href":"https:\/\/singuli.wpress.me\/index.php\/wp-json\/wp\/v2\/product\/39431\/revisions"}],"wp:featuredmedia":[{"embeddable":true,"href":"https:\/\/singuli.wpress.me\/index.php\/wp-json\/wp\/v2\/media\/39432"}],"wp:attachment":[{"href":"https:\/\/singuli.wpress.me\/index.php\/wp-json\/wp\/v2\/media?parent=39431"}],"wp:term":[{"taxonomy":"product_brand","embeddable":true,"href":"https:\/\/singuli.wpress.me\/index.php\/wp-json\/wp\/v2\/product_brand?post=39431"},{"taxonomy":"product_cat","embeddable":true,"href":"https:\/\/singuli.wpress.me\/index.php\/wp-json\/wp\/v2\/product_cat?post=39431"},{"taxonomy":"product_tag","embeddable":true,"href":"https:\/\/singuli.wpress.me\/index.php\/wp-json\/wp\/v2\/product_tag?post=39431"}],"curies":[{"name":"wp","href":"https:\/\/api.w.org\/{rel}","templated":true}]}}