{"id":39437,"date":"2026-04-19T02:24:19","date_gmt":"2026-04-19T02:24:19","guid":{"rendered":"https:\/\/singuli.wpress.me\/index.php\/proizvod\/pantene-pro-v-flexible-hold-lak-za-kosu-250-ml\/"},"modified":"2026-04-20T12:33:28","modified_gmt":"2026-04-20T12:33:28","slug":"pantene-pro-v-flexible-hold-lak-za-kosu-250-ml","status":"publish","type":"product","link":"https:\/\/singuli.wpress.me\/index.php\/proizvod\/pantene-pro-v-flexible-hold-lak-za-kosu-250-ml\/","title":{"rendered":"PANTENE Pro-V Flexible Hold, lak za kosu, 250\u00a0ml"},"content":{"rendered":"<p>Pantene Pro-V Flexible Hold lak za kosu u\u010dvr\u0161\u0107uje va\u0161u frizuru. <\/p>\n<p>Istovremeno \u0161titi va\u0161u kosu od svakodnevnih \u010dimbenika rizika poput vlage i UV zra\u010denja. <\/p>\n<p>Pru\u017ea fleksibilnu fiksaciju i istovremeno ukro\u0107uje kovr\u010danje kose. <\/p>\n<p>Lak za kosu Flexible Hold marke PANTENE PRO-V donijet \u0107e osje\u0107aj meko\u0107e i neljepljivosti.<\/p>\n","protected":false},"excerpt":{"rendered":"<p>Stupanj fiksacije 3<br \/>\nZa\u0161tita od \u010dimbenika rizika<br \/>\nBez lijepljenja kose<\/p>\n","protected":false},"featured_media":39438,"template":"","meta":{"_seopress_robots_primary_cat":"","_seopress_titles_title":"","_seopress_titles_desc":"","_seopress_robots_index":"","iawp_total_views":0},"product_brand":[411],"product_cat":[268,300],"product_tag":[],"class_list":{"0":"post-39437","1":"product","2":"type-product","3":"status-publish","4":"has-post-thumbnail","6":"product_brand-pantene","7":"product_cat-kozmetika-2","8":"product_cat-njega-kose-268","10":"first","11":"outofstock","12":"shipping-taxable","13":"purchasable","14":"product-type-simple"},"_links":{"self":[{"href":"https:\/\/singuli.wpress.me\/index.php\/wp-json\/wp\/v2\/product\/39437","targetHints":{"allow":["GET"]}}],"collection":[{"href":"https:\/\/singuli.wpress.me\/index.php\/wp-json\/wp\/v2\/product"}],"about":[{"href":"https:\/\/singuli.wpress.me\/index.php\/wp-json\/wp\/v2\/types\/product"}],"version-history":[{"count":0,"href":"https:\/\/singuli.wpress.me\/index.php\/wp-json\/wp\/v2\/product\/39437\/revisions"}],"wp:featuredmedia":[{"embeddable":true,"href":"https:\/\/singuli.wpress.me\/index.php\/wp-json\/wp\/v2\/media\/39438"}],"wp:attachment":[{"href":"https:\/\/singuli.wpress.me\/index.php\/wp-json\/wp\/v2\/media?parent=39437"}],"wp:term":[{"taxonomy":"product_brand","embeddable":true,"href":"https:\/\/singuli.wpress.me\/index.php\/wp-json\/wp\/v2\/product_brand?post=39437"},{"taxonomy":"product_cat","embeddable":true,"href":"https:\/\/singuli.wpress.me\/index.php\/wp-json\/wp\/v2\/product_cat?post=39437"},{"taxonomy":"product_tag","embeddable":true,"href":"https:\/\/singuli.wpress.me\/index.php\/wp-json\/wp\/v2\/product_tag?post=39437"}],"curies":[{"name":"wp","href":"https:\/\/api.w.org\/{rel}","templated":true}]}}