{"id":39439,"date":"2026-04-19T02:24:22","date_gmt":"2026-04-19T02:24:22","guid":{"rendered":"https:\/\/singuli.wpress.me\/index.php\/proizvod\/laica-stream-line-vrc-narancasti\/"},"modified":"2026-04-20T12:33:28","modified_gmt":"2026-04-20T12:33:28","slug":"laica-stream-line-vrc-narancasti","status":"publish","type":"product","link":"https:\/\/singuli.wpress.me\/index.php\/proizvod\/laica-stream-line-vrc-narancasti\/","title":{"rendered":"LAICA Stream Line, vr\u010d, naran\u010dasti"},"content":{"rendered":"<p>Jednostavnost i prakti\u010dnost: voda je uvijek spremna za va\u0161e tople i hladne napitke, kao i za pripremu hrane. Ne trebate vi\u0161e nositi te\u0161ke boce.<\/p>\n<p>Isplativost: jedan filter dostatan je za mjesec dana filtrirane vode (maksimalno 150 litara).<\/p>\n<p>Okus: filtrirana voda zna\u010dajno pobolj\u0161ava okus i izgled hrane te toplih i hladnih napitaka.<\/p>\n<p>Dobro za okoli\u0161: zna\u010dajno smanjuje broj kori\u0161tenih i odlo\u017eenih plasti\u010dnih boca.<\/p>\n","protected":false},"excerpt":{"rendered":"<p>Ergonomska dr\u0161ka<br \/>\nPoklopac koji \u0161titi od pra\u0161ine<br \/>\nSustav flow\u201cn\u201dgo za automatsko ulijevanje izravno kroz poklopac<\/p>\n","protected":false},"featured_media":39440,"template":"","meta":{"_seopress_robots_primary_cat":"","_seopress_titles_title":"","_seopress_titles_desc":"","_seopress_robots_index":"","iawp_total_views":0},"product_brand":[148],"product_cat":[274,238],"product_tag":[],"class_list":{"0":"post-39439","1":"product","2":"type-product","3":"status-publish","4":"has-post-thumbnail","6":"product_brand-laica","7":"product_cat-kucanski-pribor-238","8":"product_cat-sve-za-dom","10":"first","11":"outofstock","12":"shipping-taxable","13":"purchasable","14":"product-type-simple"},"_links":{"self":[{"href":"https:\/\/singuli.wpress.me\/index.php\/wp-json\/wp\/v2\/product\/39439","targetHints":{"allow":["GET"]}}],"collection":[{"href":"https:\/\/singuli.wpress.me\/index.php\/wp-json\/wp\/v2\/product"}],"about":[{"href":"https:\/\/singuli.wpress.me\/index.php\/wp-json\/wp\/v2\/types\/product"}],"version-history":[{"count":0,"href":"https:\/\/singuli.wpress.me\/index.php\/wp-json\/wp\/v2\/product\/39439\/revisions"}],"wp:featuredmedia":[{"embeddable":true,"href":"https:\/\/singuli.wpress.me\/index.php\/wp-json\/wp\/v2\/media\/39440"}],"wp:attachment":[{"href":"https:\/\/singuli.wpress.me\/index.php\/wp-json\/wp\/v2\/media?parent=39439"}],"wp:term":[{"taxonomy":"product_brand","embeddable":true,"href":"https:\/\/singuli.wpress.me\/index.php\/wp-json\/wp\/v2\/product_brand?post=39439"},{"taxonomy":"product_cat","embeddable":true,"href":"https:\/\/singuli.wpress.me\/index.php\/wp-json\/wp\/v2\/product_cat?post=39439"},{"taxonomy":"product_tag","embeddable":true,"href":"https:\/\/singuli.wpress.me\/index.php\/wp-json\/wp\/v2\/product_tag?post=39439"}],"curies":[{"name":"wp","href":"https:\/\/api.w.org\/{rel}","templated":true}]}}