{"id":39448,"date":"2026-04-19T02:24:25","date_gmt":"2026-04-19T02:24:25","guid":{"rendered":"https:\/\/singuli.wpress.me\/index.php\/proizvod\/shell-tekucina-za-ciscenje-kokpita-0-5-l\/"},"modified":"2026-04-21T00:27:00","modified_gmt":"2026-04-21T00:27:00","slug":"shell-tekucina-za-ciscenje-kokpita-0-5-l","status":"publish","type":"product","link":"https:\/\/singuli.wpress.me\/index.php\/proizvod\/shell-tekucina-za-ciscenje-kokpita-0-5-l\/","title":{"rendered":"SHELL, teku\u0107ina za \u010di\u0161\u0107enje kokpita, 0.5\u00a0l"},"content":{"rendered":"<p>Shell teku\u0107ina za \u010di\u0161\u0107enje kokpita <br \/>\nvisokokvalitetan proizvod za \u010di\u0161\u0107enje i odr\u017eavanje armaturne plo\u010de i unutarnjih elemenata automobila od vinila, plastike i gume.<br \/>\nU\u010dinkovito osvje\u017eava izvornu boju o\u010di\u0161\u0107enih povr\u0161ina. Uklanja otiske prstiju, mrlje i drugu prljav\u0161tinu. Ne ostavlja mrlje i masne tragove.<br \/>\nAntistati\u010dke osobine sprje\u010davaju skupljanje pra\u0161ine.<br \/>\nPogodno za glatke i teksturirane povr\u0161ine. <br \/>\nDaje nje\u017ean sjaj i svje\u017e miris.<br \/>\nUpute za kori\u0161tenje:<br \/>\nProtresite, poprskajte povr\u0161inu, a zatim obri\u0161ite mekom, suhom krpom.<\/p>\n","protected":false},"excerpt":{"rendered":"<p>Teku\u0107ina za \u010di\u0161\u0107enje kokpita<br \/>\nVisokokvalitetan proizvod za \u010di\u0161\u0107enje i odr\u017eavanje armaturne plo\u010de i unutarnjih elemenata automobila od vinila, plastike i gume<br \/>\nNe ostavlja mrlje i masne tragove<\/p>\n","protected":false},"featured_media":39449,"template":"","meta":{"_seopress_robots_primary_cat":"","_seopress_titles_title":"","_seopress_titles_desc":"","_seopress_robots_index":"","iawp_total_views":0},"product_brand":[326],"product_cat":[243,273],"product_tag":[],"class_list":{"0":"post-39448","1":"product","2":"type-product","3":"status-publish","4":"has-post-thumbnail","6":"product_brand-shell","7":"product_cat-automobili-i-motori","8":"product_cat-njega-vozila-243","10":"first","11":"instock","12":"shipping-taxable","13":"purchasable","14":"product-type-simple"},"_links":{"self":[{"href":"https:\/\/singuli.wpress.me\/index.php\/wp-json\/wp\/v2\/product\/39448","targetHints":{"allow":["GET"]}}],"collection":[{"href":"https:\/\/singuli.wpress.me\/index.php\/wp-json\/wp\/v2\/product"}],"about":[{"href":"https:\/\/singuli.wpress.me\/index.php\/wp-json\/wp\/v2\/types\/product"}],"version-history":[{"count":0,"href":"https:\/\/singuli.wpress.me\/index.php\/wp-json\/wp\/v2\/product\/39448\/revisions"}],"wp:featuredmedia":[{"embeddable":true,"href":"https:\/\/singuli.wpress.me\/index.php\/wp-json\/wp\/v2\/media\/39449"}],"wp:attachment":[{"href":"https:\/\/singuli.wpress.me\/index.php\/wp-json\/wp\/v2\/media?parent=39448"}],"wp:term":[{"taxonomy":"product_brand","embeddable":true,"href":"https:\/\/singuli.wpress.me\/index.php\/wp-json\/wp\/v2\/product_brand?post=39448"},{"taxonomy":"product_cat","embeddable":true,"href":"https:\/\/singuli.wpress.me\/index.php\/wp-json\/wp\/v2\/product_cat?post=39448"},{"taxonomy":"product_tag","embeddable":true,"href":"https:\/\/singuli.wpress.me\/index.php\/wp-json\/wp\/v2\/product_tag?post=39448"}],"curies":[{"name":"wp","href":"https:\/\/api.w.org\/{rel}","templated":true}]}}