{"id":39450,"date":"2026-04-19T02:24:26","date_gmt":"2026-04-19T02:24:26","guid":{"rendered":"https:\/\/singuli.wpress.me\/index.php\/proizvod\/oral-b-io8-elektricna-cetkica-za-zube-alabaster-bijela\/"},"modified":"2026-04-20T12:33:28","modified_gmt":"2026-04-20T12:33:28","slug":"oral-b-io8-elektricna-cetkica-za-zube-alabaster-bijela","status":"publish","type":"product","link":"https:\/\/singuli.wpress.me\/index.php\/proizvod\/oral-b-io8-elektricna-cetkica-za-zube-alabaster-bijela\/","title":{"rendered":"ORAL-B iO8, elektri\u010dna \u010detkica za zube, alabaster bijela"},"content":{"rendered":"<p>Oral-B predstavlja jedinstveno iskustvo \u010detkanja, koje je rezultat na\u0161eg dubinskog istra\u017eivanja i razvoja. To nije samo napredna tehnologija, ve\u0107 rezultat majstorskog in\u017eenjeringa, koji omogu\u0107uje najtemeljitije, nje\u017eno i najti\u0161e \u010detkanje ikada. S dizajnom ove \u010detkice za zube pomaknuli su granice dizajna, budu\u0107i da su razvili izuzetno atraktivan proizvod elegantnog izgleda, koji je kreiran posebno za najpo\u017eeljniju tehnologiju.<\/p>\n<p>Inovativni iO sustav magnetskog pogona precizno isporu\u010duje energiju vrhovima \u010dekinja, koje klize od zuba do zuba uz nje\u017ene mikrovibracije, stvaraju\u0107i u\u010dinkovito i ugodno iskustvo \u010di\u0161\u0107enja. Sofisticirani pametni senzor pritiska upozorava vas kada pravilno \u010detkate zube, \u010dime se osigurava za\u0161tita desni. iO tehnologiju karakterizira i interaktivni OLED zaslon koji omogu\u0107uje osobno prilago\u0111eno vo\u0111enje tijekom pranja zuba u stvarnom vremenu i prilago\u0111ene postavke \u010detkice.<\/p>\n<p>Umjetna inteligencija Oral-B iO prepoznaje 6 podru\u010dja u ustima i vodi vas do najtemeljitijeg \u010di\u0161\u0107enja u aplikaciji Oral-B. Istodobno, iO tehnologija uklju\u010duje magnetski punja\u010d za oko 3 sata brzog punjenja i vrhunsku putnu torbicu. Do\u017eivite pranje zubi na druga\u010diji na\u010din koji \u0107ete vidjeti, \u010duti i osjetiti.<\/p>\n<p>&#8211; iO tehnologija kombinira kultnu Oral-B okruglu glavu \u010detkice s jedinstveno nje\u017enim mikrovibracijama za 100% zdravije desni u jednom tjednu i do 100% u\u010dinkovitije uklanjanje naslaga u usporedbi s obi\u010dnom ru\u010dnom \u010detkicom za zube.<br \/>\n&#8211; 6 PAMETNIH NA\u010cINA rada za osobnu prilagodbu \u010detkanja: svakodnevno \u010di\u0161\u0107enje, nje\u017eno \u010di\u0161\u0107enje, njega desni, intenzivno \u010di\u0161\u0107enje, izbjeljivanje, posebno nje\u017eno \u010di\u0161\u0107enje.<br \/>\n&#8211; PAMETNI SENZOR PRITISKA upozorava vas crvenim, bijelim ili zelenim svjetlom ako \u010detkate prejako, prenje\u017eno ili s ispravnim pritiskom.<br \/>\n&#8211; INTERAKTIVNI OLED ZASLON U BOJI prikazuje klju\u010dne informacije uklju\u010duju\u0107i na\u010dine \u010detkanja i podsjetnik za zamjenu nastavka, pozdravlja vas kada ga uklju\u010dite i nagra\u0111uje vas osmijehom kada uspje\u0161no operete zube.<br \/>\n&#8211; PUNJA\u010c osigurava rad s jednim punjenjem do 2 tjedna. Stabilni brzi magnetski punja\u010d omogu\u0107uje potpuno punjenje za 3 sata. Power2Go punjiva putna torbica omogu\u0107uje vam prakti\u010dno punjenje \u010detkice za zube tijekom putovanja.<br \/>\n&#8211; UMJETNA INTELIGENCIJA prepoznaje va\u0161 stil \u010detkanja i vodi vas do najtemeljitijeg \u010di\u0161\u0107enja.<br \/>\n&#8211; TIHI RAD i glatko \u010di\u0161\u0107enje Ultimate Clean optimizira \u010detkanje s iO i poma\u017ee vam posti\u0107i osje\u0107aj profesionalne \u010disto\u0107e svaki dan.<\/p>\n<p>Tehni\u010dki detalji:<br \/>\n&#8211; Tip: Rotacijsko-osciliraju\u0107i<br \/>\n&#8211; Broj programa: 6<br \/>\n&#8211; Razine intenziteta: 1<br \/>\n&#8211; Detekcija polo\u017eaja: Da<br \/>\n&#8211; Umjetna inteligencija: Da<br \/>\n&#8211; Vrijeme punjenja: do 3 h (brzo punjenje)<br \/>\n&#8211; Trajanje operacije: 2 tjedna<br \/>\n&#8211; Baterija: litij-ionska<br \/>\n&#8211; Boja: bijela<br \/>\n&#8211; Sadr\u017eaj: 1 iO8 ru\u010dka \u010detke s dodatkom Ultimate Clean, 1 vrhunska putna torbica, 1 punja\u010d, \u200b\u200b1 dr\u017ea\u010d nastavka za \u010detke<\/p>\n<p>Jamstvo: 2 godine<\/p>\n","protected":false},"excerpt":{"rendered":"<p>Oral-B naju\u010dinkovitije \u010di\u0161\u0107enje s revolucionarnom iO magnetskom tehnologijom<br \/>\n6 pametnih na\u010dina rada: svakodnevno \u010di\u0161\u0107enje, nje\u017eno \u010di\u0161\u0107enje, njega desni, intenzivno \u010di\u0161\u0107enje, izbjeljivanje, posebno nje\u017eno \u010di\u0161\u0107enje<br \/>\nSadr\u017eaj: 1 iO8 dr\u017ea\u010d \u010detkice s dodatkom Ultimate Clean, 1 vrhunska putna torbica, 1 punja\u010d, \u200b\u200b1 dr\u017ea\u010d nastavka za \u010detkicu<\/p>\n","protected":false},"featured_media":39451,"template":"","meta":{"_seopress_robots_primary_cat":"","_seopress_titles_title":"","_seopress_titles_desc":"","_seopress_robots_index":"","iawp_total_views":0},"product_brand":[423],"product_cat":[293,192,292],"product_tag":[],"class_list":{"0":"post-39450","1":"product","2":"type-product","3":"status-publish","4":"has-post-thumbnail","6":"product_brand-oral-b-2","7":"product_cat-aparati-za-djecu-i-odrasle-292","8":"product_cat-aparati-za-osobnu-njegu","9":"product_cat-oralna-higijena-uredaji-192","11":"first","12":"outofstock","13":"shipping-taxable","14":"purchasable","15":"product-type-simple"},"_links":{"self":[{"href":"https:\/\/singuli.wpress.me\/index.php\/wp-json\/wp\/v2\/product\/39450","targetHints":{"allow":["GET"]}}],"collection":[{"href":"https:\/\/singuli.wpress.me\/index.php\/wp-json\/wp\/v2\/product"}],"about":[{"href":"https:\/\/singuli.wpress.me\/index.php\/wp-json\/wp\/v2\/types\/product"}],"version-history":[{"count":0,"href":"https:\/\/singuli.wpress.me\/index.php\/wp-json\/wp\/v2\/product\/39450\/revisions"}],"wp:featuredmedia":[{"embeddable":true,"href":"https:\/\/singuli.wpress.me\/index.php\/wp-json\/wp\/v2\/media\/39451"}],"wp:attachment":[{"href":"https:\/\/singuli.wpress.me\/index.php\/wp-json\/wp\/v2\/media?parent=39450"}],"wp:term":[{"taxonomy":"product_brand","embeddable":true,"href":"https:\/\/singuli.wpress.me\/index.php\/wp-json\/wp\/v2\/product_brand?post=39450"},{"taxonomy":"product_cat","embeddable":true,"href":"https:\/\/singuli.wpress.me\/index.php\/wp-json\/wp\/v2\/product_cat?post=39450"},{"taxonomy":"product_tag","embeddable":true,"href":"https:\/\/singuli.wpress.me\/index.php\/wp-json\/wp\/v2\/product_tag?post=39450"}],"curies":[{"name":"wp","href":"https:\/\/api.w.org\/{rel}","templated":true}]}}