{"id":39454,"date":"2026-04-19T02:24:27","date_gmt":"2026-04-19T02:24:27","guid":{"rendered":"https:\/\/singuli.wpress.me\/index.php\/proizvod\/natureta-dzem-sumsko-voce-320-g\/"},"modified":"2026-04-21T00:27:00","modified_gmt":"2026-04-21T00:27:00","slug":"natureta-dzem-sumsko-voce-320-g","status":"publish","type":"product","link":"https:\/\/singuli.wpress.me\/index.php\/proizvod\/natureta-dzem-sumsko-voce-320-g\/","title":{"rendered":"NATURETA, d\u017eem , \u0161umsko vo\u0107e, 320\u00a0g"},"content":{"rendered":"<p>Rezultat mije\u0161anja pomno odabranih borovnica, \u0161umskih jagoda, kupina, brusnica i malina pod budnim okom Naturetinih kulinarskih majstora je ukusan d\u017eem ba\u0161 pravog okusa, savr\u0161en za sve vrste kruha, pala\u010dinki i kola\u010da, ali i poslastica kada poslu\u017euje se s jogurtom. <\/p>\n<p>Posebnost Natureta vo\u0107nih d\u017eemova je i ni\u017ea nutritivna vrijednost s 30% manje \u0161e\u0107era u odnosu na obi\u010dne vo\u0107ne d\u017eemove te \u010dinjenica da su napravljeni od cijelog vo\u0107a.<\/p>\n","protected":false},"excerpt":{"rendered":"<p>D\u017eem napravljen od cijelog vo\u0107a<br \/>\nSadr\u017ei 30% manje \u0161e\u0107era od obi\u010dnog vo\u0107nog d\u017eema<br \/>\nIzvrstan okus<\/p>\n","protected":false},"featured_media":39455,"template":"","meta":{"_seopress_robots_primary_cat":"","_seopress_titles_title":"","_seopress_titles_desc":"","_seopress_robots_index":"","iawp_total_views":0},"product_brand":[811],"product_cat":[261,299],"product_tag":[],"class_list":{"0":"post-39454","1":"product","2":"type-product","3":"status-publish","4":"has-post-thumbnail","6":"product_brand-natureta","7":"product_cat-hrana-i-pice","8":"product_cat-konzervirana-i-gotova-hrana-261","10":"first","11":"outofstock","12":"shipping-taxable","13":"purchasable","14":"product-type-simple"},"_links":{"self":[{"href":"https:\/\/singuli.wpress.me\/index.php\/wp-json\/wp\/v2\/product\/39454","targetHints":{"allow":["GET"]}}],"collection":[{"href":"https:\/\/singuli.wpress.me\/index.php\/wp-json\/wp\/v2\/product"}],"about":[{"href":"https:\/\/singuli.wpress.me\/index.php\/wp-json\/wp\/v2\/types\/product"}],"version-history":[{"count":0,"href":"https:\/\/singuli.wpress.me\/index.php\/wp-json\/wp\/v2\/product\/39454\/revisions"}],"wp:featuredmedia":[{"embeddable":true,"href":"https:\/\/singuli.wpress.me\/index.php\/wp-json\/wp\/v2\/media\/39455"}],"wp:attachment":[{"href":"https:\/\/singuli.wpress.me\/index.php\/wp-json\/wp\/v2\/media?parent=39454"}],"wp:term":[{"taxonomy":"product_brand","embeddable":true,"href":"https:\/\/singuli.wpress.me\/index.php\/wp-json\/wp\/v2\/product_brand?post=39454"},{"taxonomy":"product_cat","embeddable":true,"href":"https:\/\/singuli.wpress.me\/index.php\/wp-json\/wp\/v2\/product_cat?post=39454"},{"taxonomy":"product_tag","embeddable":true,"href":"https:\/\/singuli.wpress.me\/index.php\/wp-json\/wp\/v2\/product_tag?post=39454"}],"curies":[{"name":"wp","href":"https:\/\/api.w.org\/{rel}","templated":true}]}}