{"id":39461,"date":"2026-04-19T02:24:29","date_gmt":"2026-04-19T02:24:29","guid":{"rendered":"https:\/\/singuli.wpress.me\/index.php\/proizvod\/advance-ultra-2t-motorno-ulje-za-dvotaktne-motocikle-12x1l-12-l\/"},"modified":"2026-04-20T12:33:28","modified_gmt":"2026-04-20T12:33:28","slug":"advance-ultra-2t-motorno-ulje-za-dvotaktne-motocikle-12x1l-12-l","status":"publish","type":"product","link":"https:\/\/singuli.wpress.me\/index.php\/proizvod\/advance-ultra-2t-motorno-ulje-za-dvotaktne-motocikle-12x1l-12-l\/","title":{"rendered":"ADVANCE ULTRA 2T, motorno ulje za dvotaktne motocikle, 12x1l, 12\u00a0l"},"content":{"rendered":"<p>Jedinstveno potpuno sinteti\u010dko ulje za maksimalne performanse i za\u0161titu 2-taktnih motocikala. Odlikuju ga sljede\u0107e zna\u010dajke: mala koli\u010dina dima, izvrsno podmazivanje tijekom vrhunskog rada, pobolj\u0161ano ubrzanje, izvanredna \u010disto\u0107a motora, maksimalna za\u0161tita protiv struganja i zaglavljivanja prstena, niska razina izgaranja i stvaranja taloga u ispu\u0161nom sustavu, dulji \u017eivotni vijek motora, izvrsno mije\u0161anje s olovnim i bezolovnim benzinom te izvrsne performanse pri niskim temperaturama.<\/p>\n<p><span style=\"font-weight: bold\">Specifikacija: <\/span>JASO FD, API TC, ispunjava zahtjeve ISO-L-EGD<\/p>\n","protected":false},"excerpt":{"rendered":"<p>Motorno ulje za 2-taktne motocikle<br \/>\nMala koli\u010dina dima<br \/>\nIzvrsno podmazivanje i \u010disto\u0107a motora<\/p>\n","protected":false},"featured_media":39462,"template":"","meta":{"_seopress_robots_primary_cat":"","_seopress_titles_title":"","_seopress_titles_desc":"","_seopress_robots_index":"","iawp_total_views":0},"product_brand":[829],"product_cat":[243,272],"product_tag":[],"class_list":{"0":"post-39461","1":"product","2":"type-product","3":"status-publish","4":"has-post-thumbnail","6":"product_brand-advance","7":"product_cat-automobili-i-motori","8":"product_cat-motorna-ulja-243","10":"first","11":"instock","12":"shipping-taxable","13":"purchasable","14":"product-type-simple"},"_links":{"self":[{"href":"https:\/\/singuli.wpress.me\/index.php\/wp-json\/wp\/v2\/product\/39461","targetHints":{"allow":["GET"]}}],"collection":[{"href":"https:\/\/singuli.wpress.me\/index.php\/wp-json\/wp\/v2\/product"}],"about":[{"href":"https:\/\/singuli.wpress.me\/index.php\/wp-json\/wp\/v2\/types\/product"}],"version-history":[{"count":0,"href":"https:\/\/singuli.wpress.me\/index.php\/wp-json\/wp\/v2\/product\/39461\/revisions"}],"wp:featuredmedia":[{"embeddable":true,"href":"https:\/\/singuli.wpress.me\/index.php\/wp-json\/wp\/v2\/media\/39462"}],"wp:attachment":[{"href":"https:\/\/singuli.wpress.me\/index.php\/wp-json\/wp\/v2\/media?parent=39461"}],"wp:term":[{"taxonomy":"product_brand","embeddable":true,"href":"https:\/\/singuli.wpress.me\/index.php\/wp-json\/wp\/v2\/product_brand?post=39461"},{"taxonomy":"product_cat","embeddable":true,"href":"https:\/\/singuli.wpress.me\/index.php\/wp-json\/wp\/v2\/product_cat?post=39461"},{"taxonomy":"product_tag","embeddable":true,"href":"https:\/\/singuli.wpress.me\/index.php\/wp-json\/wp\/v2\/product_tag?post=39461"}],"curies":[{"name":"wp","href":"https:\/\/api.w.org\/{rel}","templated":true}]}}