{"id":39471,"date":"2026-04-19T02:24:37","date_gmt":"2026-04-19T02:24:37","guid":{"rendered":"https:\/\/singuli.wpress.me\/index.php\/proizvod\/paclan-nitril-rukavice-velicina-m-10-kom\/"},"modified":"2026-04-21T00:27:00","modified_gmt":"2026-04-21T00:27:00","slug":"paclan-nitril-rukavice-velicina-m-10-kom","status":"publish","type":"product","link":"https:\/\/singuli.wpress.me\/index.php\/proizvod\/paclan-nitril-rukavice-velicina-m-10-kom\/","title":{"rendered":"PACLAN, nitril rukavice, veli\u010dina M, 10\u00a0kom"},"content":{"rendered":"<p>Ove rukavice \u0107e se pobrinuti za va\u0161e ruke i ko\u017eu.<\/p>\n<p>Nitril je vrlo robustan, i \u0161to je najva\u017enije, neutralan materijal za ko\u017eu. Mo\u017ee se koristiti za rukovanje hranom.<\/p>\n<p>Nema opasnosti od alergija ili osipa. Nitrilne rukavice \u010desto koriste lije\u010dnici ili tattoo majstori. Otpornije su na mehani\u010dka o\u0161te\u0107enja od bilo koje druge rukavice.<\/p>\n<p>Najbolje je brinuti se za svoje ruke na siguran na\u010din.<\/p>\n","protected":false},"excerpt":{"rendered":"<p>Veli\u010dina M<br \/>\nNitril je neutralan materijal za ko\u017eu<br \/>\nMiris lavande<\/p>\n","protected":false},"featured_media":39472,"template":"","meta":{"_seopress_robots_primary_cat":"","_seopress_titles_title":"","_seopress_titles_desc":"","_seopress_robots_index":"","iawp_total_views":0},"product_brand":[474],"product_cat":[274,238],"product_tag":[],"class_list":{"0":"post-39471","1":"product","2":"type-product","3":"status-publish","4":"has-post-thumbnail","6":"product_brand-paclan","7":"product_cat-kucanski-pribor-238","8":"product_cat-sve-za-dom","10":"first","11":"outofstock","12":"shipping-taxable","13":"purchasable","14":"product-type-simple"},"_links":{"self":[{"href":"https:\/\/singuli.wpress.me\/index.php\/wp-json\/wp\/v2\/product\/39471","targetHints":{"allow":["GET"]}}],"collection":[{"href":"https:\/\/singuli.wpress.me\/index.php\/wp-json\/wp\/v2\/product"}],"about":[{"href":"https:\/\/singuli.wpress.me\/index.php\/wp-json\/wp\/v2\/types\/product"}],"version-history":[{"count":0,"href":"https:\/\/singuli.wpress.me\/index.php\/wp-json\/wp\/v2\/product\/39471\/revisions"}],"wp:featuredmedia":[{"embeddable":true,"href":"https:\/\/singuli.wpress.me\/index.php\/wp-json\/wp\/v2\/media\/39472"}],"wp:attachment":[{"href":"https:\/\/singuli.wpress.me\/index.php\/wp-json\/wp\/v2\/media?parent=39471"}],"wp:term":[{"taxonomy":"product_brand","embeddable":true,"href":"https:\/\/singuli.wpress.me\/index.php\/wp-json\/wp\/v2\/product_brand?post=39471"},{"taxonomy":"product_cat","embeddable":true,"href":"https:\/\/singuli.wpress.me\/index.php\/wp-json\/wp\/v2\/product_cat?post=39471"},{"taxonomy":"product_tag","embeddable":true,"href":"https:\/\/singuli.wpress.me\/index.php\/wp-json\/wp\/v2\/product_tag?post=39471"}],"curies":[{"name":"wp","href":"https:\/\/api.w.org\/{rel}","templated":true}]}}