{"id":39473,"date":"2026-04-19T02:24:38","date_gmt":"2026-04-19T02:24:38","guid":{"rendered":"https:\/\/singuli.wpress.me\/index.php\/proizvod\/borotalco-manneti-active-dezodorans-u-spreju-mandarin-150-ml-2\/"},"modified":"2026-04-21T00:27:00","modified_gmt":"2026-04-21T00:27:00","slug":"borotalco-manneti-active-dezodorans-u-spreju-mandarin-150-ml-2","status":"publish","type":"product","link":"https:\/\/singuli.wpress.me\/index.php\/proizvod\/borotalco-manneti-active-dezodorans-u-spreju-mandarin-150-ml-2\/","title":{"rendered":"BOROTALCO Manneti Active, dezodorans u spreju, Mandarin, 150\u00a0ml"},"content":{"rendered":"<p>\u0160to se vi\u0161e znoji\u0161, bolje djeluje!<\/p>\n<p>Dezodorans Active, s inovativnom tehnologijom Odor-Converter\u2122, sadr\u017ei mikrokapsule koje uslijed znojenja i kretanja osloba\u0111aju dodatan miris u pravom trenutku, za osje\u0107aj dugotrajne svje\u017eine. U\u010dinkovitost testirana pod fizi\u010dkim naporom.<\/p>\n<p>Mandarin &amp; Neroli \u2013 eksplozivna energija agruma i bergamota u kombinaciji sa srednjim notama nerolija, crnog \u010daja i bijelog cvije\u0107a.<\/p>\n","protected":false},"excerpt":{"rendered":"<p>Aktivno se bori protiv znojenja<br \/>\nInovativna formula s mikrokapsulama\u200b<br \/>\nOsvje\u017eavaju\u0107i miris agruma i bergamota u kombinaciji s notama nerolija\u200b<\/p>\n","protected":false},"featured_media":39474,"template":"","meta":{"_seopress_robots_primary_cat":"","_seopress_titles_title":"","_seopress_titles_desc":"","_seopress_robots_index":"","iawp_total_views":0},"product_brand":[484],"product_cat":[285,268],"product_tag":[],"class_list":{"0":"post-39473","1":"product","2":"type-product","3":"status-publish","4":"has-post-thumbnail","6":"product_brand-borotalco","7":"product_cat-dezodoransi-268","8":"product_cat-kozmetika-2","10":"first","11":"instock","12":"shipping-taxable","13":"purchasable","14":"product-type-simple"},"_links":{"self":[{"href":"https:\/\/singuli.wpress.me\/index.php\/wp-json\/wp\/v2\/product\/39473","targetHints":{"allow":["GET"]}}],"collection":[{"href":"https:\/\/singuli.wpress.me\/index.php\/wp-json\/wp\/v2\/product"}],"about":[{"href":"https:\/\/singuli.wpress.me\/index.php\/wp-json\/wp\/v2\/types\/product"}],"version-history":[{"count":0,"href":"https:\/\/singuli.wpress.me\/index.php\/wp-json\/wp\/v2\/product\/39473\/revisions"}],"wp:featuredmedia":[{"embeddable":true,"href":"https:\/\/singuli.wpress.me\/index.php\/wp-json\/wp\/v2\/media\/39474"}],"wp:attachment":[{"href":"https:\/\/singuli.wpress.me\/index.php\/wp-json\/wp\/v2\/media?parent=39473"}],"wp:term":[{"taxonomy":"product_brand","embeddable":true,"href":"https:\/\/singuli.wpress.me\/index.php\/wp-json\/wp\/v2\/product_brand?post=39473"},{"taxonomy":"product_cat","embeddable":true,"href":"https:\/\/singuli.wpress.me\/index.php\/wp-json\/wp\/v2\/product_cat?post=39473"},{"taxonomy":"product_tag","embeddable":true,"href":"https:\/\/singuli.wpress.me\/index.php\/wp-json\/wp\/v2\/product_tag?post=39473"}],"curies":[{"name":"wp","href":"https:\/\/api.w.org\/{rel}","templated":true}]}}