{"id":39475,"date":"2026-04-19T02:24:39","date_gmt":"2026-04-19T02:24:39","guid":{"rendered":"https:\/\/singuli.wpress.me\/index.php\/proizvod\/thomasfriends-igracka-mini-vlakic-vrecica-iznenadenja\/"},"modified":"2026-04-20T12:33:28","modified_gmt":"2026-04-20T12:33:28","slug":"thomasfriends-igracka-mini-vlakic-vrecica-iznenadenja","status":"publish","type":"product","link":"https:\/\/singuli.wpress.me\/index.php\/proizvod\/thomasfriends-igracka-mini-vlakic-vrecica-iznenadenja\/","title":{"rendered":"THOMAS&amp;FRIENDS, igra\u010dka, mini vlaki\u0107 vre\u0107ica iznena\u0111enja"},"content":{"rendered":"<p>Thomas &amp; Friends vlaki\u0107i sada i u MINI verziji!<\/p>\n<p>S preko 80 likova, MINI vlaki\u0107i mogu o\u017eivjeti mnogobrojne avanture iz crti\u0107a.<\/p>\n<p>Vlaki\u0107i su podijeljeni prema razli\u010ditim temama, a neke od njih su Ku\u0107ni ljubimci, Duga, Super heroji, Dinosauri i brojne druge.<\/p>\n<p>Specijalna kategorija su mirisni vlaki\u0107i koji miri\u0161u na pizzu.<\/p>\n<p>Me\u0111u vlaki\u0107ima je i mno\u0161tvo klasi\u010dnih likova iz crti\u0107a!<\/p>\n<p>Svaka vre\u0107ica sadr\u017ei jedan MINI vlaki\u0107 \u010diji je identitet tajan do otvaranja vre\u0107ice.<\/p>\n<p>Djeca ih mogu skupljati, utrkivati se s njima, razmjenjivati ih i koristiti ma\u0161tu kako bi stvorili nove avanture.<\/p>\n","protected":false},"excerpt":{"rendered":"<p>Vlaki\u0107i su podijeljeni prema razli\u010ditim temama<br \/>\nSpecijalna kategorija su mirisni vlaki\u0107i koji miri\u0161u na pizzu<br \/>\nSvaka vre\u0107ica sadr\u017ei jedan MINI vlaki\u0107<\/p>\n","protected":false},"featured_media":39476,"template":"","meta":{"_seopress_robots_primary_cat":"","_seopress_titles_title":"","_seopress_titles_desc":"","_seopress_robots_index":"","iawp_total_views":0},"product_brand":[773],"product_cat":[243,273],"product_tag":[],"class_list":{"0":"post-39475","1":"product","2":"type-product","3":"status-publish","4":"has-post-thumbnail","6":"product_brand-thomasfriends","7":"product_cat-automobili-i-motori","8":"product_cat-njega-vozila-243","10":"first","11":"outofstock","12":"shipping-taxable","13":"purchasable","14":"product-type-simple"},"_links":{"self":[{"href":"https:\/\/singuli.wpress.me\/index.php\/wp-json\/wp\/v2\/product\/39475","targetHints":{"allow":["GET"]}}],"collection":[{"href":"https:\/\/singuli.wpress.me\/index.php\/wp-json\/wp\/v2\/product"}],"about":[{"href":"https:\/\/singuli.wpress.me\/index.php\/wp-json\/wp\/v2\/types\/product"}],"version-history":[{"count":0,"href":"https:\/\/singuli.wpress.me\/index.php\/wp-json\/wp\/v2\/product\/39475\/revisions"}],"wp:featuredmedia":[{"embeddable":true,"href":"https:\/\/singuli.wpress.me\/index.php\/wp-json\/wp\/v2\/media\/39476"}],"wp:attachment":[{"href":"https:\/\/singuli.wpress.me\/index.php\/wp-json\/wp\/v2\/media?parent=39475"}],"wp:term":[{"taxonomy":"product_brand","embeddable":true,"href":"https:\/\/singuli.wpress.me\/index.php\/wp-json\/wp\/v2\/product_brand?post=39475"},{"taxonomy":"product_cat","embeddable":true,"href":"https:\/\/singuli.wpress.me\/index.php\/wp-json\/wp\/v2\/product_cat?post=39475"},{"taxonomy":"product_tag","embeddable":true,"href":"https:\/\/singuli.wpress.me\/index.php\/wp-json\/wp\/v2\/product_tag?post=39475"}],"curies":[{"name":"wp","href":"https:\/\/api.w.org\/{rel}","templated":true}]}}