{"id":39481,"date":"2026-04-19T02:24:41","date_gmt":"2026-04-19T02:24:41","guid":{"rendered":"https:\/\/singuli.wpress.me\/index.php\/proizvod\/ariel-color-praskasti-deterdzent-1-1kg-20-pranja\/"},"modified":"2026-04-20T12:33:28","modified_gmt":"2026-04-20T12:33:28","slug":"ariel-color-praskasti-deterdzent-1-1kg-20-pranja","status":"publish","type":"product","link":"https:\/\/singuli.wpress.me\/index.php\/proizvod\/ariel-color-praskasti-deterdzent-1-1kg-20-pranja\/","title":{"rendered":"ARIEL Color, pra\u0161kasti deterd\u017eent, 1.1kg, 20\u00a0pranja"},"content":{"rendered":"<p>Ariel, marka koju preporu\u010duju Whirlpool, Candy, Electrolux i Beko, predstavlja brzo topivi pra\u0161kasti deterd\u017eent za rublje Ariel Color. Sa svojom koncentriranom formulom pra\u0161kasti deterd\u017eent Ariel pru\u017ea koncentriraniju snagu i pere vi\u0161e rublja po gramu. Omogu\u0107uje briljantno uklanjanje mrlja u 1 pranju. Zahvaljuju\u0107i jedinstvenoj tehnologiji brzo se otapa u dodiru s vodom, trenutno se aktivira i prodire duboko u vlakna \u010dak i na niskim temperaturama pranja. Snizite temperaturu pranja na 30 \u00b0C i u\u0161tedite do 60% energije. (Potro\u0161nja energije perilice rublja, uz smanjenje temperature sa 60 \u00b0C na 30 \u00b0C, na normalnom programu pranja). Da sve bude jo\u0161 i bolje, pranje na ni\u017eim temperaturama dulje \u0161titi tkanine u usporedbi s pranjem na vi\u0161im temperaturama. Formula ovog deterd\u017eenta sadr\u017ei biorazgradive sastojke (80% svih organskih sastojaka je biolo\u0161ki razgradivo). Povrh svega, ambala\u017ea pra\u0161kastog deterd\u017eenta Ariel Color mo\u017ee se 100% reciklirati.<\/p>\n","protected":false},"excerpt":{"rendered":"<p>Pra\u0161kasti deterd\u017eent Ariel omogu\u0107ava briljantno uklanjanje mrlja ve\u0107 u 1 pranju<br \/>\nZahvaljuju\u0107i svojoj koncentriranoj formuli, Ariel pru\u017ea koncentriraniju snagu i pere vi\u0161e rublja po gramu<br \/>\nPreporu\u010dena marka deterd\u017eenta<\/p>\n","protected":false},"featured_media":39482,"template":"","meta":{"_seopress_robots_primary_cat":"","_seopress_titles_title":"","_seopress_titles_desc":"","_seopress_robots_index":"","iawp_total_views":0},"product_brand":[427],"product_cat":[283,238],"product_tag":[],"class_list":{"0":"post-39481","1":"product","2":"type-product","3":"status-publish","4":"has-post-thumbnail","6":"product_brand-ariel","7":"product_cat-pranje-rublja-238","8":"product_cat-sve-za-dom","10":"first","11":"instock","12":"shipping-taxable","13":"purchasable","14":"product-type-simple"},"_links":{"self":[{"href":"https:\/\/singuli.wpress.me\/index.php\/wp-json\/wp\/v2\/product\/39481","targetHints":{"allow":["GET"]}}],"collection":[{"href":"https:\/\/singuli.wpress.me\/index.php\/wp-json\/wp\/v2\/product"}],"about":[{"href":"https:\/\/singuli.wpress.me\/index.php\/wp-json\/wp\/v2\/types\/product"}],"version-history":[{"count":0,"href":"https:\/\/singuli.wpress.me\/index.php\/wp-json\/wp\/v2\/product\/39481\/revisions"}],"wp:featuredmedia":[{"embeddable":true,"href":"https:\/\/singuli.wpress.me\/index.php\/wp-json\/wp\/v2\/media\/39482"}],"wp:attachment":[{"href":"https:\/\/singuli.wpress.me\/index.php\/wp-json\/wp\/v2\/media?parent=39481"}],"wp:term":[{"taxonomy":"product_brand","embeddable":true,"href":"https:\/\/singuli.wpress.me\/index.php\/wp-json\/wp\/v2\/product_brand?post=39481"},{"taxonomy":"product_cat","embeddable":true,"href":"https:\/\/singuli.wpress.me\/index.php\/wp-json\/wp\/v2\/product_cat?post=39481"},{"taxonomy":"product_tag","embeddable":true,"href":"https:\/\/singuli.wpress.me\/index.php\/wp-json\/wp\/v2\/product_tag?post=39481"}],"curies":[{"name":"wp","href":"https:\/\/api.w.org\/{rel}","templated":true}]}}