{"id":39491,"date":"2026-04-19T02:24:45","date_gmt":"2026-04-19T02:24:45","guid":{"rendered":"https:\/\/singuli.wpress.me\/index.php\/proizvod\/gadus-s2-v220-2-visenamjenska-mast-50-kg\/"},"modified":"2026-04-21T00:27:00","modified_gmt":"2026-04-21T00:27:00","slug":"gadus-s2-v220-2-visenamjenska-mast-50-kg","status":"publish","type":"product","link":"https:\/\/singuli.wpress.me\/index.php\/proizvod\/gadus-s2-v220-2-visenamjenska-mast-50-kg\/","title":{"rendered":"GADUS S2 V220 2 , vi\u0161enamjenska mast, 50\u00a0kg"},"content":{"rendered":"<p>Visokokvalitetne masti za ekstremna optere\u0107enja bazirane na mje\u0161avini mineralnih ulja visokog viskoziteta i litij hidroksistearat sapunskog ugu\u0161\u010diva\u010da uz dodatak aditiva za ekstremne pritiske. Ove masti sadr\u017eavaju i druge provjerene aditive koji pobolj\u0161avaju njihove performanse u cijelom spektru primjena. Dizajnirane su za vi\u0161enamjensko podmazivanje kotrljaju\u0107ih i kliznih le\u017eajeva kao i raznih spojeva te kliznih povr\u0161ina poput onih kakve se nalaze u industrijskom i transportnom sektoru. Odlike ove masti su izvanredan kapacitet nosivosti, unaprije\u0111ena mehani\u010dka stabilnost, dobra otpornost na ispiranje vodom, oksidacijska stabilnost, antikorozivna za\u0161tita.<\/p>\n<p><span style=\"font-weight: bold\">Specifikacija:<\/span> DIN 51502 KO 2 K-20  ISO 6743-9-L-XBCEB 6<\/p>\n","protected":false},"excerpt":{"rendered":"<p>Mast za ekstremna optere\u0107enja<br \/>\nIzvanredan kapacicet nosivosti<br \/>\nDobra otpornost na ispiranje vodom<\/p>\n","protected":false},"featured_media":39492,"template":"","meta":{"_seopress_robots_primary_cat":"","_seopress_titles_title":"","_seopress_titles_desc":"","_seopress_robots_index":"","iawp_total_views":0},"product_brand":[413],"product_cat":[268,278],"product_tag":[],"class_list":{"0":"post-39491","1":"product","2":"type-product","3":"status-publish","4":"has-post-thumbnail","6":"product_brand-gadus","7":"product_cat-kozmetika-2","8":"product_cat-njega-tijela-268","10":"first","11":"instock","12":"shipping-taxable","13":"purchasable","14":"product-type-simple"},"_links":{"self":[{"href":"https:\/\/singuli.wpress.me\/index.php\/wp-json\/wp\/v2\/product\/39491","targetHints":{"allow":["GET"]}}],"collection":[{"href":"https:\/\/singuli.wpress.me\/index.php\/wp-json\/wp\/v2\/product"}],"about":[{"href":"https:\/\/singuli.wpress.me\/index.php\/wp-json\/wp\/v2\/types\/product"}],"version-history":[{"count":0,"href":"https:\/\/singuli.wpress.me\/index.php\/wp-json\/wp\/v2\/product\/39491\/revisions"}],"wp:featuredmedia":[{"embeddable":true,"href":"https:\/\/singuli.wpress.me\/index.php\/wp-json\/wp\/v2\/media\/39492"}],"wp:attachment":[{"href":"https:\/\/singuli.wpress.me\/index.php\/wp-json\/wp\/v2\/media?parent=39491"}],"wp:term":[{"taxonomy":"product_brand","embeddable":true,"href":"https:\/\/singuli.wpress.me\/index.php\/wp-json\/wp\/v2\/product_brand?post=39491"},{"taxonomy":"product_cat","embeddable":true,"href":"https:\/\/singuli.wpress.me\/index.php\/wp-json\/wp\/v2\/product_cat?post=39491"},{"taxonomy":"product_tag","embeddable":true,"href":"https:\/\/singuli.wpress.me\/index.php\/wp-json\/wp\/v2\/product_tag?post=39491"}],"curies":[{"name":"wp","href":"https:\/\/api.w.org\/{rel}","templated":true}]}}