{"id":39493,"date":"2026-04-19T02:24:45","date_gmt":"2026-04-19T02:24:45","guid":{"rendered":"https:\/\/singuli.wpress.me\/index.php\/proizvod\/tomy-igracka-jurassic-vozilo-s-dinosaurom\/"},"modified":"2026-04-20T12:33:28","modified_gmt":"2026-04-20T12:33:28","slug":"tomy-igracka-jurassic-vozilo-s-dinosaurom","status":"publish","type":"product","link":"https:\/\/singuli.wpress.me\/index.php\/proizvod\/tomy-igracka-jurassic-vozilo-s-dinosaurom\/","title":{"rendered":"TOMY, igra\u010dka, Jurassic vozilo s dinosaurom"},"content":{"rendered":"<p>Protresi bebu Raptora i slu\u0161aj kako re\u017ei. <\/p>\n<p>Gledaj kako se rep mame Raptora mi\u010de naprijed, natrag kako gura\u0161 igra\u010dku.<\/p>\n<p>Postavi bebu Raptora u vozilo i pove\u017ei mamu na stra\u017enji dio za jo\u0161 vi\u0161e igre. <\/p>\n<p>Za igru nisu potrebne baterije.<\/p>\n<p>Dob: 12 mjeseci+<\/p>\n","protected":false},"excerpt":{"rendered":"<p>Igra\u010dka ima vi\u0161e funkcija<br \/>\nZa igru nisu potrebne baterije<br \/>\nDob: 12 mjeseci+<\/p>\n","protected":false},"featured_media":39494,"template":"","meta":{"_seopress_robots_primary_cat":"","_seopress_titles_title":"","_seopress_titles_desc":"","_seopress_robots_index":"","iawp_total_views":0},"product_brand":[487],"product_cat":[221,291],"product_tag":[],"class_list":{"0":"post-39493","1":"product","2":"type-product","3":"status-publish","4":"has-post-thumbnail","6":"product_brand-tomy","7":"product_cat-igracke","8":"product_cat-igracke-za-djecu-221","10":"first","11":"instock","12":"shipping-taxable","13":"purchasable","14":"product-type-simple"},"_links":{"self":[{"href":"https:\/\/singuli.wpress.me\/index.php\/wp-json\/wp\/v2\/product\/39493","targetHints":{"allow":["GET"]}}],"collection":[{"href":"https:\/\/singuli.wpress.me\/index.php\/wp-json\/wp\/v2\/product"}],"about":[{"href":"https:\/\/singuli.wpress.me\/index.php\/wp-json\/wp\/v2\/types\/product"}],"version-history":[{"count":0,"href":"https:\/\/singuli.wpress.me\/index.php\/wp-json\/wp\/v2\/product\/39493\/revisions"}],"wp:featuredmedia":[{"embeddable":true,"href":"https:\/\/singuli.wpress.me\/index.php\/wp-json\/wp\/v2\/media\/39494"}],"wp:attachment":[{"href":"https:\/\/singuli.wpress.me\/index.php\/wp-json\/wp\/v2\/media?parent=39493"}],"wp:term":[{"taxonomy":"product_brand","embeddable":true,"href":"https:\/\/singuli.wpress.me\/index.php\/wp-json\/wp\/v2\/product_brand?post=39493"},{"taxonomy":"product_cat","embeddable":true,"href":"https:\/\/singuli.wpress.me\/index.php\/wp-json\/wp\/v2\/product_cat?post=39493"},{"taxonomy":"product_tag","embeddable":true,"href":"https:\/\/singuli.wpress.me\/index.php\/wp-json\/wp\/v2\/product_tag?post=39493"}],"curies":[{"name":"wp","href":"https:\/\/api.w.org\/{rel}","templated":true}]}}