{"id":39501,"date":"2026-04-19T02:24:47","date_gmt":"2026-04-19T02:24:47","guid":{"rendered":"https:\/\/singuli.wpress.me\/index.php\/proizvod\/always-maxi-secure-night-higijenski-ulosci-6-kom\/"},"modified":"2026-04-20T12:33:28","modified_gmt":"2026-04-20T12:33:28","slug":"always-maxi-secure-night-higijenski-ulosci-6-kom","status":"publish","type":"product","link":"https:\/\/singuli.wpress.me\/index.php\/proizvod\/always-maxi-secure-night-higijenski-ulosci-6-kom\/","title":{"rendered":"ALWAYS Maxi Secure Night, higijenski ulo\u0161ci, 6\u00a0kom"},"content":{"rendered":"<p>Higijenski ulo\u0161ci Always Maxi Night pru\u017eaju vam odli\u010dnu za\u0161titu i udobnost kad vam je to najpotrebnije! Higijenski ulo\u017eak Always Maxi Night debeli je higijenski ulo\u017eak koji pru\u017ea do 100% za\u0161tite zahvaljuju\u0107i barijerama protiv propu\u0161tanja du\u017e \u010ditavog ulo\u0161ka i dodatnoj upijaju\u0107oj zoni core+ u sredi\u0161tu.Za vi\u0161e informacija o na\u0161im proizvodima posjetite na\u0161u internetsku stranicu.<\/p>\n","protected":false},"excerpt":{"rendered":"<p>Jezgra brzo upija teku\u0107inu i zadr\u017eava je daleko od ko\u017ee<br \/>\nBo\u010dna za\u0161tita SecureGuard pru\u017ea dodatan osje\u0107aj sigurnosti<br \/>\nDermatolo\u0161ki provjereno<\/p>\n","protected":false},"featured_media":39502,"template":"","meta":{"_seopress_robots_primary_cat":"","_seopress_titles_title":"","_seopress_titles_desc":"","_seopress_robots_index":"","iawp_total_views":0},"product_brand":[449],"product_cat":[211,288],"product_tag":[],"class_list":{"0":"post-39501","1":"product","2":"type-product","3":"status-publish","4":"has-post-thumbnail","6":"product_brand-always","7":"product_cat-njega-majke-i-djeteta","8":"product_cat-zenska-higijena-211","10":"first","11":"outofstock","12":"shipping-taxable","13":"purchasable","14":"product-type-simple"},"_links":{"self":[{"href":"https:\/\/singuli.wpress.me\/index.php\/wp-json\/wp\/v2\/product\/39501","targetHints":{"allow":["GET"]}}],"collection":[{"href":"https:\/\/singuli.wpress.me\/index.php\/wp-json\/wp\/v2\/product"}],"about":[{"href":"https:\/\/singuli.wpress.me\/index.php\/wp-json\/wp\/v2\/types\/product"}],"version-history":[{"count":0,"href":"https:\/\/singuli.wpress.me\/index.php\/wp-json\/wp\/v2\/product\/39501\/revisions"}],"wp:featuredmedia":[{"embeddable":true,"href":"https:\/\/singuli.wpress.me\/index.php\/wp-json\/wp\/v2\/media\/39502"}],"wp:attachment":[{"href":"https:\/\/singuli.wpress.me\/index.php\/wp-json\/wp\/v2\/media?parent=39501"}],"wp:term":[{"taxonomy":"product_brand","embeddable":true,"href":"https:\/\/singuli.wpress.me\/index.php\/wp-json\/wp\/v2\/product_brand?post=39501"},{"taxonomy":"product_cat","embeddable":true,"href":"https:\/\/singuli.wpress.me\/index.php\/wp-json\/wp\/v2\/product_cat?post=39501"},{"taxonomy":"product_tag","embeddable":true,"href":"https:\/\/singuli.wpress.me\/index.php\/wp-json\/wp\/v2\/product_tag?post=39501"}],"curies":[{"name":"wp","href":"https:\/\/api.w.org\/{rel}","templated":true}]}}