{"id":39503,"date":"2026-04-19T02:24:50","date_gmt":"2026-04-19T02:24:50","guid":{"rendered":"https:\/\/singuli.wpress.me\/index.php\/proizvod\/shell-little-joe-osvjezivac-za-auto-royal-tea\/"},"modified":"2026-04-20T12:33:28","modified_gmt":"2026-04-20T12:33:28","slug":"shell-little-joe-osvjezivac-za-auto-royal-tea","status":"publish","type":"product","link":"https:\/\/singuli.wpress.me\/index.php\/proizvod\/shell-little-joe-osvjezivac-za-auto-royal-tea\/","title":{"rendered":"SHELL Little Joe, osvje\u017eiva\u010d za auto, royal tea"},"content":{"rendered":"<p>Osvje\u017eiva\u010d za auto, izuzetno dugotrajan, osvje\u017eava prostor \u010dak do 45 dana.<\/p>\n","protected":false},"excerpt":{"rendered":"<p>Osvje\u017eiva\u010d za auto<br \/>\nDugotrajan<br \/>\nOsvje\u017eava prostor do 45 dana<\/p>\n","protected":false},"featured_media":39504,"template":"","meta":{"_seopress_robots_primary_cat":"","_seopress_titles_title":"","_seopress_titles_desc":"","_seopress_robots_index":"","iawp_total_views":0},"product_brand":[326],"product_cat":[243,273],"product_tag":[],"class_list":{"0":"post-39503","1":"product","2":"type-product","3":"status-publish","4":"has-post-thumbnail","6":"product_brand-shell","7":"product_cat-automobili-i-motori","8":"product_cat-njega-vozila-243","10":"first","11":"outofstock","12":"shipping-taxable","13":"purchasable","14":"product-type-simple"},"_links":{"self":[{"href":"https:\/\/singuli.wpress.me\/index.php\/wp-json\/wp\/v2\/product\/39503","targetHints":{"allow":["GET"]}}],"collection":[{"href":"https:\/\/singuli.wpress.me\/index.php\/wp-json\/wp\/v2\/product"}],"about":[{"href":"https:\/\/singuli.wpress.me\/index.php\/wp-json\/wp\/v2\/types\/product"}],"version-history":[{"count":0,"href":"https:\/\/singuli.wpress.me\/index.php\/wp-json\/wp\/v2\/product\/39503\/revisions"}],"wp:featuredmedia":[{"embeddable":true,"href":"https:\/\/singuli.wpress.me\/index.php\/wp-json\/wp\/v2\/media\/39504"}],"wp:attachment":[{"href":"https:\/\/singuli.wpress.me\/index.php\/wp-json\/wp\/v2\/media?parent=39503"}],"wp:term":[{"taxonomy":"product_brand","embeddable":true,"href":"https:\/\/singuli.wpress.me\/index.php\/wp-json\/wp\/v2\/product_brand?post=39503"},{"taxonomy":"product_cat","embeddable":true,"href":"https:\/\/singuli.wpress.me\/index.php\/wp-json\/wp\/v2\/product_cat?post=39503"},{"taxonomy":"product_tag","embeddable":true,"href":"https:\/\/singuli.wpress.me\/index.php\/wp-json\/wp\/v2\/product_tag?post=39503"}],"curies":[{"name":"wp","href":"https:\/\/api.w.org\/{rel}","templated":true}]}}