{"id":39509,"date":"2026-04-19T02:24:52","date_gmt":"2026-04-19T02:24:52","guid":{"rendered":"https:\/\/singuli.wpress.me\/index.php\/proizvod\/helix-hx7-10w40-sn-motorno-ulje-za-osobna-vozila-4x4l-16-l\/"},"modified":"2026-04-20T12:33:28","modified_gmt":"2026-04-20T12:33:28","slug":"helix-hx7-10w40-sn-motorno-ulje-za-osobna-vozila-4x4l-16-l","status":"publish","type":"product","link":"https:\/\/singuli.wpress.me\/index.php\/proizvod\/helix-hx7-10w40-sn-motorno-ulje-za-osobna-vozila-4x4l-16-l\/","title":{"rendered":"HELIX HX7 10W40 SN+, motorno ulje za osobna vozila, 4x4l, 16\u00a0l"},"content":{"rendered":"<p>Shell Helix HX7 10W40 SN+ je motorno ulje sinteti\u010dke tehnologije \u2013 poma\u017ee u odr\u017eavanju \u010disto\u0107e i u\u010dinkovitost rada motora.<\/p>\n<p>Specifikacija: API SN+, API SN, ACEA A3\/B4, MB-Approval 229.3, VW Standard 501.01, 505.00, Renault RN 0700, RN 0710.<\/p>\n","protected":false},"excerpt":{"rendered":"<p>Motorno ulje sinteti\u010dke tehnologije<br \/>\nAktivno \u0161titi od stvaranja \u0161tetnih naslaga<br \/>\nIzvrsna za\u0161tita od tro\u0161enja<\/p>\n","protected":false},"featured_media":39510,"template":"","meta":{"_seopress_robots_primary_cat":"","_seopress_titles_title":"","_seopress_titles_desc":"","_seopress_robots_index":"","iawp_total_views":0},"product_brand":[398],"product_cat":[243,272],"product_tag":[],"class_list":{"0":"post-39509","1":"product","2":"type-product","3":"status-publish","4":"has-post-thumbnail","6":"product_brand-helix","7":"product_cat-automobili-i-motori","8":"product_cat-motorna-ulja-243","10":"first","11":"outofstock","12":"shipping-taxable","13":"purchasable","14":"product-type-simple"},"_links":{"self":[{"href":"https:\/\/singuli.wpress.me\/index.php\/wp-json\/wp\/v2\/product\/39509","targetHints":{"allow":["GET"]}}],"collection":[{"href":"https:\/\/singuli.wpress.me\/index.php\/wp-json\/wp\/v2\/product"}],"about":[{"href":"https:\/\/singuli.wpress.me\/index.php\/wp-json\/wp\/v2\/types\/product"}],"version-history":[{"count":0,"href":"https:\/\/singuli.wpress.me\/index.php\/wp-json\/wp\/v2\/product\/39509\/revisions"}],"wp:featuredmedia":[{"embeddable":true,"href":"https:\/\/singuli.wpress.me\/index.php\/wp-json\/wp\/v2\/media\/39510"}],"wp:attachment":[{"href":"https:\/\/singuli.wpress.me\/index.php\/wp-json\/wp\/v2\/media?parent=39509"}],"wp:term":[{"taxonomy":"product_brand","embeddable":true,"href":"https:\/\/singuli.wpress.me\/index.php\/wp-json\/wp\/v2\/product_brand?post=39509"},{"taxonomy":"product_cat","embeddable":true,"href":"https:\/\/singuli.wpress.me\/index.php\/wp-json\/wp\/v2\/product_cat?post=39509"},{"taxonomy":"product_tag","embeddable":true,"href":"https:\/\/singuli.wpress.me\/index.php\/wp-json\/wp\/v2\/product_tag?post=39509"}],"curies":[{"name":"wp","href":"https:\/\/api.w.org\/{rel}","templated":true}]}}