{"id":39515,"date":"2026-04-19T02:24:53","date_gmt":"2026-04-19T02:24:53","guid":{"rendered":"https:\/\/singuli.wpress.me\/index.php\/proizvod\/uhu-twist-glue-univerzalno-ljepilo-35-ml\/"},"modified":"2026-04-21T00:27:00","modified_gmt":"2026-04-21T00:27:00","slug":"uhu-twist-glue-univerzalno-ljepilo-35-ml","status":"publish","type":"product","link":"https:\/\/singuli.wpress.me\/index.php\/proizvod\/uhu-twist-glue-univerzalno-ljepilo-35-ml\/","title":{"rendered":"UHU Twist &amp; Glue, univerzalno ljepilo, 35\u00a0ml"},"content":{"rendered":"<p>UHU Twist &amp; Glue, provjereno univerzalno teku\u0107e ljepilo u mekanoj, prakti\u010dnoj bo\u010dici s jedinstvenim rotiraju\u0107im aplikatorom u tri polo\u017eaja za to\u010dkasto lijepljenje te za lijepljenje linija i povr\u0161ina. Idealan za razne upotrebe kod ku\u0107e, u \u0161koli i uredu, za izradu rukotvorina, modeliranje itd. <\/p>\n<p>Prozirno ljepilo se brzo su\u0161i i perivo je na 60 \u00b0C. <\/p>\n<p>Omogu\u0107uje jednostavno i precizno lijepljenje po narud\u017ebi.<\/p>\n","protected":false},"excerpt":{"rendered":"<p>Prozirno ljepilo se brzo su\u0161i i perivo je na 60 \u00b0C<br \/>\nOmogu\u0107uje jednostavno i precizno lijepljenje po narud\u017ebi<br \/>\nS jedinstvenim rotiraju\u0107im aplikatorom u tri polo\u017eaja<\/p>\n","protected":false},"featured_media":39516,"template":"","meta":{"_seopress_robots_primary_cat":"","_seopress_titles_title":"","_seopress_titles_desc":"","_seopress_robots_index":"","iawp_total_views":0},"product_brand":[445],"product_cat":[264,238],"product_tag":[],"class_list":{"0":"post-39515","1":"product","2":"type-product","3":"status-publish","4":"has-post-thumbnail","6":"product_brand-uhu","7":"product_cat-ljepila-i-brtvila-238","8":"product_cat-sve-za-dom","10":"first","11":"outofstock","12":"shipping-taxable","13":"purchasable","14":"product-type-simple"},"_links":{"self":[{"href":"https:\/\/singuli.wpress.me\/index.php\/wp-json\/wp\/v2\/product\/39515","targetHints":{"allow":["GET"]}}],"collection":[{"href":"https:\/\/singuli.wpress.me\/index.php\/wp-json\/wp\/v2\/product"}],"about":[{"href":"https:\/\/singuli.wpress.me\/index.php\/wp-json\/wp\/v2\/types\/product"}],"version-history":[{"count":0,"href":"https:\/\/singuli.wpress.me\/index.php\/wp-json\/wp\/v2\/product\/39515\/revisions"}],"wp:featuredmedia":[{"embeddable":true,"href":"https:\/\/singuli.wpress.me\/index.php\/wp-json\/wp\/v2\/media\/39516"}],"wp:attachment":[{"href":"https:\/\/singuli.wpress.me\/index.php\/wp-json\/wp\/v2\/media?parent=39515"}],"wp:term":[{"taxonomy":"product_brand","embeddable":true,"href":"https:\/\/singuli.wpress.me\/index.php\/wp-json\/wp\/v2\/product_brand?post=39515"},{"taxonomy":"product_cat","embeddable":true,"href":"https:\/\/singuli.wpress.me\/index.php\/wp-json\/wp\/v2\/product_cat?post=39515"},{"taxonomy":"product_tag","embeddable":true,"href":"https:\/\/singuli.wpress.me\/index.php\/wp-json\/wp\/v2\/product_tag?post=39515"}],"curies":[{"name":"wp","href":"https:\/\/api.w.org\/{rel}","templated":true}]}}