{"id":39519,"date":"2026-04-19T02:24:54","date_gmt":"2026-04-19T02:24:54","guid":{"rendered":"https:\/\/singuli.wpress.me\/index.php\/proizvod\/natureta-ajvar-domaci-slatki-290-g\/"},"modified":"2026-04-21T00:27:00","modified_gmt":"2026-04-21T00:27:00","slug":"natureta-ajvar-domaci-slatki-290-g","status":"publish","type":"product","link":"https:\/\/singuli.wpress.me\/index.php\/proizvod\/natureta-ajvar-domaci-slatki-290-g\/","title":{"rendered":"NATURETA, ajvar, doma\u0107i slatki, 290\u00a0g"},"content":{"rendered":"<p>\u010cuveni ajvar neizostavan je gost svakog piknika. <\/p>\n<p>Natureta jam\u010di izvrstan okus uz provjerenu doma\u0107u recepturu temeljenu na dugogodi\u0161njoj tradiciji. <\/p>\n<p>Posebnost na\u0161eg blagog ajvara je i visok udio dijetalnih vlakana, zbog \u010dega je dobio za\u0161titni znak za hranu<\/p>\n","protected":false},"excerpt":{"rendered":"<p>Doma\u0107i slatki ajvar<br \/>\nIzvrstan okus<br \/>\nDoma\u0107a receptura<\/p>\n","protected":false},"featured_media":39520,"template":"","meta":{"_seopress_robots_primary_cat":"","_seopress_titles_title":"","_seopress_titles_desc":"","_seopress_robots_index":"","iawp_total_views":0},"product_brand":[811],"product_cat":[261,299],"product_tag":[],"class_list":{"0":"post-39519","1":"product","2":"type-product","3":"status-publish","4":"has-post-thumbnail","6":"product_brand-natureta","7":"product_cat-hrana-i-pice","8":"product_cat-konzervirana-i-gotova-hrana-261","10":"first","11":"outofstock","12":"shipping-taxable","13":"purchasable","14":"product-type-simple"},"_links":{"self":[{"href":"https:\/\/singuli.wpress.me\/index.php\/wp-json\/wp\/v2\/product\/39519","targetHints":{"allow":["GET"]}}],"collection":[{"href":"https:\/\/singuli.wpress.me\/index.php\/wp-json\/wp\/v2\/product"}],"about":[{"href":"https:\/\/singuli.wpress.me\/index.php\/wp-json\/wp\/v2\/types\/product"}],"version-history":[{"count":0,"href":"https:\/\/singuli.wpress.me\/index.php\/wp-json\/wp\/v2\/product\/39519\/revisions"}],"wp:featuredmedia":[{"embeddable":true,"href":"https:\/\/singuli.wpress.me\/index.php\/wp-json\/wp\/v2\/media\/39520"}],"wp:attachment":[{"href":"https:\/\/singuli.wpress.me\/index.php\/wp-json\/wp\/v2\/media?parent=39519"}],"wp:term":[{"taxonomy":"product_brand","embeddable":true,"href":"https:\/\/singuli.wpress.me\/index.php\/wp-json\/wp\/v2\/product_brand?post=39519"},{"taxonomy":"product_cat","embeddable":true,"href":"https:\/\/singuli.wpress.me\/index.php\/wp-json\/wp\/v2\/product_cat?post=39519"},{"taxonomy":"product_tag","embeddable":true,"href":"https:\/\/singuli.wpress.me\/index.php\/wp-json\/wp\/v2\/product_tag?post=39519"}],"curies":[{"name":"wp","href":"https:\/\/api.w.org\/{rel}","templated":true}]}}