{"id":39523,"date":"2026-04-19T02:24:55","date_gmt":"2026-04-19T02:24:55","guid":{"rendered":"https:\/\/singuli.wpress.me\/index.php\/proizvod\/spirax-s2-g-80w90-mjenjacko-ulje-20-l\/"},"modified":"2026-04-21T00:27:00","modified_gmt":"2026-04-21T00:27:00","slug":"spirax-s2-g-80w90-mjenjacko-ulje-20-l","status":"publish","type":"product","link":"https:\/\/singuli.wpress.me\/index.php\/proizvod\/spirax-s2-g-80w90-mjenjacko-ulje-20-l\/","title":{"rendered":"SPIRAX S2 G 80W90, mjenja\u010dko ulje, 20\u00a0l"},"content":{"rendered":"<p>Visokokvalitetno API GL-4 ulje za ru\u010dne mjenja\u010de i zup\u010daste prijenose. To je automobilsko mjenja\u010dko ulje koje sadr\u017ei vi\u0161enamjenske aditive nu\u017ene za umjereno te\u0161ke uvjete rada. Glavne karakteristike tog ulja su da slu\u017ei za podmazivanje raznih komponenti zahvaljuju\u0107i posebno odabranim aditivima koji pru\u017eaju dobru za\u0161titu od tro\u0161enja i korozije te oksidacijsku stabilnost. Tu se isti\u010de primjena za odli\u010dno podmazivanje ru\u010dnih mjenja\u010da motocikala, osobnih automobila i komercijalnih vozila (cestovni i terenski uvjeti) koja rade pod visoka brzina\/malo optere\u0107enje i mala brzina\/veliko optere\u0107enje uvjetima. Tako\u0111er pogodno je za sinkronizirane mjenja\u010de. Nije prikladno za te\u0161ko optere\u0107ene hipoidne sustave.<\/p>\n<p>Specifikacija: API: GL-4.<\/p>\n","protected":false},"excerpt":{"rendered":"<p>Podmazivanje raznih komponenti<br \/>\nGlavna primjena je za ru\u010dne mjenja\u010de motocikala, osobnih automobila i komercijalna vozila koja rade pod odre\u0111enim uvjetima<br \/>\nAPI GL-4 ulje za ru\u010dne mjenja\u010de i zup\u010daste prijenose<\/p>\n","protected":false},"featured_media":39524,"template":"","meta":{"_seopress_robots_primary_cat":"","_seopress_titles_title":"","_seopress_titles_desc":"","_seopress_robots_index":"","iawp_total_views":0},"product_brand":[371],"product_cat":[243,276],"product_tag":[],"class_list":{"0":"post-39523","1":"product","2":"type-product","3":"status-publish","4":"has-post-thumbnail","6":"product_brand-spirax","7":"product_cat-automobili-i-motori","8":"product_cat-industrijska-i-specijalna-ulja-243","10":"first","11":"instock","12":"shipping-taxable","13":"purchasable","14":"product-type-simple"},"_links":{"self":[{"href":"https:\/\/singuli.wpress.me\/index.php\/wp-json\/wp\/v2\/product\/39523","targetHints":{"allow":["GET"]}}],"collection":[{"href":"https:\/\/singuli.wpress.me\/index.php\/wp-json\/wp\/v2\/product"}],"about":[{"href":"https:\/\/singuli.wpress.me\/index.php\/wp-json\/wp\/v2\/types\/product"}],"version-history":[{"count":0,"href":"https:\/\/singuli.wpress.me\/index.php\/wp-json\/wp\/v2\/product\/39523\/revisions"}],"wp:featuredmedia":[{"embeddable":true,"href":"https:\/\/singuli.wpress.me\/index.php\/wp-json\/wp\/v2\/media\/39524"}],"wp:attachment":[{"href":"https:\/\/singuli.wpress.me\/index.php\/wp-json\/wp\/v2\/media?parent=39523"}],"wp:term":[{"taxonomy":"product_brand","embeddable":true,"href":"https:\/\/singuli.wpress.me\/index.php\/wp-json\/wp\/v2\/product_brand?post=39523"},{"taxonomy":"product_cat","embeddable":true,"href":"https:\/\/singuli.wpress.me\/index.php\/wp-json\/wp\/v2\/product_cat?post=39523"},{"taxonomy":"product_tag","embeddable":true,"href":"https:\/\/singuli.wpress.me\/index.php\/wp-json\/wp\/v2\/product_tag?post=39523"}],"curies":[{"name":"wp","href":"https:\/\/api.w.org\/{rel}","templated":true}]}}