{"id":39527,"date":"2026-04-19T02:24:56","date_gmt":"2026-04-19T02:24:56","guid":{"rendered":"https:\/\/singuli.wpress.me\/index.php\/proizvod\/lavazza-kava-u-zrnu-kafa-500-g\/"},"modified":"2026-04-21T00:27:00","modified_gmt":"2026-04-21T00:27:00","slug":"lavazza-kava-u-zrnu-kafa-500-g","status":"publish","type":"product","link":"https:\/\/singuli.wpress.me\/index.php\/proizvod\/lavazza-kava-u-zrnu-kafa-500-g\/","title":{"rendered":"LAVAZZA, kava u zrnu, Kafa, 500\u00a0g"},"content":{"rendered":"<p>Dan po\u010dinje dobrom kavom. Lavazza kavom. Svje\u017ee samljevena do savr\u0161enog espressa u udobnosti va\u0161eg doma ili ureda.<\/p>\n<p>Brend Lavazza sinonim je za poznati talijanski espresso. Uz vi\u0161e od stotinu godina tradicije, cilj im je kvalitetnu i aromati\u010dnu kavu pro\u0161iriti svijetom. Proces proizvodnje je pa\u017eljivo kontroliran, uz odabir najkvalitetnijih zrna kave. Zahvaljuju\u0107i posebnom pakiranju, kava zadr\u017eava svoj jedinstveni okus i autenti\u010dnu aromu.<\/p>\n<p>S notama datulje, meda i tre\u0161nje, Lavazza Kafa Forest Coffee sadr\u017ei 100% Arabice idealna je za expresso. Kava karaktera, intenzivne cvjetne arome i prepoznatljivog naknadnog okusa meda i datulja, s notama zrelih vi\u0161anja. Iz srca etiopske \u0161ume<br \/>\nKafa je jedna od najfinijih kava na svijetu, jer potje\u010de od prvih biljaka kave od kojih su potekle sve ostale. Dolazi iz etiopske \u0161ume, gdje kava raste spontano uz minimalnu intervenciju stanovnika regije. Oni samo prenose, s koljena na koljeno, tajnu kako sa\u010duvati ove vrijedne biljke i ubrati njihove dragocjene plodove. Berba se obavlja ru\u010dno nakon pa\u017eljivog odabira, a su\u0161enje se odvija prirodno na suncu<\/p>\n<p>Zna\u010dajke:<br \/>\n&#8211; Sastav: 100% Arabica<br \/>\n&#8211; Aroma: datulja, med, tre\u0161nja<br \/>\n&#8211; Okus: aromati\u010dan<br \/>\n&#8211; Pr\u017eenje: srednje tamno<\/p>\n<p>Za\u0161to Espresso Lavazza:<br \/>\n&#8211; ekolo\u0161ki: manje plastike i otpadne ambala\u017ee (npr. kapsule)<br \/>\n&#8211; svje\u017eina: kontinuirano mljevenje zrna<br \/>\n&#8211; \u0161irok izbor Lavazza okusa<br \/>\n&#8211; veliki izbor (automatskih) aparata za kavu razli\u010ditih proizvo\u0111a\u010da<\/p>\n<p>Savjet: Kako biste osigurali svje\u017einu va\u0161e Lavazza kave, preporu\u010duje se takozvano &quot;zra\u010dno zatvoreno&quot; skladi\u0161tenje. Tako \u0107ete dugo u\u017eivati u kvaliteti i svje\u017eini koju nudi Lavazza.<\/p>\n<p>Lavazza &#8211; odr\u017eiva obrada<\/p>\n<p>Poznavanje proizvoda, odr\u017eivost i inovativnost vrijednosti su izra\u017eene u svakoj od 27 milijardi Lavazza \u0161alica za espresso koje se svake godine poslu\u017euju diljem svijeta. Njihov cilj je zadovoljiti ukus svih ljubitelja kave pru\u017eaju\u0107i pravi spoj tradicije i inovacije.<\/p>\n<p>Vi\u0161e od 120 godina Lavazza slijedi viziju koja se temelji na strasti za posao, za proizvod i za zemlju u kojoj djeluje. Lavazzin na\u010din poslovanja primjer je odr\u017eivosti u punom smislu te rije\u010di. To je kvaliteta koju su izgradili i podijelili sa svim ljudima koji su uklju\u010deni u proizvodnju kave od po\u010detka do kraja. Vi\u0161e od deset godina izravno sudjeluju i doprinose odr\u017eivim projektima potpore lokalnim zajednicama u Srednjoj i Ju\u017enoj Americi, Africi i Aziji te poma\u017eu malim proizvo\u0111a\u010dima kave programima za unapre\u0111enje lokalnog gospodarstva, \u017eivota u zajednici (\u0161kola, posao). uvjetima) i za\u0161tite okoli\u0161a. To su kvalitete po kojima je tvrtka prepoznatljiva u svijetu, ne samo zbog proizvodnje vrhunske kave, ve\u0107 i zbog pristupa radu i dru\u0161tvenog anga\u017emana<\/p>\n","protected":false},"excerpt":{"rendered":"<p>100% Arabice<br \/>\nAroma: datulja, med i tre\u0161nja<br \/>\nOkus: aromati\u010dan<\/p>\n","protected":false},"featured_media":39528,"template":"","meta":{"_seopress_robots_primary_cat":"","_seopress_titles_title":"","_seopress_titles_desc":"","_seopress_robots_index":"","iawp_total_views":0},"product_brand":[393],"product_cat":[261,275],"product_tag":[],"class_list":{"0":"post-39527","1":"product","2":"type-product","3":"status-publish","4":"has-post-thumbnail","6":"product_brand-lavazza","7":"product_cat-hrana-i-pice","8":"product_cat-kava-i-cajevi-261","10":"first","11":"instock","12":"shipping-taxable","13":"purchasable","14":"product-type-simple"},"_links":{"self":[{"href":"https:\/\/singuli.wpress.me\/index.php\/wp-json\/wp\/v2\/product\/39527","targetHints":{"allow":["GET"]}}],"collection":[{"href":"https:\/\/singuli.wpress.me\/index.php\/wp-json\/wp\/v2\/product"}],"about":[{"href":"https:\/\/singuli.wpress.me\/index.php\/wp-json\/wp\/v2\/types\/product"}],"version-history":[{"count":0,"href":"https:\/\/singuli.wpress.me\/index.php\/wp-json\/wp\/v2\/product\/39527\/revisions"}],"wp:featuredmedia":[{"embeddable":true,"href":"https:\/\/singuli.wpress.me\/index.php\/wp-json\/wp\/v2\/media\/39528"}],"wp:attachment":[{"href":"https:\/\/singuli.wpress.me\/index.php\/wp-json\/wp\/v2\/media?parent=39527"}],"wp:term":[{"taxonomy":"product_brand","embeddable":true,"href":"https:\/\/singuli.wpress.me\/index.php\/wp-json\/wp\/v2\/product_brand?post=39527"},{"taxonomy":"product_cat","embeddable":true,"href":"https:\/\/singuli.wpress.me\/index.php\/wp-json\/wp\/v2\/product_cat?post=39527"},{"taxonomy":"product_tag","embeddable":true,"href":"https:\/\/singuli.wpress.me\/index.php\/wp-json\/wp\/v2\/product_tag?post=39527"}],"curies":[{"name":"wp","href":"https:\/\/api.w.org\/{rel}","templated":true}]}}