{"id":39539,"date":"2026-04-19T02:24:58","date_gmt":"2026-04-19T02:24:58","guid":{"rendered":"https:\/\/singuli.wpress.me\/index.php\/proizvod\/john-deere-hy-gard-hidraulicko-ulje-20-l\/"},"modified":"2026-04-20T12:33:28","modified_gmt":"2026-04-20T12:33:28","slug":"john-deere-hy-gard-hidraulicko-ulje-20-l","status":"publish","type":"product","link":"https:\/\/singuli.wpress.me\/index.php\/proizvod\/john-deere-hy-gard-hidraulicko-ulje-20-l\/","title":{"rendered":"JOHN DEERE Hy-Gard, hidrauli\u010dko ulje, 20\u00a0l"},"content":{"rendered":"<p>John Deere Hy-Gard je visokokvalitetno univerzalno ulje za hidrauli\u010dne sustave i mjenja\u010de, razvijeno za pouzdano i dugotrajno podmazivanje u najzahtjevnijim radnim uvjetima tijekom cijele godine. Osigurava izvrsnu za\u0161titu od tro\u0161enja, talo\u017eenja i oksidacije te produljuje vijek trajanja komponenti, uklju\u010duju\u0107i spojke i ko\u010dnice u sustavima s mokrim ko\u010dnicama.<\/p>\n","protected":false},"excerpt":{"rendered":"<p>Optimizirano za mokre ko\u010dnice i spojke<br \/>\nVrhunska cjelogodi\u0161nja za\u0161tita<br \/>\nProduljen radni vijek komponenti<\/p>\n","protected":false},"featured_media":39540,"template":"","meta":{"_seopress_robots_primary_cat":"","_seopress_titles_title":"","_seopress_titles_desc":"","_seopress_robots_index":"","iawp_total_views":0},"product_brand":[822],"product_cat":[243,276],"product_tag":[],"class_list":{"0":"post-39539","1":"product","2":"type-product","3":"status-publish","4":"has-post-thumbnail","6":"product_brand-john-deere","7":"product_cat-automobili-i-motori","8":"product_cat-industrijska-i-specijalna-ulja-243","10":"first","11":"instock","12":"shipping-taxable","13":"purchasable","14":"product-type-simple"},"_links":{"self":[{"href":"https:\/\/singuli.wpress.me\/index.php\/wp-json\/wp\/v2\/product\/39539","targetHints":{"allow":["GET"]}}],"collection":[{"href":"https:\/\/singuli.wpress.me\/index.php\/wp-json\/wp\/v2\/product"}],"about":[{"href":"https:\/\/singuli.wpress.me\/index.php\/wp-json\/wp\/v2\/types\/product"}],"version-history":[{"count":0,"href":"https:\/\/singuli.wpress.me\/index.php\/wp-json\/wp\/v2\/product\/39539\/revisions"}],"wp:featuredmedia":[{"embeddable":true,"href":"https:\/\/singuli.wpress.me\/index.php\/wp-json\/wp\/v2\/media\/39540"}],"wp:attachment":[{"href":"https:\/\/singuli.wpress.me\/index.php\/wp-json\/wp\/v2\/media?parent=39539"}],"wp:term":[{"taxonomy":"product_brand","embeddable":true,"href":"https:\/\/singuli.wpress.me\/index.php\/wp-json\/wp\/v2\/product_brand?post=39539"},{"taxonomy":"product_cat","embeddable":true,"href":"https:\/\/singuli.wpress.me\/index.php\/wp-json\/wp\/v2\/product_cat?post=39539"},{"taxonomy":"product_tag","embeddable":true,"href":"https:\/\/singuli.wpress.me\/index.php\/wp-json\/wp\/v2\/product_tag?post=39539"}],"curies":[{"name":"wp","href":"https:\/\/api.w.org\/{rel}","templated":true}]}}