{"id":39549,"date":"2026-04-19T02:25:05","date_gmt":"2026-04-19T02:25:05","guid":{"rendered":"https:\/\/singuli.wpress.me\/index.php\/proizvod\/ambi-pur-air-osvjezivac-zraka-lenor-gold-300-ml\/"},"modified":"2026-04-20T12:33:28","modified_gmt":"2026-04-20T12:33:28","slug":"ambi-pur-air-osvjezivac-zraka-lenor-gold-300-ml","status":"publish","type":"product","link":"https:\/\/singuli.wpress.me\/index.php\/proizvod\/ambi-pur-air-osvjezivac-zraka-lenor-gold-300-ml\/","title":{"rendered":"AMBI PUR AIR, osvje\u017eiva\u010d zraka, Lenor Gold, 300\u00a0ml"},"content":{"rendered":"<p>Osvje\u017eiva\u010d prostora Ambi Pur s tehnologijom Odourclear uklanja neugodne mirise, ostavljaju\u0107i za sobom lagan, svje\u017e miris. Otkrijte meko\u0107u mirisa zlatne orhideje u jedinstvenom spoju egzoti\u010dnog cvije\u0107a, unutar kojega upravo orhideja utjelovljuje gracilnu ravnote\u017eu i sklad prirode. <\/p>\n<p>Osvje\u017eiva\u010di prostora Ambi Pur u spreju nisu zapaljivi i koriste 100 % prirodni potisni plin, \u0161to ih \u010dini savr\u0161eno prikladnima za svaku prostoriju u va\u0161em domu. Isprobajte cijeli niz proizvoda Ambi Pur s jedinstvenom tehnologijom Odourclear, kao \u0161to su Ambi Purovi osvje\u017eiva\u010di tkanina i automobila. <\/p>\n<p>Tako\u0111er isprobajte elektri\u010dni osvje\u017eiva\u010d Ambi Pur 3Volution koji neprekidno uklanja neugodne mirise u trajanju do 90 dana. <\/p>\n","protected":false},"excerpt":{"rendered":"<p>Tehnoloija Odourclear pru\u017ea neprekidnu svje\u017einu te uklanja ustajao miris<br \/>\nNije zapaljiv<br \/>\n100% prirodni potisni plin<\/p>\n","protected":false},"featured_media":39550,"template":"","meta":{"_seopress_robots_primary_cat":"","_seopress_titles_title":"","_seopress_titles_desc":"","_seopress_robots_index":"","iawp_total_views":0},"product_brand":[466],"product_cat":[268,300],"product_tag":[],"class_list":{"0":"post-39549","1":"product","2":"type-product","3":"status-publish","4":"has-post-thumbnail","6":"product_brand-ambi-pur-air","7":"product_cat-kozmetika-2","8":"product_cat-njega-kose-268","10":"first","11":"outofstock","12":"shipping-taxable","13":"purchasable","14":"product-type-simple"},"_links":{"self":[{"href":"https:\/\/singuli.wpress.me\/index.php\/wp-json\/wp\/v2\/product\/39549","targetHints":{"allow":["GET"]}}],"collection":[{"href":"https:\/\/singuli.wpress.me\/index.php\/wp-json\/wp\/v2\/product"}],"about":[{"href":"https:\/\/singuli.wpress.me\/index.php\/wp-json\/wp\/v2\/types\/product"}],"version-history":[{"count":0,"href":"https:\/\/singuli.wpress.me\/index.php\/wp-json\/wp\/v2\/product\/39549\/revisions"}],"wp:featuredmedia":[{"embeddable":true,"href":"https:\/\/singuli.wpress.me\/index.php\/wp-json\/wp\/v2\/media\/39550"}],"wp:attachment":[{"href":"https:\/\/singuli.wpress.me\/index.php\/wp-json\/wp\/v2\/media?parent=39549"}],"wp:term":[{"taxonomy":"product_brand","embeddable":true,"href":"https:\/\/singuli.wpress.me\/index.php\/wp-json\/wp\/v2\/product_brand?post=39549"},{"taxonomy":"product_cat","embeddable":true,"href":"https:\/\/singuli.wpress.me\/index.php\/wp-json\/wp\/v2\/product_cat?post=39549"},{"taxonomy":"product_tag","embeddable":true,"href":"https:\/\/singuli.wpress.me\/index.php\/wp-json\/wp\/v2\/product_tag?post=39549"}],"curies":[{"name":"wp","href":"https:\/\/api.w.org\/{rel}","templated":true}]}}