{"id":39553,"date":"2026-04-19T02:25:06","date_gmt":"2026-04-19T02:25:06","guid":{"rendered":"https:\/\/singuli.wpress.me\/index.php\/proizvod\/ambi-pur-elektricni-osvjezivac-zraka-spring-awakening-starter-kit-20-ml\/"},"modified":"2026-04-20T12:33:28","modified_gmt":"2026-04-20T12:33:28","slug":"ambi-pur-elektricni-osvjezivac-zraka-spring-awakening-starter-kit-20-ml","status":"publish","type":"product","link":"https:\/\/singuli.wpress.me\/index.php\/proizvod\/ambi-pur-elektricni-osvjezivac-zraka-spring-awakening-starter-kit-20-ml\/","title":{"rendered":"AMBI PUR, elektri\u010dni osvje\u017eiva\u010d zraka, Spring Awakening, Starter kit, 20\u00a0ml"},"content":{"rendered":"<p>Ulo\u017eak za elektri\u010dni osvje\u017eiva\u010d zraka Ambi Pur zahvaljuju\u0107i tehnologiji Odourclear tako\u0111er neutralizira neugodne mirise koji se znaju zadr\u017eavati u prostoru. Svje\u017e miris traje i do 80 dana kada se osvje\u017eiva\u010d upotrebljava 12 sati dnevno na postavci 2. Uklanja neugodne mirise i osvje\u017eava tjednima. <\/p>\n","protected":false},"excerpt":{"rendered":"<p>Traje do 80 dana kada se upotrebljava 12 sati dnevno na postavci 2<br \/>\nTehnologija Odourclear ne maskira ve\u0107 uistinu uklanja neugodne mirise<br \/>\nLagan, svje\u017e miris prolje\u0107a<\/p>\n","protected":false},"featured_media":39554,"template":"","meta":{"_seopress_robots_primary_cat":"","_seopress_titles_title":"","_seopress_titles_desc":"","_seopress_robots_index":"","iawp_total_views":0},"product_brand":[447],"product_cat":[243,272],"product_tag":[],"class_list":{"0":"post-39553","1":"product","2":"type-product","3":"status-publish","4":"has-post-thumbnail","6":"product_brand-ambi-pur","7":"product_cat-automobili-i-motori","8":"product_cat-motorna-ulja-243","10":"first","11":"outofstock","12":"shipping-taxable","13":"purchasable","14":"product-type-simple"},"_links":{"self":[{"href":"https:\/\/singuli.wpress.me\/index.php\/wp-json\/wp\/v2\/product\/39553","targetHints":{"allow":["GET"]}}],"collection":[{"href":"https:\/\/singuli.wpress.me\/index.php\/wp-json\/wp\/v2\/product"}],"about":[{"href":"https:\/\/singuli.wpress.me\/index.php\/wp-json\/wp\/v2\/types\/product"}],"version-history":[{"count":0,"href":"https:\/\/singuli.wpress.me\/index.php\/wp-json\/wp\/v2\/product\/39553\/revisions"}],"wp:featuredmedia":[{"embeddable":true,"href":"https:\/\/singuli.wpress.me\/index.php\/wp-json\/wp\/v2\/media\/39554"}],"wp:attachment":[{"href":"https:\/\/singuli.wpress.me\/index.php\/wp-json\/wp\/v2\/media?parent=39553"}],"wp:term":[{"taxonomy":"product_brand","embeddable":true,"href":"https:\/\/singuli.wpress.me\/index.php\/wp-json\/wp\/v2\/product_brand?post=39553"},{"taxonomy":"product_cat","embeddable":true,"href":"https:\/\/singuli.wpress.me\/index.php\/wp-json\/wp\/v2\/product_cat?post=39553"},{"taxonomy":"product_tag","embeddable":true,"href":"https:\/\/singuli.wpress.me\/index.php\/wp-json\/wp\/v2\/product_tag?post=39553"}],"curies":[{"name":"wp","href":"https:\/\/api.w.org\/{rel}","templated":true}]}}