{"id":39557,"date":"2026-04-19T02:25:13","date_gmt":"2026-04-19T02:25:13","guid":{"rendered":"https:\/\/singuli.wpress.me\/index.php\/proizvod\/fisher-price-2u1-pametan-telefon-za-sveznalice\/"},"modified":"2026-04-20T12:33:28","modified_gmt":"2026-04-20T12:33:28","slug":"fisher-price-2u1-pametan-telefon-za-sveznalice","status":"publish","type":"product","link":"https:\/\/singuli.wpress.me\/index.php\/proizvod\/fisher-price-2u1-pametan-telefon-za-sveznalice\/","title":{"rendered":"FISHER PRICE, 2u1 pametan telefon za sveznalice"},"content":{"rendered":"<p>Dijete mo\u017ee u\u017eivati u u\u010denju uz zabavu s novim Fisher-Price pametnim telefonom!<\/p>\n<p>Pomakni gore ili dolje za dva na\u010dina rada! Pritiskom na tipke s brojevima od 1 do 9 aktiviraju se brojevi, svjetla i pjesmice.<\/p>\n<p>Pomicanjem prema gore otkriva se 9 tipki s emotikonima koje imitiraju aplikacije. Njihovim pritiskom dijete \u0107e \u010duti rije\u010di i pjesmice povezane s bojama, emocijama i vremenu u\u010de\u0107i tako o svijetu koje ga okru\u017euje.<\/p>\n<p>Plavi prekida\u010d za glasno\u0107u sa strane donosi dodatnu zabavu i vje\u017ebu finih motori\u010dkih vje\u0161tina! Vi\u0161e od 75 pjesmica, zvukova, melodija i rije\u010di. Na hrvatskom i engleskom jeziku.<\/p>\n<p>Dob 9-36 mjeseci.<\/p>\n","protected":false},"excerpt":{"rendered":"<p>2 na\u010dina rada<br \/>\nNa hrvatskom i engleskom jeziku<br \/>\nDob: 9-36 mjeseci<\/p>\n","protected":false},"featured_media":39558,"template":"","meta":{"_seopress_robots_primary_cat":"","_seopress_titles_title":"","_seopress_titles_desc":"","_seopress_robots_index":"","iawp_total_views":0},"product_brand":[458],"product_cat":[221,291],"product_tag":[],"class_list":{"0":"post-39557","1":"product","2":"type-product","3":"status-publish","4":"has-post-thumbnail","6":"product_brand-fisher-price","7":"product_cat-igracke","8":"product_cat-igracke-za-djecu-221","10":"first","11":"instock","12":"shipping-taxable","13":"purchasable","14":"product-type-simple"},"_links":{"self":[{"href":"https:\/\/singuli.wpress.me\/index.php\/wp-json\/wp\/v2\/product\/39557","targetHints":{"allow":["GET"]}}],"collection":[{"href":"https:\/\/singuli.wpress.me\/index.php\/wp-json\/wp\/v2\/product"}],"about":[{"href":"https:\/\/singuli.wpress.me\/index.php\/wp-json\/wp\/v2\/types\/product"}],"version-history":[{"count":0,"href":"https:\/\/singuli.wpress.me\/index.php\/wp-json\/wp\/v2\/product\/39557\/revisions"}],"wp:featuredmedia":[{"embeddable":true,"href":"https:\/\/singuli.wpress.me\/index.php\/wp-json\/wp\/v2\/media\/39558"}],"wp:attachment":[{"href":"https:\/\/singuli.wpress.me\/index.php\/wp-json\/wp\/v2\/media?parent=39557"}],"wp:term":[{"taxonomy":"product_brand","embeddable":true,"href":"https:\/\/singuli.wpress.me\/index.php\/wp-json\/wp\/v2\/product_brand?post=39557"},{"taxonomy":"product_cat","embeddable":true,"href":"https:\/\/singuli.wpress.me\/index.php\/wp-json\/wp\/v2\/product_cat?post=39557"},{"taxonomy":"product_tag","embeddable":true,"href":"https:\/\/singuli.wpress.me\/index.php\/wp-json\/wp\/v2\/product_tag?post=39557"}],"curies":[{"name":"wp","href":"https:\/\/api.w.org\/{rel}","templated":true}]}}