{"id":39565,"date":"2026-04-19T02:25:17","date_gmt":"2026-04-19T02:25:17","guid":{"rendered":"https:\/\/singuli.wpress.me\/index.php\/proizvod\/oral-b-gum-enamel-care-fresh-mint-tekucina-za-ispiranje-usne-supljine-500-ml\/"},"modified":"2026-04-21T00:27:00","modified_gmt":"2026-04-21T00:27:00","slug":"oral-b-gum-enamel-care-fresh-mint-tekucina-za-ispiranje-usne-supljine-500-ml","status":"publish","type":"product","link":"https:\/\/singuli.wpress.me\/index.php\/proizvod\/oral-b-gum-enamel-care-fresh-mint-tekucina-za-ispiranje-usne-supljine-500-ml\/","title":{"rendered":"ORAL-B Gum &amp; Enamel Care Fresh Mint, teku\u0107ina za ispiranje usne \u0161upljine, 500\u00a0ml"},"content":{"rendered":"<p>Teku\u0107ina za ispiranje usne \u0161upljine Oral-B Gum &amp; Enamel Care s okusom svje\u017ee metvice \u0161titi desni i ja\u010da caklinu. <\/p>\n<p>Bezalkoholna teku\u0107ina za ispiranje usne \u0161upljine: za svje\u017e dah i osje\u0107aj \u010disto\u0107e. <\/p>\n<p>Klini\u010dki dokazana tehnologija.<\/p>\n","protected":false},"excerpt":{"rendered":"<p>Osvje\u017eava dah<br \/>\nPoma\u017ee u prevenciji karijesa<br \/>\nZa svje\u017e dah i osje\u0107aj \u010disto\u0107e<\/p>\n","protected":false},"featured_media":39566,"template":"","meta":{"_seopress_robots_primary_cat":"","_seopress_titles_title":"","_seopress_titles_desc":"","_seopress_robots_index":"","iawp_total_views":0},"product_brand":[423],"product_cat":[268,309],"product_tag":[],"class_list":{"0":"post-39565","1":"product","2":"type-product","3":"status-publish","4":"has-post-thumbnail","6":"product_brand-oral-b-2","7":"product_cat-kozmetika-2","8":"product_cat-oralna-higijena-268","10":"first","11":"outofstock","12":"shipping-taxable","13":"purchasable","14":"product-type-simple"},"_links":{"self":[{"href":"https:\/\/singuli.wpress.me\/index.php\/wp-json\/wp\/v2\/product\/39565","targetHints":{"allow":["GET"]}}],"collection":[{"href":"https:\/\/singuli.wpress.me\/index.php\/wp-json\/wp\/v2\/product"}],"about":[{"href":"https:\/\/singuli.wpress.me\/index.php\/wp-json\/wp\/v2\/types\/product"}],"version-history":[{"count":0,"href":"https:\/\/singuli.wpress.me\/index.php\/wp-json\/wp\/v2\/product\/39565\/revisions"}],"wp:featuredmedia":[{"embeddable":true,"href":"https:\/\/singuli.wpress.me\/index.php\/wp-json\/wp\/v2\/media\/39566"}],"wp:attachment":[{"href":"https:\/\/singuli.wpress.me\/index.php\/wp-json\/wp\/v2\/media?parent=39565"}],"wp:term":[{"taxonomy":"product_brand","embeddable":true,"href":"https:\/\/singuli.wpress.me\/index.php\/wp-json\/wp\/v2\/product_brand?post=39565"},{"taxonomy":"product_cat","embeddable":true,"href":"https:\/\/singuli.wpress.me\/index.php\/wp-json\/wp\/v2\/product_cat?post=39565"},{"taxonomy":"product_tag","embeddable":true,"href":"https:\/\/singuli.wpress.me\/index.php\/wp-json\/wp\/v2\/product_tag?post=39565"}],"curies":[{"name":"wp","href":"https:\/\/api.w.org\/{rel}","templated":true}]}}