{"id":39567,"date":"2026-04-19T02:25:17","date_gmt":"2026-04-19T02:25:17","guid":{"rendered":"https:\/\/singuli.wpress.me\/index.php\/proizvod\/games-drustvena-igra-scrabble-original\/"},"modified":"2026-04-23T00:27:41","modified_gmt":"2026-04-23T00:27:41","slug":"games-drustvena-igra-scrabble-original","status":"publish","type":"product","link":"https:\/\/singuli.wpress.me\/proizvod\/games-drustvena-igra-scrabble-original\/","title":{"rendered":"GAMES, dru\u0161tvena igra, Scrabble Original"},"content":{"rendered":"<p>Scrabble je poznata dru\u0161tvena igra koja uvijek donosi pregr\u0161t zabave!<\/p>\n<p>Izaziva igra\u010da da sla\u017ee rije\u010di koriste\u0107i plo\u010dice sa slovima od kojih svaka ima svoju vrijednost.<\/p>\n<p>Cilj igre je skupiti \u0161to vi\u0161e bodova koji se zbrajaju ovisno o vrijednosti slova koje su slo\u017eene u odgvaraju\u0107u rije\u010d.<\/p>\n<p>Rije\u010di se mogu slagati vodoravno ilil okomito.<\/p>\n<p>Za 2-4 igra\u010da<\/p>\n<p>Dob: 10+ godina<\/p>\n","protected":false},"excerpt":{"rendered":"<p>Rije\u010di se sla\u017eu vodoravno ili okomito<br \/>\nZa 2-4 igra\u010da<br \/>\nDob: 10+god<\/p>\n","protected":false},"featured_media":39568,"template":"","meta":{"_seopress_robots_primary_cat":"","_seopress_titles_title":"","_seopress_titles_desc":"","_seopress_robots_index":"","iawp_total_views":0},"product_brand":[390],"product_cat":[290,221],"product_tag":[],"class_list":{"0":"post-39567","1":"product","2":"type-product","3":"status-publish","4":"has-post-thumbnail","6":"product_brand-games","7":"product_cat-drustvene-igre-221","8":"product_cat-igracke","10":"first","11":"outofstock","12":"shipping-taxable","13":"purchasable","14":"product-type-simple"},"_links":{"self":[{"href":"https:\/\/singuli.wpress.me\/wp-json\/wp\/v2\/product\/39567","targetHints":{"allow":["GET"]}}],"collection":[{"href":"https:\/\/singuli.wpress.me\/wp-json\/wp\/v2\/product"}],"about":[{"href":"https:\/\/singuli.wpress.me\/wp-json\/wp\/v2\/types\/product"}],"version-history":[{"count":0,"href":"https:\/\/singuli.wpress.me\/wp-json\/wp\/v2\/product\/39567\/revisions"}],"wp:featuredmedia":[{"embeddable":true,"href":"https:\/\/singuli.wpress.me\/wp-json\/wp\/v2\/media\/39568"}],"wp:attachment":[{"href":"https:\/\/singuli.wpress.me\/wp-json\/wp\/v2\/media?parent=39567"}],"wp:term":[{"taxonomy":"product_brand","embeddable":true,"href":"https:\/\/singuli.wpress.me\/wp-json\/wp\/v2\/product_brand?post=39567"},{"taxonomy":"product_cat","embeddable":true,"href":"https:\/\/singuli.wpress.me\/wp-json\/wp\/v2\/product_cat?post=39567"},{"taxonomy":"product_tag","embeddable":true,"href":"https:\/\/singuli.wpress.me\/wp-json\/wp\/v2\/product_tag?post=39567"}],"curies":[{"name":"wp","href":"https:\/\/api.w.org\/{rel}","templated":true}]}}