{"id":39580,"date":"2026-04-19T02:25:24","date_gmt":"2026-04-19T02:25:24","guid":{"rendered":"https:\/\/singuli.wpress.me\/index.php\/proizvod\/old-spice-whitewater-losion-poslije-brijanja-100-ml\/"},"modified":"2026-04-21T00:27:00","modified_gmt":"2026-04-21T00:27:00","slug":"old-spice-whitewater-losion-poslije-brijanja-100-ml","status":"publish","type":"product","link":"https:\/\/singuli.wpress.me\/index.php\/proizvod\/old-spice-whitewater-losion-poslije-brijanja-100-ml\/","title":{"rendered":"OLD SPICE Whitewater, losion poslije brijanja, 100\u00a0ml"},"content":{"rendered":"<p>Losion nakon brijanja Old Spice Whitewater uzbudljiva je i osvje\u017eavaju\u0107a kolonjska voda s mu\u017eevno\u0161\u0107u Old Spicea. <\/p>\n<p>Old Spice Whitewater je \u010dist i poletan miris koji mo\u017ee\u0161 nanijeti uvijek kad se \u017eeli\u0161 osje\u0107ati svje\u017ee. Plava morska teku\u0107ina mu\u017eevnosti<\/p>\n","protected":false},"excerpt":{"rendered":"<p>Antiseptik koji poma\u017ee zacijeliti manje porezotine<br \/>\nHladi i osvje\u017eava<br \/>\nMiris mu\u017eevnosti<\/p>\n","protected":false},"featured_media":39581,"template":"","meta":{"_seopress_robots_primary_cat":"","_seopress_titles_title":"","_seopress_titles_desc":"","_seopress_robots_index":"","iawp_total_views":0},"product_brand":[448],"product_cat":[268,278],"product_tag":[],"class_list":{"0":"post-39580","1":"product","2":"type-product","3":"status-publish","4":"has-post-thumbnail","6":"product_brand-old-spice","7":"product_cat-kozmetika-2","8":"product_cat-njega-tijela-268","10":"first","11":"instock","12":"shipping-taxable","13":"purchasable","14":"product-type-simple"},"_links":{"self":[{"href":"https:\/\/singuli.wpress.me\/index.php\/wp-json\/wp\/v2\/product\/39580","targetHints":{"allow":["GET"]}}],"collection":[{"href":"https:\/\/singuli.wpress.me\/index.php\/wp-json\/wp\/v2\/product"}],"about":[{"href":"https:\/\/singuli.wpress.me\/index.php\/wp-json\/wp\/v2\/types\/product"}],"version-history":[{"count":0,"href":"https:\/\/singuli.wpress.me\/index.php\/wp-json\/wp\/v2\/product\/39580\/revisions"}],"wp:featuredmedia":[{"embeddable":true,"href":"https:\/\/singuli.wpress.me\/index.php\/wp-json\/wp\/v2\/media\/39581"}],"wp:attachment":[{"href":"https:\/\/singuli.wpress.me\/index.php\/wp-json\/wp\/v2\/media?parent=39580"}],"wp:term":[{"taxonomy":"product_brand","embeddable":true,"href":"https:\/\/singuli.wpress.me\/index.php\/wp-json\/wp\/v2\/product_brand?post=39580"},{"taxonomy":"product_cat","embeddable":true,"href":"https:\/\/singuli.wpress.me\/index.php\/wp-json\/wp\/v2\/product_cat?post=39580"},{"taxonomy":"product_tag","embeddable":true,"href":"https:\/\/singuli.wpress.me\/index.php\/wp-json\/wp\/v2\/product_tag?post=39580"}],"curies":[{"name":"wp","href":"https:\/\/api.w.org\/{rel}","templated":true}]}}