{"id":39582,"date":"2026-04-19T02:25:24","date_gmt":"2026-04-19T02:25:24","guid":{"rendered":"https:\/\/singuli.wpress.me\/index.php\/proizvod\/pampers-night-pelene-gacice-velicina-5-12-17kg-22-kom\/"},"modified":"2026-04-20T12:33:28","modified_gmt":"2026-04-20T12:33:28","slug":"pampers-night-pelene-gacice-velicina-5-12-17kg-22-kom","status":"publish","type":"product","link":"https:\/\/singuli.wpress.me\/index.php\/proizvod\/pampers-night-pelene-gacice-velicina-5-12-17kg-22-kom\/","title":{"rendered":"PAMPERS Night, pelene &#8211; ga\u0107ice, Veli\u010dina 5, 12-17kg, 22\u00a0kom"},"content":{"rendered":"<p>Pelene-ga\u0107ice Pampers Night Pants pru\u017eaju do 12 sati za\u0161tite od propu\u0161tanja sa svih strana, za miran san. To je zato \u0161to sad imaju revolucionarni d\u017eep Stop &amp; Protect koji poma\u017ee sprije\u010diti propu\u0161tanje sa stra\u017enje strane te pobolj\u0161anu jezgru koja u trenu upija vla\u017enost i pru\u017ea jo\u0161 bolju za\u0161titu tijekom no\u0107i.<\/p>\n<p>Ba\u0161 kao i vi, i Pampers stavlja sigurnost va\u0161e bebe na prvo mjesto: Pelene-ga\u0107ice Pampers Night Pants dermatolo\u0161ki su ispitane i odobrilo ih je udru\u017eenje Skin Health Alliance te sadr\u017ee 0% mirisnih alergena koje je EU izdvojila kao potencijalno opasne (prema Uredbi EU o kozmeti\u010dkim proizvodima br. 1223\/2009). \u017delite li doznati vi\u0161e o komponentama? Posjetite pampers.com.hr*u odnosu na pelene-ga\u0107ice Pampers Pants<\/p>\n","protected":false},"excerpt":{"rendered":"<p>Pru\u017eaju dodatnu za\u0161titu tijekom cijele no\u0107i<br \/>\nOja\u010dana jezgra: dodatna za\u0161tita za do 12 sati suho\u0107e<br \/>\nDermatolo\u0161ki testirano<\/p>\n","protected":false},"featured_media":39583,"template":"","meta":{"_seopress_robots_primary_cat":"","_seopress_titles_title":"","_seopress_titles_desc":"","_seopress_robots_index":"","iawp_total_views":0},"product_brand":[444],"product_cat":[211,310],"product_tag":[],"class_list":{"0":"post-39582","1":"product","2":"type-product","3":"status-publish","4":"has-post-thumbnail","6":"product_brand-pampers","7":"product_cat-njega-majke-i-djeteta","8":"product_cat-pelene-211","10":"first","11":"outofstock","12":"shipping-taxable","13":"purchasable","14":"product-type-simple"},"_links":{"self":[{"href":"https:\/\/singuli.wpress.me\/index.php\/wp-json\/wp\/v2\/product\/39582","targetHints":{"allow":["GET"]}}],"collection":[{"href":"https:\/\/singuli.wpress.me\/index.php\/wp-json\/wp\/v2\/product"}],"about":[{"href":"https:\/\/singuli.wpress.me\/index.php\/wp-json\/wp\/v2\/types\/product"}],"version-history":[{"count":0,"href":"https:\/\/singuli.wpress.me\/index.php\/wp-json\/wp\/v2\/product\/39582\/revisions"}],"wp:featuredmedia":[{"embeddable":true,"href":"https:\/\/singuli.wpress.me\/index.php\/wp-json\/wp\/v2\/media\/39583"}],"wp:attachment":[{"href":"https:\/\/singuli.wpress.me\/index.php\/wp-json\/wp\/v2\/media?parent=39582"}],"wp:term":[{"taxonomy":"product_brand","embeddable":true,"href":"https:\/\/singuli.wpress.me\/index.php\/wp-json\/wp\/v2\/product_brand?post=39582"},{"taxonomy":"product_cat","embeddable":true,"href":"https:\/\/singuli.wpress.me\/index.php\/wp-json\/wp\/v2\/product_cat?post=39582"},{"taxonomy":"product_tag","embeddable":true,"href":"https:\/\/singuli.wpress.me\/index.php\/wp-json\/wp\/v2\/product_tag?post=39582"}],"curies":[{"name":"wp","href":"https:\/\/api.w.org\/{rel}","templated":true}]}}